{"id":13575,"date":"2023-06-09T13:42:42","date_gmt":"2023-06-09T16:42:42","guid":{"rendered":"https:\/\/aptecnologia.com.ar\/new\/?post_type=product&#038;p=13575"},"modified":"2023-06-16T13:27:48","modified_gmt":"2023-06-16T16:27:48","slug":"pendrive-32g-2-0-m200r-hikvision","status":"publish","type":"product","link":"https:\/\/aptecnologia.com.ar\/new\/productos\/pendrive-32g-2-0-m200r-hikvision\/","title":{"rendered":"Pendrive 32G 2.0 M200R &#8211; HIKVISION"},"content":{"rendered":"<p>* Copia y transfiere archivos de forma r\u00e1pida y estable.<br \/>\n* Admite archivos de varios formatos.<br \/>\n* Conecta la unidad para funcionar, no se requiere red ni cable de datos.<\/p>\n","protected":false},"excerpt":{"rendered":"<p>* Tipo de tarjeta flash: USB 2.0<br \/>\n* Capacidad: 32 GB<br \/>\n* Modelo: HS-USB-M200R-32G<br \/>\n* Aumenta la capacidad de almacenamiento de los dispositivos con la interfaz USB.<br \/>\n* Peque\u00f1o en tama\u00f1o, f\u00e1cil de llevar.<\/p>\n","protected":false},"featured_media":13614,"comment_status":"open","ping_status":"closed","template":"","meta":[],"pwb-brand":[114],"product_cat":[199,149],"product_tag":[],"class_list":{"0":"post-13575","1":"product","2":"type-product","3":"status-publish","4":"has-post-thumbnail","6":"pwb-brand-hikvision","7":"product_cat-almacenamiento","8":"product_cat-pendrives","10":"first","11":"outofstock","12":"shipping-taxable","13":"purchasable","14":"product-type-simple"},"brands":[{"id":114,"name":"Hikvision","slug":"hikvision"}],"_links":{"self":[{"href":"https:\/\/aptecnologia.com.ar\/new\/wp-json\/wp\/v2\/product\/13575","targetHints":{"allow":["GET"]}}],"collection":[{"href":"https:\/\/aptecnologia.com.ar\/new\/wp-json\/wp\/v2\/product"}],"about":[{"href":"https:\/\/aptecnologia.com.ar\/new\/wp-json\/wp\/v2\/types\/product"}],"replies":[{"embeddable":true,"href":"https:\/\/aptecnologia.com.ar\/new\/wp-json\/wp\/v2\/comments?post=13575"}],"version-history":[{"count":0,"href":"https:\/\/aptecnologia.com.ar\/new\/wp-json\/wp\/v2\/product\/13575\/revisions"}],"wp:featuredmedia":[{"embeddable":true,"href":"https:\/\/aptecnologia.com.ar\/new\/wp-json\/wp\/v2\/media\/13614"}],"wp:attachment":[{"href":"https:\/\/aptecnologia.com.ar\/new\/wp-json\/wp\/v2\/media?parent=13575"}],"wp:term":[{"taxonomy":"pwb-brand","embeddable":true,"href":"https:\/\/aptecnologia.com.ar\/new\/wp-json\/wp\/v2\/pwb-brand?post=13575"},{"taxonomy":"product_cat","embeddable":true,"href":"https:\/\/aptecnologia.com.ar\/new\/wp-json\/wp\/v2\/product_cat?post=13575"},{"taxonomy":"product_tag","embeddable":true,"href":"https:\/\/aptecnologia.com.ar\/new\/wp-json\/wp\/v2\/product_tag?post=13575"}],"curies":[{"name":"wp","href":"https:\/\/api.w.org\/{rel}","templated":true}]}}