{"id":13561,"date":"2023-06-08T15:56:00","date_gmt":"2023-06-08T18:56:00","guid":{"rendered":"https:\/\/aptecnologia.com.ar\/new\/?post_type=product&#038;p=13561"},"modified":"2023-06-09T09:37:23","modified_gmt":"2023-06-09T12:37:23","slug":"mother-h610m-s2h-ddr4-lga-1700-gigabyte","status":"publish","type":"product","link":"https:\/\/aptecnologia.com.ar\/new\/productos\/mother-h610m-s2h-ddr4-lga-1700-gigabyte\/","title":{"rendered":"Mother H610M S2H DDR4 (Lga 1700) &#8211; GIGABYTE"},"content":{"rendered":"<p>Memoria<br \/>\nSoporte para m\u00f3dulos de memoria DDR4 3200\/3000\/2933\/2666\/2400\/2133 MHz<br \/>\n2 x z\u00f3calos DIMM DDR4 que admiten hasta 64 GB (32 GB de capacidad DIMM \u00fanica) de memoria del sistema<br \/>\nArquitectura de memoria de doble canal<br \/>\nCompatibilidad con m\u00f3dulos de memoria ECC SIN b\u00fafer DIMM 1Rx8\/2Rx8 (funcionan en modo no ECC)<br \/>\nCompatibilidad con m\u00f3dulos de memoria DIMM 1Rx8\/2Rx8\/1Rx16 sin b\u00fafer sin ECC<br \/>\nCompatibilidad con m\u00f3dulos de memoria Extreme Memory Profile (XMP)<br \/>\n(Consulte \u00abLista de soporte de memoria\u00bb para obtener m\u00e1s informaci\u00f3n).<\/p>\n<p>Gr\u00e1ficos Integrados<br \/>\nProcesador de gr\u00e1ficos integrado:Intel HD Graphics compatible: \u00ae<br \/>\n1 x puerto D-Sub, soportando una resoluci\u00f3n m\u00e1xima de 1920&#215;1200@60 Hz<br \/>\n1 x puerto DVI-D, que admite una resoluci\u00f3n m\u00e1xima de 1920&#215;1200@60 Hz<br \/>\n* El puerto DVI-D no admite la conexi\u00f3n D-Sub por adaptador.<br \/>\n1 x puerto HDMI, compatible con una resoluci\u00f3n m\u00e1xima de 4096&#215;2160@60 Hz<br \/>\n* Soporte para la versi\u00f3n HDMI 2.1 y HDCP 2.3.<br \/>\n** Soporta puertos nativos compatibles con HDMI 2.1 TMDS<br \/>\n1 x DisplayPort, compatible con una resoluci\u00f3n m\u00e1xima de 4096&#215;2304@60 Hz<br \/>\n* Soporte para la versi\u00f3n DisplayPort 1.2 y HDCP 2.3<br \/>\n(Las especificaciones de gr\u00e1ficos pueden variar seg\u00fan la compatibilidad con la CPU).<\/p>\n<p>Audio<br \/>\nRealtek Audio CODEC\u00ae<br \/>\nAudio de alta definici\u00f3n<br \/>\n2\/4\/5.1\/7.1 canales<br \/>\n* Para configurar el audio de 7.1 canales, debe abrir el software de audio y seleccionar Configuraci\u00f3n avanzada del dispositivo > Dispositivo de reproducci\u00f3n para cambiar primero la configuraci\u00f3n predeterminada. Visite el sitio web de GIGABYTE para obtener detalles sobre la configuraci\u00f3n del software de audio.<\/p>\n<p>LAN<br \/>\nIntel GbE LAN chip (1 Gbps\/100 Mbps)\u00ae<\/p>\n<p>Puertos de Expansi\u00f3n<br \/>\n1 x ranura PCI Express x16, que se ejecuta en x16<br \/>\n* Para un rendimiento \u00f3ptimo, si solo se va a instalar una tarjeta gr\u00e1fica PCI Express, aseg\u00farese de instalarla en la ranura PCIEX16.<br \/>\n(La ranura PCI Express x16 cumple con el est\u00e1ndar PCI Express 4.0).<br \/>\n1 x ranura PCI Express x1 (la ranura<br \/>\nPCI Express x1 cumple con el est\u00e1ndar PCI Express 3.0).<\/p>\n<p>Interfaz de Almacenamiento<br \/>\nChipset:<br \/>\n1 x conector M.2 (Socket 3, tecla M, tipo 2260\/2280 PCIe 3.0 x4\/x2 soporte SSD)<br \/>\n4 x conectores SATA 6Gb\/s<\/p>\n<p>USB<br \/>\nChipset:<br \/>\n4 puertos USB 3.2 Gen 1 (2 puertos en el panel posterior, 2 puertos disponibles a trav\u00e9s del cabezal USB interno)<br \/>\n4 x puertos USB 2.0\/1.1 en el panel posterior<br \/>\nChipset + Concentrador USB 2.0:<br \/>\n4 puertos USB 2.0\/1.1 disponibles a trav\u00e9s de los cabezales USB internos<\/p>\n<p>Conectores de E\/S internos<br \/>\n1 x conector de alimentaci\u00f3n principal ATX de 24 pines<br \/>\n1 x conector de alimentaci\u00f3n ATX de 8 pines y 12 V<br \/>\n1 x conector M.2 Socket 3<br \/>\n4 x conectores SATA 6Gb\/s<br \/>\n1 x cabezal del ventilador de la CPU<br \/>\n2 x cabezales de ventilador del sistema<br \/>\n1 x cabezal de tira LED RGB<br \/>\n1 x encabezado del panel frontal<br \/>\n1 x cabezal de audio del panel frontal<br \/>\n1 x cabezal USB 3.2 Gen 1<br \/>\n2 x cabezales USB 2.0\/1.1<br \/>\n1 x encabezado del M\u00f3dulo de plataforma segura (solo para el m\u00f3dulo GC-TPM2.0 SPI\/GC-TPM2.0 SPI 2.0)<br \/>\n1 x cabezal de puerto serie<br \/>\n1 x puente CMOS transparente<\/p>\n<p>Conectores del Panel Trasero<br \/>\n1 x puerto de teclado PS\/2<br \/>\n1 x puerto de rat\u00f3n PS\/2<br \/>\n1 x puerto D-Sub<br \/>\n1 x puerto DVI-D<br \/>\n1 x DisplayPort<br \/>\n1 x puerto HDMI 2.0<br \/>\n2 x puertos USB 3.2 Gen 1<br \/>\n4 x puertos USB 2.0\/1.1<br \/>\n1 x puerto RJ-45<br \/>\n3 x conectores de audio<\/p>\n<p>Dise\u00f1o<br \/>\nFactor de forma Micro ATX; 23,0 cm x 21,5 cm<\/p>\n","protected":false},"excerpt":{"rendered":"<p>Plataforma: Intel<br \/>\nCapacidad m\u00e1xima soportada de la memoria RAM: 64 GB<br \/>\nChipsets: H610<br \/>\nSocket: 1700<br \/>\nRanuras de expansi\u00f3n: 1 x pci express x16 slot, Running at x16;1 x pci express x1 slot<br \/>\nCon procesador: No<br \/>\nAplicaciones: PC<br \/>\nTipo de memoria RAM: DDR4<\/p>\n","protected":false},"featured_media":13569,"comment_status":"open","ping_status":"closed","template":"","meta":[],"pwb-brand":[120],"product_cat":[96,91],"product_tag":[],"class_list":{"0":"post-13561","1":"product","2":"type-product","3":"status-publish","4":"has-post-thumbnail","6":"pwb-brand-gigabyte","7":"product_cat-mothers","8":"product_cat-componentes","10":"first","11":"outofstock","12":"shipping-taxable","13":"purchasable","14":"product-type-simple"},"brands":[{"id":120,"name":"Gigabyte","slug":"gigabyte"}],"_links":{"self":[{"href":"https:\/\/aptecnologia.com.ar\/new\/wp-json\/wp\/v2\/product\/13561","targetHints":{"allow":["GET"]}}],"collection":[{"href":"https:\/\/aptecnologia.com.ar\/new\/wp-json\/wp\/v2\/product"}],"about":[{"href":"https:\/\/aptecnologia.com.ar\/new\/wp-json\/wp\/v2\/types\/product"}],"replies":[{"embeddable":true,"href":"https:\/\/aptecnologia.com.ar\/new\/wp-json\/wp\/v2\/comments?post=13561"}],"version-history":[{"count":0,"href":"https:\/\/aptecnologia.com.ar\/new\/wp-json\/wp\/v2\/product\/13561\/revisions"}],"wp:featuredmedia":[{"embeddable":true,"href":"https:\/\/aptecnologia.com.ar\/new\/wp-json\/wp\/v2\/media\/13569"}],"wp:attachment":[{"href":"https:\/\/aptecnologia.com.ar\/new\/wp-json\/wp\/v2\/media?parent=13561"}],"wp:term":[{"taxonomy":"pwb-brand","embeddable":true,"href":"https:\/\/aptecnologia.com.ar\/new\/wp-json\/wp\/v2\/pwb-brand?post=13561"},{"taxonomy":"product_cat","embeddable":true,"href":"https:\/\/aptecnologia.com.ar\/new\/wp-json\/wp\/v2\/product_cat?post=13561"},{"taxonomy":"product_tag","embeddable":true,"href":"https:\/\/aptecnologia.com.ar\/new\/wp-json\/wp\/v2\/product_tag?post=13561"}],"curies":[{"name":"wp","href":"https:\/\/api.w.org\/{rel}","templated":true}]}}