{"id":13538,"date":"2023-06-06T15:49:50","date_gmt":"2023-06-06T18:49:50","guid":{"rendered":"https:\/\/aptecnologia.com.ar\/new\/?post_type=product&#038;p=13538"},"modified":"2023-06-09T09:27:24","modified_gmt":"2023-06-09T12:27:24","slug":"disco-ssd-480gb-nq100-sata-lexar","status":"publish","type":"product","link":"https:\/\/aptecnologia.com.ar\/new\/productos\/disco-ssd-480gb-nq100-sata-lexar\/","title":{"rendered":"Disco SSD 480GB NQ100 Sata &#8211; LEXAR"},"content":{"rendered":"<p>Actualice su port\u00e1til o PC para una experiencia m\u00e1s r\u00e1pida<br \/>\nMejore el rendimiento de su sistema existente con el SSD Lexar NQ100 SATA III (6 Gb\/s) de 2,5\u2033. Esta sencilla actualizaci\u00f3n le ofrece arranques m\u00e1s r\u00e1pidos, tiempos de carga de aplicaciones y transferencias de datos con velocidades de lectura de hasta 550 MB\/s. El NQ100 SSD es resistente a golpes y vibraciones , y no cuenta con partes m\u00f3viles, lo que lo hace m\u00e1s fresco, silencioso y m\u00e1s eficiente energ\u00e9ticamente que una unidad de disco duro tradicional. Disponible en capacidades de 240 GB a 1,92 TB, el NQ100 rejuvenecer\u00e1 su port\u00e1til o de escritorio actual.<\/p>\n","protected":false},"excerpt":{"rendered":"<p>* Hasta 550MB\/s de transferencia de lectura<br \/>\n* Resistente a los golpes (1500G, duraci\u00f3n 0.5ms, media onda sinusoidal)<br \/>\n* Resistente a las vibraciones (7 ~ 800Hz, 3.08Grm, 20G, 1 Oct\/min, 30min\/eje (X,Y, Z))<br \/>\n* La capacidad real de memoria \u00fatil puede variar. 1GB equivale a 1 mil millones de bytes.<\/p>\n","protected":false},"featured_media":13567,"comment_status":"open","ping_status":"closed","template":"","meta":[],"pwb-brand":[190],"product_cat":[94,91],"product_tag":[],"class_list":{"0":"post-13538","1":"product","2":"type-product","3":"status-publish","4":"has-post-thumbnail","6":"pwb-brand-lexar","7":"product_cat-discos","8":"product_cat-componentes","10":"first","11":"instock","12":"shipping-taxable","13":"purchasable","14":"product-type-simple"},"brands":[{"id":190,"name":"Lexar","slug":"lexar"}],"_links":{"self":[{"href":"https:\/\/aptecnologia.com.ar\/new\/wp-json\/wp\/v2\/product\/13538","targetHints":{"allow":["GET"]}}],"collection":[{"href":"https:\/\/aptecnologia.com.ar\/new\/wp-json\/wp\/v2\/product"}],"about":[{"href":"https:\/\/aptecnologia.com.ar\/new\/wp-json\/wp\/v2\/types\/product"}],"replies":[{"embeddable":true,"href":"https:\/\/aptecnologia.com.ar\/new\/wp-json\/wp\/v2\/comments?post=13538"}],"version-history":[{"count":0,"href":"https:\/\/aptecnologia.com.ar\/new\/wp-json\/wp\/v2\/product\/13538\/revisions"}],"wp:featuredmedia":[{"embeddable":true,"href":"https:\/\/aptecnologia.com.ar\/new\/wp-json\/wp\/v2\/media\/13567"}],"wp:attachment":[{"href":"https:\/\/aptecnologia.com.ar\/new\/wp-json\/wp\/v2\/media?parent=13538"}],"wp:term":[{"taxonomy":"pwb-brand","embeddable":true,"href":"https:\/\/aptecnologia.com.ar\/new\/wp-json\/wp\/v2\/pwb-brand?post=13538"},{"taxonomy":"product_cat","embeddable":true,"href":"https:\/\/aptecnologia.com.ar\/new\/wp-json\/wp\/v2\/product_cat?post=13538"},{"taxonomy":"product_tag","embeddable":true,"href":"https:\/\/aptecnologia.com.ar\/new\/wp-json\/wp\/v2\/product_tag?post=13538"}],"curies":[{"name":"wp","href":"https:\/\/api.w.org\/{rel}","templated":true}]}}