{"id":13487,"date":"2023-06-05T12:02:53","date_gmt":"2023-06-05T15:02:53","guid":{"rendered":"https:\/\/aptecnologia.com.ar\/new\/?post_type=product&#038;p=13487"},"modified":"2023-06-06T10:53:31","modified_gmt":"2023-06-06T13:53:31","slug":"monitor-24-fhdvga-hdmi-philips","status":"publish","type":"product","link":"https:\/\/aptecnologia.com.ar\/new\/productos\/monitor-24-fhdvga-hdmi-philips\/","title":{"rendered":"Monitor 24&#8243; FHDVGA-HDMI &#8211; PHILIPS"},"content":{"rendered":"<p>* Tipo de panel LCD: LCD VA<br \/>\n* Tipo de retroiluminaci\u00f3n: Sistema W-LED<br \/>\n* Tama\u00f1o de panel: 60,5 cm (23,8\u201d)<br \/>\n* Revestimiento de la pantalla: Antirreflejos, 3H, Haze 25%<br \/>\n* \u00c1rea de visualizaci\u00f3n efectiva: 527 (H) x 296,5 (V)<br \/>\n* Relaci\u00f3n de aspecto: 16:9<br \/>\n* Resoluci\u00f3n m\u00e1xima: 1920 x 1080 a 75 Hz*<br \/>\n* Densidad de p\u00edxeles: 93 PPI<br \/>\n* Tiempo de respuesta (est\u00e1ndar): 4 ms (GtG)*<br \/>\n* Brillo: 250  cd\/m\u00b2<br \/>\n* Relaci\u00f3n de contraste (est\u00e1ndar): 3000:1<br \/>\n* SmartContrast: Mega Infinity DCR<br \/>\n* P\u00edxeles: 0,2745 x 0,2745 mm<br \/>\n* \u00c1ngulo de visualizaci\u00f3n: 178\u00ba (H) \/ 178\u00ba (V) a C\/R > 10<br \/>\n* Sin parpadeo: S\u00ed<br \/>\n* Colores de pantalla: 16,7 M<br \/>\n* Frecuencia de escaneo: 30 &#8211; 85 kHz (H) \/ 48 &#8211; 75 Hz (V)<br \/>\n* Modo LowBlue: S\u00ed<br \/>\n* EasyRead: S\u00ed<br \/>\n* sRGB: S\u00ed<br \/>\n* Sincronizaci\u00f3n adaptable: S\u00ed<br \/>\n* Se\u00f1al de entrada: VGA (anal\u00f3gica)- HDMI (digital, HDCP)<br \/>\n* Entrada de sincronizaci\u00f3n: Sincronizaci\u00f3n separada Sync on Green<br \/>\n* Audio (entrada\/salida): Salida de audio<\/p>\n","protected":false},"excerpt":{"rendered":"<p>El monitor panor\u00e1mico V-line de Philips ofrece una visualizaci\u00f3n m\u00e1s all\u00e1 de cualquier l\u00edmite, una excelente relaci\u00f3n calidad-precio con funciones esenciales. La tecnolog\u00eda Adaptive-Sync ofrece una visualizaci\u00f3n de video fluida. Las funciones como el modo antirreflejos, el modo LowBlue y la tecnolog\u00eda sin parpadeos reducen el cansancio de la vista.<\/p>\n","protected":false},"featured_media":13532,"comment_status":"open","ping_status":"closed","template":"","meta":[],"pwb-brand":[117],"product_cat":[81],"product_tag":[],"class_list":{"0":"post-13487","1":"product","2":"type-product","3":"status-publish","4":"has-post-thumbnail","6":"pwb-brand-philips","7":"product_cat-monitores","9":"first","10":"outofstock","11":"shipping-taxable","12":"purchasable","13":"product-type-simple"},"brands":[{"id":117,"name":"Philips","slug":"philips"}],"_links":{"self":[{"href":"https:\/\/aptecnologia.com.ar\/new\/wp-json\/wp\/v2\/product\/13487","targetHints":{"allow":["GET"]}}],"collection":[{"href":"https:\/\/aptecnologia.com.ar\/new\/wp-json\/wp\/v2\/product"}],"about":[{"href":"https:\/\/aptecnologia.com.ar\/new\/wp-json\/wp\/v2\/types\/product"}],"replies":[{"embeddable":true,"href":"https:\/\/aptecnologia.com.ar\/new\/wp-json\/wp\/v2\/comments?post=13487"}],"version-history":[{"count":0,"href":"https:\/\/aptecnologia.com.ar\/new\/wp-json\/wp\/v2\/product\/13487\/revisions"}],"wp:featuredmedia":[{"embeddable":true,"href":"https:\/\/aptecnologia.com.ar\/new\/wp-json\/wp\/v2\/media\/13532"}],"wp:attachment":[{"href":"https:\/\/aptecnologia.com.ar\/new\/wp-json\/wp\/v2\/media?parent=13487"}],"wp:term":[{"taxonomy":"pwb-brand","embeddable":true,"href":"https:\/\/aptecnologia.com.ar\/new\/wp-json\/wp\/v2\/pwb-brand?post=13487"},{"taxonomy":"product_cat","embeddable":true,"href":"https:\/\/aptecnologia.com.ar\/new\/wp-json\/wp\/v2\/product_cat?post=13487"},{"taxonomy":"product_tag","embeddable":true,"href":"https:\/\/aptecnologia.com.ar\/new\/wp-json\/wp\/v2\/product_tag?post=13487"}],"curies":[{"name":"wp","href":"https:\/\/api.w.org\/{rel}","templated":true}]}}