{"id":13443,"date":"2023-06-03T12:36:51","date_gmt":"2023-06-03T15:36:51","guid":{"rendered":"https:\/\/aptecnologia.com.ar\/new\/?post_type=product&#038;p=13443"},"modified":"2023-06-06T10:20:16","modified_gmt":"2023-06-06T13:20:16","slug":"mouse-xtm-205-optico-3d-usb-xtech","status":"publish","type":"product","link":"https:\/\/aptecnologia.com.ar\/new\/productos\/mouse-xtm-205-optico-3d-usb-xtech\/","title":{"rendered":"Mouse XTM-205 optico 3D USB &#8211; XTECH"},"content":{"rendered":"<p>Dise\u00f1o ergon\u00f3mico, ofrece m\u00e1xima comodidad a\u00fan durante horas de uso prolongado y configuraci\u00f3n f\u00e1cil, no requiere instalaci\u00f3n de software.  Compacto y liviano, se desplaza con facilidad sobre cualquier superficie.<\/p>\n","protected":false},"excerpt":{"rendered":"<p>* Tipo: Mouse 3D de 3 botones, con cable<br \/>\n* Tecnolog\u00eda: Sensor \u00f3ptico<br \/>\n* Resoluci\u00f3n CPI: 1000dpi<br \/>\n* Interfaz: USB 2.0\/3.0<br \/>\n* Est\u00e1ndar de compatibilidad: Configuraci\u00f3n autom\u00e1tica plug and play<br \/>\n* Color: Negro<br \/>\n* Longitud del cable: 1,35m<br \/>\n* Requisitos del sistema: WindowsXP\/ Vista\/ Windows 7\/ Windows 8.1 \/ Windows 10\/ MAC OS X (El capitan, Yosemite, Mavericks) y Mac OS- Catalina, Mojave, High Sierra, Sierra.<\/p>\n","protected":false},"featured_media":13513,"comment_status":"open","ping_status":"closed","template":"","meta":[],"pwb-brand":[225],"product_cat":[66,116,90],"product_tag":[],"class_list":{"0":"post-13443","1":"product","2":"type-product","3":"status-publish","4":"has-post-thumbnail","6":"pwb-brand-xtech","7":"product_cat-computacion","8":"product_cat-mouses","9":"product_cat-perifericos","11":"first","12":"instock","13":"shipping-taxable","14":"purchasable","15":"product-type-simple"},"brands":[{"id":225,"name":"XTech","slug":"xtech"}],"_links":{"self":[{"href":"https:\/\/aptecnologia.com.ar\/new\/wp-json\/wp\/v2\/product\/13443","targetHints":{"allow":["GET"]}}],"collection":[{"href":"https:\/\/aptecnologia.com.ar\/new\/wp-json\/wp\/v2\/product"}],"about":[{"href":"https:\/\/aptecnologia.com.ar\/new\/wp-json\/wp\/v2\/types\/product"}],"replies":[{"embeddable":true,"href":"https:\/\/aptecnologia.com.ar\/new\/wp-json\/wp\/v2\/comments?post=13443"}],"version-history":[{"count":0,"href":"https:\/\/aptecnologia.com.ar\/new\/wp-json\/wp\/v2\/product\/13443\/revisions"}],"wp:featuredmedia":[{"embeddable":true,"href":"https:\/\/aptecnologia.com.ar\/new\/wp-json\/wp\/v2\/media\/13513"}],"wp:attachment":[{"href":"https:\/\/aptecnologia.com.ar\/new\/wp-json\/wp\/v2\/media?parent=13443"}],"wp:term":[{"taxonomy":"pwb-brand","embeddable":true,"href":"https:\/\/aptecnologia.com.ar\/new\/wp-json\/wp\/v2\/pwb-brand?post=13443"},{"taxonomy":"product_cat","embeddable":true,"href":"https:\/\/aptecnologia.com.ar\/new\/wp-json\/wp\/v2\/product_cat?post=13443"},{"taxonomy":"product_tag","embeddable":true,"href":"https:\/\/aptecnologia.com.ar\/new\/wp-json\/wp\/v2\/product_tag?post=13443"}],"curies":[{"name":"wp","href":"https:\/\/api.w.org\/{rel}","templated":true}]}}