{"id":13440,"date":"2023-06-03T12:05:36","date_gmt":"2023-06-03T15:05:36","guid":{"rendered":"https:\/\/aptecnologia.com.ar\/new\/?post_type=product&#038;p=13440"},"modified":"2023-07-22T11:45:31","modified_gmt":"2023-07-22T14:45:31","slug":"impresora-laser-monocromatica-p2509w-c-wifi-usb-pantum","status":"publish","type":"product","link":"https:\/\/aptecnologia.com.ar\/new\/productos\/impresora-laser-monocromatica-p2509w-c-wifi-usb-pantum\/","title":{"rendered":"Impresora Laser ByN P2509W USB\/WiFi \u2013 PANTUM"},"content":{"rendered":"<p>Pensada para la casa o la oficina, esta impresora Pantum es ideal para todo tipo de trabajos, ya sean grandes tiradas o pocas impresiones.<\/p>\n<p>Eficiencia y calidad<br \/>\nImprim\u00ed f\u00e1cilmente todo lo que quieras con esta impresora Pantum, ya sean pocas p\u00e1ginas o grandes proyectos.<\/p>\n<p>Perfecta para tu hogar o la oficina<br \/>\nSi busc\u00e1s realizar grandes tiradas en pocos minutos, su tecnolog\u00eda l\u00e1ser es ideal para vos. Es simple y f\u00e1cil de usar y tiene un costo de mantenimiento significativamente menor que las que funcionan a tinta.<\/p>\n","protected":false},"excerpt":{"rendered":"<p>* Es monocrom\u00e1tica.<br \/>\n* Impresi\u00f3n doble faz manual.<br \/>\n* Tecnolog\u00eda de impresi\u00f3n: l\u00e1ser.<br \/>\n* Tiene entrada USB.<br \/>\n* Cuenta con 2 bandejas.<br \/>\n* Capacidad m\u00e1xima de 150 hojas.<br \/>\n* Soporta papel tama\u00f1o A4, A5, A6, B5 JIS, ISO B5, B6, Carta, Legal, Ejecutivo, Declaraci\u00f3n, Sobre DL, Sobre C5, Sobre C6, Sobre N10, Tarjeta postal japonesa, Folio, 32K, ZL, Tarjeta postal, Younaga3, Yougata2, Informe, Oficio, 16K, Yougata4, Nagagata3, Sobre monarca, Big 16K.<br \/>\n* Incluye accesorios.<br \/>\n* Pr\u00e1ctica y funcional tanto para uso personal como profesional.<\/p>\n","protected":false},"featured_media":13510,"comment_status":"open","ping_status":"closed","template":"","meta":[],"pwb-brand":[241],"product_cat":[165,266,89],"product_tag":[],"class_list":{"0":"post-13440","1":"product","2":"type-product","3":"status-publish","4":"has-post-thumbnail","6":"pwb-brand-pantum","7":"product_cat-impresoras","8":"product_cat-lasmonorcomatica","9":"product_cat-impresion","11":"first","12":"instock","13":"shipping-taxable","14":"purchasable","15":"product-type-simple"},"brands":[{"id":241,"name":"Pantum","slug":"pantum"}],"_links":{"self":[{"href":"https:\/\/aptecnologia.com.ar\/new\/wp-json\/wp\/v2\/product\/13440","targetHints":{"allow":["GET"]}}],"collection":[{"href":"https:\/\/aptecnologia.com.ar\/new\/wp-json\/wp\/v2\/product"}],"about":[{"href":"https:\/\/aptecnologia.com.ar\/new\/wp-json\/wp\/v2\/types\/product"}],"replies":[{"embeddable":true,"href":"https:\/\/aptecnologia.com.ar\/new\/wp-json\/wp\/v2\/comments?post=13440"}],"version-history":[{"count":0,"href":"https:\/\/aptecnologia.com.ar\/new\/wp-json\/wp\/v2\/product\/13440\/revisions"}],"wp:featuredmedia":[{"embeddable":true,"href":"https:\/\/aptecnologia.com.ar\/new\/wp-json\/wp\/v2\/media\/13510"}],"wp:attachment":[{"href":"https:\/\/aptecnologia.com.ar\/new\/wp-json\/wp\/v2\/media?parent=13440"}],"wp:term":[{"taxonomy":"pwb-brand","embeddable":true,"href":"https:\/\/aptecnologia.com.ar\/new\/wp-json\/wp\/v2\/pwb-brand?post=13440"},{"taxonomy":"product_cat","embeddable":true,"href":"https:\/\/aptecnologia.com.ar\/new\/wp-json\/wp\/v2\/product_cat?post=13440"},{"taxonomy":"product_tag","embeddable":true,"href":"https:\/\/aptecnologia.com.ar\/new\/wp-json\/wp\/v2\/product_tag?post=13440"}],"curies":[{"name":"wp","href":"https:\/\/api.w.org\/{rel}","templated":true}]}}