{"id":13437,"date":"2023-06-03T11:38:25","date_gmt":"2023-06-03T14:38:25","guid":{"rendered":"https:\/\/aptecnologia.com.ar\/new\/?post_type=product&#038;p=13437"},"modified":"2024-08-09T12:50:11","modified_gmt":"2024-08-09T15:50:11","slug":"aspiradora-robot-white-delta-dw-rvde-1w-daewoo","status":"publish","type":"product","link":"https:\/\/aptecnologia.com.ar\/new\/productos\/aspiradora-robot-white-delta-dw-rvde-1w-daewoo\/","title":{"rendered":"Aspiradora Robot white Delta DW-RVDE-1W &#8211; DAEWOO"},"content":{"rendered":"<p>Limpieza sin esfuerzo<\/p>\n<p>La aspiradora robot Daewoo Delta es una soluci\u00f3n ideal para aquellos que buscan una forma f\u00e1cil y eficiente de mantener su hogar limpio. Con su dise\u00f1o compacto y una variedad de funciones de limpieza, esta aspiradora puede limpiar todo tipo de superficies sin esfuerzo y sin requerir la supervisi\u00f3n constante de sus usuarios.<\/p>\n<p>Tecnolog\u00eda inteligente<\/p>\n<p>La aspiradora robot Daewoo Delta cuenta con tecnolog\u00eda inteligente que le permite navegar f\u00e1cilmente por la casa, evitando obst\u00e1culos y limpiando de manera eficiente. Adem\u00e1s, cuenta con un sistema de mapeo y memoria que le permite recordar la distribuci\u00f3n de los muebles y la estructura de la casa para una limpieza m\u00e1s efectiva.<\/p>\n<p>Sistema de limpieza avanzado<\/p>\n<p>La aspiradora robot Daewoo Delta cuenta con un sistema de limpieza avanzado que incluye un cepillo lateral, un cepillo principal y una potente succi\u00f3n. Estos elementos trabajan juntos para limpiar eficazmente todo tipo de superficies, desde alfombras hasta pisos duros. Adem\u00e1s, cuenta con un dep\u00f3sito de polvo de gran capacidad y un filtro HEPA que atrapa los al\u00e9rgenos y los \u00e1caros del polvo para una limpieza m\u00e1s saludable.<\/p>\n<p>Programaci\u00f3n personalizada<\/p>\n<p>La aspiradora robot Daewoo Delta tambi\u00e9n cuenta con una funci\u00f3n de programaci\u00f3n que permite a los usuarios establecer horarios personalizados de limpieza para que se ajusten a sus necesidades. Adem\u00e1s, la aspiradora se puede controlar a trav\u00e9s de una aplicaci\u00f3n m\u00f3vil, lo que permite a los usuarios iniciar y detener la limpieza en cualquier momento y en cualquier lugar. En resumen, la aspiradora robot Daewoo Delta es una soluci\u00f3n inteligente y eficiente para la limpieza de la casa, que ahorra tiempo y esfuerzo a sus usuarios.<\/p>\n","protected":false},"excerpt":{"rendered":"<p>\u00b7 Sensor antica\u00edda<br \/>\n\u00b7 Funci\u00f3n trapeado seco<br \/>\n\u00b7 Carga adaptador<br \/>\n\u00b7 Autonom\u00eda: 90-120 minutos<br \/>\n\u00b7 Tiempo de carga: 4-5 horas<br \/>\n\u00b7 Bater\u00eda: Litio 2000 mAh<br \/>\n\u00b7 Envase de suciedad: 350 ml<\/p>\n","protected":false},"featured_media":13498,"comment_status":"open","ping_status":"closed","template":"","meta":[],"pwb-brand":[233],"product_cat":[100,71],"product_tag":[],"class_list":{"0":"post-13437","1":"product","2":"type-product","3":"status-publish","4":"has-post-thumbnail","6":"pwb-brand-daewoo","7":"product_cat-electrodomesticos","8":"product_cat-hogar","10":"first","11":"instock","12":"shipping-taxable","13":"purchasable","14":"product-type-simple"},"brands":[{"id":233,"name":"Daewoo","slug":"daewoo"}],"_links":{"self":[{"href":"https:\/\/aptecnologia.com.ar\/new\/wp-json\/wp\/v2\/product\/13437","targetHints":{"allow":["GET"]}}],"collection":[{"href":"https:\/\/aptecnologia.com.ar\/new\/wp-json\/wp\/v2\/product"}],"about":[{"href":"https:\/\/aptecnologia.com.ar\/new\/wp-json\/wp\/v2\/types\/product"}],"replies":[{"embeddable":true,"href":"https:\/\/aptecnologia.com.ar\/new\/wp-json\/wp\/v2\/comments?post=13437"}],"version-history":[{"count":0,"href":"https:\/\/aptecnologia.com.ar\/new\/wp-json\/wp\/v2\/product\/13437\/revisions"}],"wp:featuredmedia":[{"embeddable":true,"href":"https:\/\/aptecnologia.com.ar\/new\/wp-json\/wp\/v2\/media\/13498"}],"wp:attachment":[{"href":"https:\/\/aptecnologia.com.ar\/new\/wp-json\/wp\/v2\/media?parent=13437"}],"wp:term":[{"taxonomy":"pwb-brand","embeddable":true,"href":"https:\/\/aptecnologia.com.ar\/new\/wp-json\/wp\/v2\/pwb-brand?post=13437"},{"taxonomy":"product_cat","embeddable":true,"href":"https:\/\/aptecnologia.com.ar\/new\/wp-json\/wp\/v2\/product_cat?post=13437"},{"taxonomy":"product_tag","embeddable":true,"href":"https:\/\/aptecnologia.com.ar\/new\/wp-json\/wp\/v2\/product_tag?post=13437"}],"curies":[{"name":"wp","href":"https:\/\/api.w.org\/{rel}","templated":true}]}}