{"id":13430,"date":"2023-06-02T13:31:46","date_gmt":"2023-06-02T16:31:46","guid":{"rendered":"https:\/\/aptecnologia.com.ar\/new\/?post_type=product&#038;p=13430"},"modified":"2023-06-02T14:49:00","modified_gmt":"2023-06-02T17:49:00","slug":"kit-dvr-4ch-4-camaras-2mpx-s-disco-dahua","status":"publish","type":"product","link":"https:\/\/aptecnologia.com.ar\/new\/productos\/kit-dvr-4ch-4-camaras-2mpx-s-disco-dahua\/","title":{"rendered":"Kit DVR 4ch +4 c\u00e1maras 2mpx s\/disco &#8211; DAHUA"},"content":{"rendered":"<p>Visualizaci\u00f3n, grabaci\u00f3n y reproducci\u00f3n de video en 960P HD.<br \/>\nAcceso Wi-Fi, sistema plug-and-play real<br \/>\nCompresi\u00f3n de video H.264 avanzada<br \/>\nAlerta instant\u00e1nea de correo electr\u00f3nico de detecci\u00f3n de movimiento<br \/>\nSalidas HDMI y VGA para TV, monitor y computadora<br \/>\nAPP sencilla de usar para monitoreo m\u00f3vil<br \/>\nProtecci\u00f3n real diurna y nocturna continua<br \/>\nHasta 30 metros de visi\u00f3n nocturna con IR inteligente<br \/>\nC\u00e1maras para interiores y exteriores, IP66 resistentes a la intemperie<\/p>\n<p>NO INCLUYE HDD<\/p>\n<p>NVR N441L<br \/>\nCompresi\u00f3n de video: H.264<br \/>\nEntrada de video IP: 4CH Wireless<br \/>\nSalida de video: HDMI y VGA hasta 1080P<br \/>\nAncho de banda entrante: 70M<br \/>\nResoluci\u00f3n m\u00e1xima de grabaci\u00f3n: Hasta 1.3M (1280&#215;960)<br \/>\nResoluci\u00f3n m\u00e1xima de reproducci\u00f3n: Hasta 1.3M (1280&#215;960)<br \/>\nCanal de reproducci\u00f3n m\u00e1ximo: 4CH<br \/>\nCapacidad m\u00e1xima de reproducci\u00f3n: 4CH 960P<br \/>\nVersi\u00f3n Onvif: 2,4<\/p>\n<p>Disco r\u00edgido<br \/>\nDisco r\u00edgido (HDD): 1 interface SATA<br \/>\nCapacidad de disco r\u00edgido (HDD): Capacidad de hasta 4TB<\/p>\n<p>Interface externa<br \/>\nInterface de red: RJ45x1(10\/100M)<br \/>\nAntena inal\u00e1mbrica: 2 puertos (IEEE802.11b\/g\/n)<br \/>\nUSB: USB2.0x1<\/p>\n<p>General<br \/>\nEnerg\u00eda de funcionamiento: DC12V<br \/>\nConsumo de potencia: 6W (sin unidad de disco r\u00edgido)<br \/>\nTemperatura de funcionamiento: 14 \u00b0F ~ 131 \u00b0F \/-10 \u00b0C ~ 55 \u00b0C<br \/>\nDimensiones (W x H x D) 260x245x47mm<br \/>\nPeso: 800g (sin unidad de disco r\u00edgido)<\/p>\n<p>C\u00e1mara I31V<br \/>\nC\u00e1mara<br \/>\nResoluci\u00f3n de video: 1.3MP (1280&#215;960)<br \/>\nSensor de imagen: CMOS 1\/3&#8243; escaneo progresivo<br \/>\nCompresi\u00f3n de video: H.264<br \/>\nLentes: 3.6mm<br \/>\nAngulo de visualizaci\u00f3n: 70\u00b0<br \/>\nCantidad de LEDs infrarrojos: 3 arreglos de LED Class A<br \/>\nDistancia de visi\u00f3n nocturna: Hasta 100ft\/30m<br \/>\nOnvif: 2,4<br \/>\nCorte del filtro: S\u00ed<br \/>\nEthernet: RJ45x1(10M\/100M)<br \/>\nWireless: IEEE802.11b\/g\/n<\/p>\n<p>General<br \/>\nEnerg\u00eda de funcionamiento: DC12V<br \/>\nTemperatura de funcionamiento: -22 \u00b0F \u2013 140 \u00b0F \/-30 \u00b0C \u2013 60 \u00b0C<br \/>\nInterior\/Exterior: Interior\/Exterior<br \/>\nC\u00e1mara a prueba de la intemperie: IP66<br \/>\nDimensiones (L x W x H): 175 x 67 x 67mm (Incluye el soporte)<br \/>\nPeso: 380g<\/p>\n","protected":false},"excerpt":{"rendered":"<p>Visualizaci\u00f3n, grabaci\u00f3n y reproducci\u00f3n de video en 960P HD. Acceso Wi-Fi, sistema plug-and-play real Compresi\u00f3n de video H.264 avanzada Alerta instant\u00e1nea de correo electr\u00f3nico de detecci\u00f3n de movimiento Salidas HDMI y VGA para TV, monitor y computadora APP sencilla de usar para monitoreo m\u00f3vil Protecci\u00f3n real diurna y nocturna continua Hasta 30 metros de visi\u00f3n [&hellip;]<\/p>\n","protected":false},"featured_media":13431,"comment_status":"open","ping_status":"closed","template":"","meta":[],"pwb-brand":[113],"product_cat":[112,68],"product_tag":[],"class_list":{"0":"post-13430","1":"product","2":"type-product","3":"status-publish","4":"has-post-thumbnail","6":"pwb-brand-dahua","7":"product_cat-camaras","8":"product_cat-seguridad-y-vigilancia","10":"first","11":"instock","12":"shipping-taxable","13":"purchasable","14":"product-type-simple"},"brands":[{"id":113,"name":"Dahua","slug":"dahua"}],"_links":{"self":[{"href":"https:\/\/aptecnologia.com.ar\/new\/wp-json\/wp\/v2\/product\/13430","targetHints":{"allow":["GET"]}}],"collection":[{"href":"https:\/\/aptecnologia.com.ar\/new\/wp-json\/wp\/v2\/product"}],"about":[{"href":"https:\/\/aptecnologia.com.ar\/new\/wp-json\/wp\/v2\/types\/product"}],"replies":[{"embeddable":true,"href":"https:\/\/aptecnologia.com.ar\/new\/wp-json\/wp\/v2\/comments?post=13430"}],"version-history":[{"count":0,"href":"https:\/\/aptecnologia.com.ar\/new\/wp-json\/wp\/v2\/product\/13430\/revisions"}],"wp:featuredmedia":[{"embeddable":true,"href":"https:\/\/aptecnologia.com.ar\/new\/wp-json\/wp\/v2\/media\/13431"}],"wp:attachment":[{"href":"https:\/\/aptecnologia.com.ar\/new\/wp-json\/wp\/v2\/media?parent=13430"}],"wp:term":[{"taxonomy":"pwb-brand","embeddable":true,"href":"https:\/\/aptecnologia.com.ar\/new\/wp-json\/wp\/v2\/pwb-brand?post=13430"},{"taxonomy":"product_cat","embeddable":true,"href":"https:\/\/aptecnologia.com.ar\/new\/wp-json\/wp\/v2\/product_cat?post=13430"},{"taxonomy":"product_tag","embeddable":true,"href":"https:\/\/aptecnologia.com.ar\/new\/wp-json\/wp\/v2\/product_tag?post=13430"}],"curies":[{"name":"wp","href":"https:\/\/api.w.org\/{rel}","templated":true}]}}