{"id":13426,"date":"2023-06-02T13:04:33","date_gmt":"2023-06-02T16:04:33","guid":{"rendered":"https:\/\/aptecnologia.com.ar\/new\/?post_type=product&#038;p=13426"},"modified":"2023-06-02T13:30:22","modified_gmt":"2023-06-02T16:30:22","slug":"dvr-8ch-ds-7208hqhi-m1-fac-hikvision","status":"publish","type":"product","link":"https:\/\/aptecnologia.com.ar\/new\/productos\/dvr-8ch-ds-7208hqhi-m1-fac-hikvision\/","title":{"rendered":"DVR 8Ch DS-7208HQHI-M1\/FA(C) &#8211; HIKVISION"},"content":{"rendered":"<p>DVR Turbo HD Versi\u00f3n 5.0, 8 canales anal\u00f3gicos m\u00e1s 4 canales IP (permite apagar canales anal\u00f3gicos TURBOHD y poder colocar c\u00e1maras IP en todos sus canales, es decir, soporta hasta hasta 12 c\u00e1maras IP en total). DVR pentahibrido: HD-TVI \/ HD-CVI \/ Anal\u00f3gico \/ IP \/ AHD. Compresi\u00f3n H.265+. Resoluci\u00f3n m\u00e1xima soportada: HD-TVI: 4 Mpx Lite. IP: 6 Mpx. Compatible con Hik-Connect P2P. Funciones Avanzadas: Detecci\u00f3n por cruce de l\u00ednea &amp; detecci\u00f3n de intrusi\u00f3n. Soporta 1 canal de video con activaci\u00f3n de reconocimiento de rostros. Soporta 4 canales de video con activaci\u00f3n de detecci\u00f3n de humanos\/veh\u00edculos. 1 entrada y 1 salida de audio. 8 Entradas de audio por coaxitron. Soporta 1 HDD de hasta 10 TB (no incluido). Interfaz serial: RS-485. Caracter\u00edsticas F\u00edsicas y El\u00e9ctricas: Alimentaci\u00f3n: 12 Vcd. Consumo sin HDD: 18 watts. Temperatura de operaci\u00f3n: -10 \u00baC hasta 55 \u00baC. Dimensiones: 315 x 242 x 45 mm (W \u00d7 D \u00d7 H). Peso: 2 Kg (sin HDD). Alarma I\/O: N\/<\/p>\n","protected":false},"excerpt":{"rendered":"<ul class=\"ui-pdp-features mt-24\">\n<li class=\"ui-pdp-features__item\">Resoluci\u00f3n de video: Full HD.<\/li>\n<li class=\"ui-pdp-features__item\">Ideal para mantener almacenadas las im\u00e1genes de tus c\u00e1maras.<\/li>\n<\/ul>\n","protected":false},"featured_media":13427,"comment_status":"open","ping_status":"closed","template":"","meta":[],"pwb-brand":[114],"product_cat":[68],"product_tag":[],"class_list":{"0":"post-13426","1":"product","2":"type-product","3":"status-publish","4":"has-post-thumbnail","6":"pwb-brand-hikvision","7":"product_cat-seguridad-y-vigilancia","9":"first","10":"instock","11":"shipping-taxable","12":"purchasable","13":"product-type-simple"},"brands":[{"id":114,"name":"Hikvision","slug":"hikvision"}],"_links":{"self":[{"href":"https:\/\/aptecnologia.com.ar\/new\/wp-json\/wp\/v2\/product\/13426","targetHints":{"allow":["GET"]}}],"collection":[{"href":"https:\/\/aptecnologia.com.ar\/new\/wp-json\/wp\/v2\/product"}],"about":[{"href":"https:\/\/aptecnologia.com.ar\/new\/wp-json\/wp\/v2\/types\/product"}],"replies":[{"embeddable":true,"href":"https:\/\/aptecnologia.com.ar\/new\/wp-json\/wp\/v2\/comments?post=13426"}],"version-history":[{"count":0,"href":"https:\/\/aptecnologia.com.ar\/new\/wp-json\/wp\/v2\/product\/13426\/revisions"}],"wp:featuredmedia":[{"embeddable":true,"href":"https:\/\/aptecnologia.com.ar\/new\/wp-json\/wp\/v2\/media\/13427"}],"wp:attachment":[{"href":"https:\/\/aptecnologia.com.ar\/new\/wp-json\/wp\/v2\/media?parent=13426"}],"wp:term":[{"taxonomy":"pwb-brand","embeddable":true,"href":"https:\/\/aptecnologia.com.ar\/new\/wp-json\/wp\/v2\/pwb-brand?post=13426"},{"taxonomy":"product_cat","embeddable":true,"href":"https:\/\/aptecnologia.com.ar\/new\/wp-json\/wp\/v2\/product_cat?post=13426"},{"taxonomy":"product_tag","embeddable":true,"href":"https:\/\/aptecnologia.com.ar\/new\/wp-json\/wp\/v2\/product_tag?post=13426"}],"curies":[{"name":"wp","href":"https:\/\/api.w.org\/{rel}","templated":true}]}}