{"id":13393,"date":"2023-06-01T13:48:29","date_gmt":"2023-06-01T16:48:29","guid":{"rendered":"https:\/\/aptecnologia.com.ar\/new\/?post_type=product&#038;p=13393"},"modified":"2023-06-01T13:51:23","modified_gmt":"2023-06-01T16:51:23","slug":"telefono-de-mesa-t-50-black-alcatel","status":"publish","type":"product","link":"https:\/\/aptecnologia.com.ar\/new\/productos\/telefono-de-mesa-t-50-black-alcatel\/","title":{"rendered":"Tel\u00e9fono de Mesa T-50 Black &#8211; ALCATEL"},"content":{"rendered":"","protected":false},"excerpt":{"rendered":"<p>&#8211; Funciones esenciales<\/p>\n<p>&#8211;\u00a0Una tecla dedicada lo ayudar\u00e1 a llamar autom\u00e1ticamente al \u00faltimo n\u00famero marcado<\/p>\n<p>&#8211;\u00a0Podr\u00e1 elegir el volumen del timbre<\/p>\n<p>&#8211; Usted puede f\u00e1cilmente fijar su tel\u00e9fono donde quiera sobre la pared<\/p>\n","protected":false},"featured_media":13394,"comment_status":"open","ping_status":"closed","template":"","meta":[],"pwb-brand":[259],"product_cat":[138,155],"product_tag":[],"class_list":{"0":"post-13393","1":"product","2":"type-product","3":"status-publish","4":"has-post-thumbnail","6":"pwb-brand-alcatel","7":"product_cat-office","8":"product_cat-telefonia","10":"first","11":"instock","12":"shipping-taxable","13":"purchasable","14":"product-type-simple"},"brands":[{"id":259,"name":"Alcatel","slug":"alcatel"}],"_links":{"self":[{"href":"https:\/\/aptecnologia.com.ar\/new\/wp-json\/wp\/v2\/product\/13393","targetHints":{"allow":["GET"]}}],"collection":[{"href":"https:\/\/aptecnologia.com.ar\/new\/wp-json\/wp\/v2\/product"}],"about":[{"href":"https:\/\/aptecnologia.com.ar\/new\/wp-json\/wp\/v2\/types\/product"}],"replies":[{"embeddable":true,"href":"https:\/\/aptecnologia.com.ar\/new\/wp-json\/wp\/v2\/comments?post=13393"}],"version-history":[{"count":0,"href":"https:\/\/aptecnologia.com.ar\/new\/wp-json\/wp\/v2\/product\/13393\/revisions"}],"wp:featuredmedia":[{"embeddable":true,"href":"https:\/\/aptecnologia.com.ar\/new\/wp-json\/wp\/v2\/media\/13394"}],"wp:attachment":[{"href":"https:\/\/aptecnologia.com.ar\/new\/wp-json\/wp\/v2\/media?parent=13393"}],"wp:term":[{"taxonomy":"pwb-brand","embeddable":true,"href":"https:\/\/aptecnologia.com.ar\/new\/wp-json\/wp\/v2\/pwb-brand?post=13393"},{"taxonomy":"product_cat","embeddable":true,"href":"https:\/\/aptecnologia.com.ar\/new\/wp-json\/wp\/v2\/product_cat?post=13393"},{"taxonomy":"product_tag","embeddable":true,"href":"https:\/\/aptecnologia.com.ar\/new\/wp-json\/wp\/v2\/product_tag?post=13393"}],"curies":[{"name":"wp","href":"https:\/\/api.w.org\/{rel}","templated":true}]}}