{"id":13386,"date":"2023-06-01T13:37:00","date_gmt":"2023-06-01T16:37:00","guid":{"rendered":"https:\/\/aptecnologia.com.ar\/new\/?post_type=product&#038;p=13386"},"modified":"2023-06-01T13:41:13","modified_gmt":"2023-06-01T16:41:13","slug":"monitor-21-5-t-220-gfast","status":"publish","type":"product","link":"https:\/\/aptecnologia.com.ar\/new\/productos\/monitor-21-5-t-220-gfast\/","title":{"rendered":"Monitor 21.5&#8243; T-220 &#8211; GFAST"},"content":{"rendered":"<p>Disfrut\u00e1 de todas las cualidades que el monitor Gfast T-220 tiene para ofrecerte. Percib\u00ed las im\u00e1genes de una manera completamente diferente y complement\u00e1 cualquier espacio ya sea en tu casa u oficina.<\/p>\n<p>Un monitor a tu medida<br \/>\nCon tu pantalla LED no solo ahorr\u00e1s energ\u00eda, ya que su consumo es bajo, sino que vas a ver colores n\u00edtidos y definidos en tus pel\u00edculas o series favoritas.<\/p>\n<p>Una experiencia visual de calidad<br \/>\nEste monitor de 21.5&#8243; te va a resultar c\u00f3modo para estudiar, trabajar o ver una pel\u00edcula en tus tiempos de ocio. Asimismo, su resoluci\u00f3n de 1920 x 1080 te permite disfrutar de momentos \u00fanicos gracias a una imagen de alta fidelidad.<\/p>\n","protected":false},"excerpt":{"rendered":"<ul class=\"ui-vpp-highlighted-specs__features-list\">\n<li class=\"ui-vpp-highlighted-specs__features-list-item ui-pdp-color--BLACK ui-pdp-size--XSMALL ui-pdp-family--REGULAR\">Pantalla led de 21.5&#8243;.<\/li>\n<li class=\"ui-vpp-highlighted-specs__features-list-item ui-pdp-color--BLACK ui-pdp-size--XSMALL ui-pdp-family--REGULAR\">Tiene una resoluci\u00f3n de 1920px-1080px.<\/li>\n<li class=\"ui-vpp-highlighted-specs__features-list-item ui-pdp-color--BLACK ui-pdp-size--XSMALL ui-pdp-family--REGULAR\">Comodidad visual en todo momento.<\/li>\n<\/ul>\n","protected":false},"featured_media":13388,"comment_status":"open","ping_status":"closed","template":"","meta":[],"pwb-brand":[223],"product_cat":[66,81],"product_tag":[],"class_list":{"0":"post-13386","1":"product","2":"type-product","3":"status-publish","4":"has-post-thumbnail","6":"pwb-brand-gfast","7":"product_cat-computacion","8":"product_cat-monitores","10":"first","11":"outofstock","12":"shipping-taxable","13":"purchasable","14":"product-type-simple"},"brands":[{"id":223,"name":"Gfast","slug":"gfast"}],"_links":{"self":[{"href":"https:\/\/aptecnologia.com.ar\/new\/wp-json\/wp\/v2\/product\/13386","targetHints":{"allow":["GET"]}}],"collection":[{"href":"https:\/\/aptecnologia.com.ar\/new\/wp-json\/wp\/v2\/product"}],"about":[{"href":"https:\/\/aptecnologia.com.ar\/new\/wp-json\/wp\/v2\/types\/product"}],"replies":[{"embeddable":true,"href":"https:\/\/aptecnologia.com.ar\/new\/wp-json\/wp\/v2\/comments?post=13386"}],"version-history":[{"count":0,"href":"https:\/\/aptecnologia.com.ar\/new\/wp-json\/wp\/v2\/product\/13386\/revisions"}],"wp:featuredmedia":[{"embeddable":true,"href":"https:\/\/aptecnologia.com.ar\/new\/wp-json\/wp\/v2\/media\/13388"}],"wp:attachment":[{"href":"https:\/\/aptecnologia.com.ar\/new\/wp-json\/wp\/v2\/media?parent=13386"}],"wp:term":[{"taxonomy":"pwb-brand","embeddable":true,"href":"https:\/\/aptecnologia.com.ar\/new\/wp-json\/wp\/v2\/pwb-brand?post=13386"},{"taxonomy":"product_cat","embeddable":true,"href":"https:\/\/aptecnologia.com.ar\/new\/wp-json\/wp\/v2\/product_cat?post=13386"},{"taxonomy":"product_tag","embeddable":true,"href":"https:\/\/aptecnologia.com.ar\/new\/wp-json\/wp\/v2\/product_tag?post=13386"}],"curies":[{"name":"wp","href":"https:\/\/api.w.org\/{rel}","templated":true}]}}