{"id":13375,"date":"2023-06-01T10:45:33","date_gmt":"2023-06-01T13:45:33","guid":{"rendered":"https:\/\/aptecnologia.com.ar\/new\/?post_type=product&#038;p=13375"},"modified":"2023-06-01T11:37:48","modified_gmt":"2023-06-01T14:37:48","slug":"switch-sf-1008d-10-100-mbps-tp-link","status":"publish","type":"product","link":"https:\/\/aptecnologia.com.ar\/new\/productos\/switch-sf-1008d-10-100-mbps-tp-link\/","title":{"rendered":"Switch SF-1008D 10\/100 Mbps &#8211; TP-LINK"},"content":{"rendered":"<p>Con m\u00e1s de 30 a\u00f1os de experiencia en el mercado tecnol\u00f3gico, TP-Link es l\u00edder a nivel mundial en el negocio de las soluciones de redes. Esta marca posibilita mejorar las comunicaciones entre consumidores y empresas, es por eso que estos conmutadores son muy f\u00e1ciles de configurar y no requieren de mucho tiempo.<\/p>\n<p>Puertos RJ-45<br \/>\nEl conector RJ-45 termina en el cable par trenzado sin blindaje. Es utilizado en redes Ethernet que se conoce com\u00fanmente como el cable Ethernet. A su vez, este cable contiene ocho alambres, lo que hace que los ocho pines del conector RJ-45 sean adecuados para su uso con este tipo de cables.<\/p>\n<p>Hecho a tu medida<br \/>\nSu tecnolog\u00eda permite guardar los datos en buffer antes de enviarlos al puerto de salida. Esto garantiza un correcto funcionamiento.<\/p>\n<p>Escalabilidad y funcionalidad a tu alcance<br \/>\nEste switch cuenta con una capacidad de conmutaci\u00f3n de 1.6 Gbps. Este permite transferir datos entre los diferentes dispositivos que forman la LAN, o red local, de una manera eficiente y as\u00ed mejora el ritmo del servidor de red y sus conexiones troncales.<\/p>\n","protected":false},"excerpt":{"rendered":"<ul class=\"ui-pdp-features mt-24\">\n<li class=\"ui-pdp-features__item\">Tipo de telecomunicaci\u00f3n: Store and forward.<\/li>\n<li class=\"ui-pdp-features__item\">Capacidad de conmutaci\u00f3n: 1.6 Gbps.<\/li>\n<li class=\"ui-pdp-features__item\">Incluye: 8 puertos RJ-45.<\/li>\n<li class=\"ui-pdp-features__item\">Tiene 134.5 mm de ancho, 22.5 mm de alto y 79 mm de profundidad.<\/li>\n<li class=\"ui-pdp-features__item\">Se puede instalar f\u00e1cilmente en el escritorio.<\/li>\n<li class=\"ui-pdp-features__item\">Pr\u00e1ctico tanto para uso personal como profesional.<\/li>\n<\/ul>\n","protected":false},"featured_media":13376,"comment_status":"open","ping_status":"closed","template":"","meta":[],"pwb-brand":[102],"product_cat":[87,70],"product_tag":[],"class_list":{"0":"post-13375","1":"product","2":"type-product","3":"status-publish","4":"has-post-thumbnail","6":"pwb-brand-tplink","7":"product_cat-switchs","8":"product_cat-conectividad-y-redes","10":"first","11":"outofstock","12":"shipping-taxable","13":"purchasable","14":"product-type-simple"},"brands":[{"id":102,"name":"Tp-Link","slug":"tplink"}],"_links":{"self":[{"href":"https:\/\/aptecnologia.com.ar\/new\/wp-json\/wp\/v2\/product\/13375","targetHints":{"allow":["GET"]}}],"collection":[{"href":"https:\/\/aptecnologia.com.ar\/new\/wp-json\/wp\/v2\/product"}],"about":[{"href":"https:\/\/aptecnologia.com.ar\/new\/wp-json\/wp\/v2\/types\/product"}],"replies":[{"embeddable":true,"href":"https:\/\/aptecnologia.com.ar\/new\/wp-json\/wp\/v2\/comments?post=13375"}],"version-history":[{"count":0,"href":"https:\/\/aptecnologia.com.ar\/new\/wp-json\/wp\/v2\/product\/13375\/revisions"}],"wp:featuredmedia":[{"embeddable":true,"href":"https:\/\/aptecnologia.com.ar\/new\/wp-json\/wp\/v2\/media\/13376"}],"wp:attachment":[{"href":"https:\/\/aptecnologia.com.ar\/new\/wp-json\/wp\/v2\/media?parent=13375"}],"wp:term":[{"taxonomy":"pwb-brand","embeddable":true,"href":"https:\/\/aptecnologia.com.ar\/new\/wp-json\/wp\/v2\/pwb-brand?post=13375"},{"taxonomy":"product_cat","embeddable":true,"href":"https:\/\/aptecnologia.com.ar\/new\/wp-json\/wp\/v2\/product_cat?post=13375"},{"taxonomy":"product_tag","embeddable":true,"href":"https:\/\/aptecnologia.com.ar\/new\/wp-json\/wp\/v2\/product_tag?post=13375"}],"curies":[{"name":"wp","href":"https:\/\/api.w.org\/{rel}","templated":true}]}}