{"id":13368,"date":"2023-06-01T09:16:44","date_gmt":"2023-06-01T12:16:44","guid":{"rendered":"https:\/\/aptecnologia.com.ar\/new\/?post_type=product&#038;p=13368"},"modified":"2023-06-01T09:55:12","modified_gmt":"2023-06-01T12:55:12","slug":"switch-sf1016d-16p-10-100mbps-tp-link","status":"publish","type":"product","link":"https:\/\/aptecnologia.com.ar\/new\/productos\/switch-sf1016d-16p-10-100mbps-tp-link\/","title":{"rendered":"Switch SF1016D 16P 10\/100Mbps &#8211; TP-LINK"},"content":{"rendered":"<p>El Switch 10\/100Mbps de Escritorio \/ rack de 16 puertos TL-SF1016D le proporciona una soluci\u00f3n de alto rendimiento, bajo costo, f\u00e1cil de usar, sin fisuras y est\u00e1ndar para mejorar su red antigua a una red de 100Mbps.<\/p>\n<p>Todos los puertos soportan auto 16 MDI \/ MDIX por lo que no hay necesidad de preocuparse por el tipo de cable, s\u00f3lo tiene que enchufar y listo. Por otra parte, con su innovadora tecnolog\u00eda de eficiencia energ\u00e9tica puede ahorrar hasta un 70% del consumo de energ\u00eda<\/p>\n","protected":false},"excerpt":{"rendered":"<p>Interfaz 1610\/100Mbps RJ45 Ports<br \/>\nAUTO Negotiation\/AUTO MDI\/MDIX<br \/>\nCantidad de Ventilador Sin Ventilador<br \/>\nConsumo de Energ\u00eda M\u00e1ximo: 3.1W (220V\/50Hz)<br \/>\nFuente de Alimentaci\u00f3n Externa 100~240VAC, 50\/60Hz<br \/>\nTabla de Direcci\u00f3n Mac 1K<br \/>\nDimensiones (W X D X H) 7.9*5.6*1.6 pulgadas (200*142*40 mm)<br \/>\nCARACTER\u00cdSTICAS DE SOFTWARE<br \/>\nTransfer Method Almacenamiento y Env\u00edo<br \/>\nAdvanced Functions Tecnolog\u00eda ecol\u00f3gica, ahorro de energ\u00eda de hasta un 80%<br \/>\n802.3X control de flujo<br \/>\nOTROS<br \/>\nCertification FCC, CE, RoHs<br \/>\nContenido del paquete 16 puertos 10 \/ Switch 10Mbps escritorio TL-SF1016D<br \/>\nAdaptador de poder<br \/>\nGu\u00eda del usuario<br \/>\nSystem Requirements Microsoft\u00ae Windows\u00ae 98SE, NT, 2000, XP, Vista\u2122 or Windows 7, MAC\u00ae OS, NetWare\u00ae, UNIX\u00ae or Linux.<br \/>\nEnvironment Temperatura de Funcionamiento: 0\u00bf~40\u00bf (32\u00bf~104\u00bf)<br \/>\nTemperatura de Almacenamiento: -40\u00bf~70\u00bf (-40\u00bf~158\u00bf)<br \/>\nHumedad de Funcionamiento: 10%~90% sin condensaci\u00f3n<br \/>\nHumedad de Almacenamiento: 5%~90% sin condensaci\u00f3n<\/p>\n","protected":false},"featured_media":13369,"comment_status":"open","ping_status":"closed","template":"","meta":[],"pwb-brand":[102],"product_cat":[87,70],"product_tag":[],"class_list":{"0":"post-13368","1":"product","2":"type-product","3":"status-publish","4":"has-post-thumbnail","6":"pwb-brand-tplink","7":"product_cat-switchs","8":"product_cat-conectividad-y-redes","10":"first","11":"outofstock","12":"shipping-taxable","13":"purchasable","14":"product-type-simple"},"brands":[{"id":102,"name":"Tp-Link","slug":"tplink"}],"_links":{"self":[{"href":"https:\/\/aptecnologia.com.ar\/new\/wp-json\/wp\/v2\/product\/13368","targetHints":{"allow":["GET"]}}],"collection":[{"href":"https:\/\/aptecnologia.com.ar\/new\/wp-json\/wp\/v2\/product"}],"about":[{"href":"https:\/\/aptecnologia.com.ar\/new\/wp-json\/wp\/v2\/types\/product"}],"replies":[{"embeddable":true,"href":"https:\/\/aptecnologia.com.ar\/new\/wp-json\/wp\/v2\/comments?post=13368"}],"version-history":[{"count":0,"href":"https:\/\/aptecnologia.com.ar\/new\/wp-json\/wp\/v2\/product\/13368\/revisions"}],"wp:featuredmedia":[{"embeddable":true,"href":"https:\/\/aptecnologia.com.ar\/new\/wp-json\/wp\/v2\/media\/13369"}],"wp:attachment":[{"href":"https:\/\/aptecnologia.com.ar\/new\/wp-json\/wp\/v2\/media?parent=13368"}],"wp:term":[{"taxonomy":"pwb-brand","embeddable":true,"href":"https:\/\/aptecnologia.com.ar\/new\/wp-json\/wp\/v2\/pwb-brand?post=13368"},{"taxonomy":"product_cat","embeddable":true,"href":"https:\/\/aptecnologia.com.ar\/new\/wp-json\/wp\/v2\/product_cat?post=13368"},{"taxonomy":"product_tag","embeddable":true,"href":"https:\/\/aptecnologia.com.ar\/new\/wp-json\/wp\/v2\/product_tag?post=13368"}],"curies":[{"name":"wp","href":"https:\/\/api.w.org\/{rel}","templated":true}]}}