{"id":13359,"date":"2023-05-31T16:19:20","date_gmt":"2023-05-31T19:19:20","guid":{"rendered":"https:\/\/aptecnologia.com.ar\/new\/?post_type=product&#038;p=13359"},"modified":"2023-05-31T16:26:49","modified_gmt":"2023-05-31T19:26:49","slug":"router-4p-mr3420-300mb-3g-4g-tp-link","status":"publish","type":"product","link":"https:\/\/aptecnologia.com.ar\/new\/productos\/router-4p-mr3420-300mb-3g-4g-tp-link\/","title":{"rendered":"Router 4P MR3420 300MB 3G\/4G &#8211; TP-LINK"},"content":{"rendered":"<p>Con el access point TP-Link podr\u00e1s interconectar redes inal\u00e1mbricas logrando as\u00ed una conexi\u00f3n estable y segura entre la red y el dispositivo de destino.<\/p>\n<p>Conectividad que te acompa\u00f1a<br \/>\nTP Link es sin\u00f3nimo de estabilidad, rendimiento y valor, ya que es el proveedor n\u00famero 1 de dispositivos wifi con distribuci\u00f3n en m\u00e1s de 170 pa\u00edses.<br \/>\nEste modelo TL-MR3420 te permitir\u00e1 crear redes de gran velocidad e integrar todos los aparatos electr\u00f3nicos inteligentes para que disfrutes de la mejor conexi\u00f3n sin interrupciones.<\/p>\n<p>M\u00e1s antenas, mejor se\u00f1al<br \/>\nCon este dispositivo, las paredes y techos no son un obst\u00e1culo: los m\u00faltiples receptores garantizan un mejor rendimiento en lugares con gran nivel de interferencia.<\/p>\n<p>M\u00e1s velocidad<br \/>\nSi lo que necesit\u00e1s es un equipo que te permita realizar tus tareas diarias sin demoras, con una velocidad de 300 Mbps este dispositivo es perfecto para vos.<\/p>\n<p>Internet en todos lados<br \/>\nCon una banda de 2.4 Hz, el alcance de la se\u00f1al ser\u00e1 excelente para que puedas utilizar tus aparatos electr\u00f3nicos en cualquier parte.<\/p>\n","protected":false},"excerpt":{"rendered":"<ul class=\"ui-vpp-highlighted-specs__features-list\">\n<li class=\"ui-vpp-highlighted-specs__features-list-item ui-pdp-color--BLACK ui-pdp-size--XSMALL ui-pdp-family--REGULAR\">Ofrece una velocidad de 300Mbps.<\/li>\n<li class=\"ui-vpp-highlighted-specs__features-list-item ui-pdp-color--BLACK ui-pdp-size--XSMALL ui-pdp-family--REGULAR\">Banda \u00fanica de 2.4 GHz.<\/li>\n<li class=\"ui-vpp-highlighted-specs__features-list-item ui-pdp-color--BLACK ui-pdp-size--XSMALL ui-pdp-family--REGULAR\">Posee 2 antenas externas.<\/li>\n<li class=\"ui-vpp-highlighted-specs__features-list-item ui-pdp-color--BLACK ui-pdp-size--XSMALL ui-pdp-family--REGULAR\">Tiene 5 puertos para conectarse.<\/li>\n<li class=\"ui-vpp-highlighted-specs__features-list-item ui-pdp-color--BLACK ui-pdp-size--XSMALL ui-pdp-family--REGULAR\">Con firewall integrado.<\/li>\n<li class=\"ui-vpp-highlighted-specs__features-list-item ui-pdp-color--BLACK ui-pdp-size--XSMALL ui-pdp-family--REGULAR\">Soporta los protocolos de seguridad WPA, WPA2, WEP, SPI, DMZ, WPS.<\/li>\n<li class=\"ui-vpp-highlighted-specs__features-list-item ui-pdp-color--BLACK ui-pdp-size--XSMALL ui-pdp-family--REGULAR\">Dimensiones: 204mm de ancho, 44mm de alto, 138mm de profundidad.<\/li>\n<li class=\"ui-vpp-highlighted-specs__features-list-item ui-pdp-color--BLACK ui-pdp-size--XSMALL ui-pdp-family--REGULAR\">Dispositivo que facilita conexi\u00f3n a la red.<\/li>\n<\/ul>\n","protected":false},"featured_media":13360,"comment_status":"open","ping_status":"closed","template":"","meta":[],"pwb-brand":[102],"product_cat":[82,70],"product_tag":[],"class_list":{"0":"post-13359","1":"product","2":"type-product","3":"status-publish","4":"has-post-thumbnail","6":"pwb-brand-tplink","7":"product_cat-routers-y-modems","8":"product_cat-conectividad-y-redes","10":"first","11":"instock","12":"shipping-taxable","13":"purchasable","14":"product-type-simple"},"brands":[{"id":102,"name":"Tp-Link","slug":"tplink"}],"_links":{"self":[{"href":"https:\/\/aptecnologia.com.ar\/new\/wp-json\/wp\/v2\/product\/13359","targetHints":{"allow":["GET"]}}],"collection":[{"href":"https:\/\/aptecnologia.com.ar\/new\/wp-json\/wp\/v2\/product"}],"about":[{"href":"https:\/\/aptecnologia.com.ar\/new\/wp-json\/wp\/v2\/types\/product"}],"replies":[{"embeddable":true,"href":"https:\/\/aptecnologia.com.ar\/new\/wp-json\/wp\/v2\/comments?post=13359"}],"version-history":[{"count":0,"href":"https:\/\/aptecnologia.com.ar\/new\/wp-json\/wp\/v2\/product\/13359\/revisions"}],"wp:featuredmedia":[{"embeddable":true,"href":"https:\/\/aptecnologia.com.ar\/new\/wp-json\/wp\/v2\/media\/13360"}],"wp:attachment":[{"href":"https:\/\/aptecnologia.com.ar\/new\/wp-json\/wp\/v2\/media?parent=13359"}],"wp:term":[{"taxonomy":"pwb-brand","embeddable":true,"href":"https:\/\/aptecnologia.com.ar\/new\/wp-json\/wp\/v2\/pwb-brand?post=13359"},{"taxonomy":"product_cat","embeddable":true,"href":"https:\/\/aptecnologia.com.ar\/new\/wp-json\/wp\/v2\/product_cat?post=13359"},{"taxonomy":"product_tag","embeddable":true,"href":"https:\/\/aptecnologia.com.ar\/new\/wp-json\/wp\/v2\/product_tag?post=13359"}],"curies":[{"name":"wp","href":"https:\/\/api.w.org\/{rel}","templated":true}]}}