{"id":13356,"date":"2023-05-31T15:44:44","date_gmt":"2023-05-31T18:44:44","guid":{"rendered":"https:\/\/aptecnologia.com.ar\/new\/?post_type=product&#038;p=13356"},"modified":"2023-05-31T16:14:34","modified_gmt":"2023-05-31T19:14:34","slug":"acces-point-unifi-ac-pro-ubiquiti","status":"publish","type":"product","link":"https:\/\/aptecnologia.com.ar\/new\/productos\/acces-point-unifi-ac-pro-ubiquiti\/","title":{"rendered":"Acces Point Unifi AC Pro &#8211; UBIQUITI"},"content":{"rendered":"<p>Con el access point Ubiquiti podr\u00e1s interconectar redes inal\u00e1mbricas logrando as\u00ed una conexi\u00f3n estable y segura entre la red y el dispositivo de destino.<\/p>\n<p>Dise\u00f1o cuidado y alto rendimiento<br \/>\nEste punto de acceso, sello de la marca Ubiquiti, te permitir\u00e1 establecer redes potentes y seguras. A trav\u00e9s de este dispositivo vas a poder crear un \u00e1rea local para proyectar se\u00f1al de wifi en ambientes de grandes dimensiones.<\/p>\n<p>Informaci\u00f3n que vuela<br \/>\nSin importar la cantidad de artefactos conectados ni la magnitud de los datos, tu conexi\u00f3n ser\u00e1 impresionante. Con una velocidad de 1750 Mbps, los tiempos de cargas lentas quedaron atr\u00e1s.<\/p>\n<p>Gran alcance y estabilidad<br \/>\n\u00a1Mantenete siempre en l\u00ednea! Con su doble banda logr\u00e1 un mayor alcance y una mejor estabilidad de la frecuencia.<\/p>\n","protected":false},"excerpt":{"rendered":"<ul class=\"ui-vpp-highlighted-specs__features-list\">\n<li class=\"ui-vpp-highlighted-specs__features-list-item ui-pdp-color--BLACK ui-pdp-size--XSMALL ui-pdp-family--REGULAR\">Ofrece una velocidad de 1750Mbps.<\/li>\n<li class=\"ui-vpp-highlighted-specs__features-list-item ui-pdp-color--BLACK ui-pdp-size--XSMALL ui-pdp-family--REGULAR\">Banda doble de 2.4 GHz y 5 GHz.<\/li>\n<li class=\"ui-vpp-highlighted-specs__features-list-item ui-pdp-color--BLACK ui-pdp-size--XSMALL ui-pdp-family--REGULAR\">Posee 3 antenas internas.<\/li>\n<li class=\"ui-vpp-highlighted-specs__features-list-item ui-pdp-color--BLACK ui-pdp-size--XSMALL ui-pdp-family--REGULAR\">Con hotspot para cubrir zonas de gran demanda de conexi\u00f3n.<\/li>\n<li class=\"ui-vpp-highlighted-specs__features-list-item ui-pdp-color--BLACK ui-pdp-size--XSMALL ui-pdp-family--REGULAR\">Tiene 3 puertos para conectarse.<\/li>\n<li class=\"ui-vpp-highlighted-specs__features-list-item ui-pdp-color--BLACK ui-pdp-size--XSMALL ui-pdp-family--REGULAR\">Soporta los protocolos de seguridad WEP, WPA, WPA2.<\/li>\n<li class=\"ui-vpp-highlighted-specs__features-list-item ui-pdp-color--BLACK ui-pdp-size--XSMALL ui-pdp-family--REGULAR\">Dispositivo que facilita conexi\u00f3n a la red.<\/li>\n<\/ul>\n","protected":false},"featured_media":13357,"comment_status":"open","ping_status":"closed","template":"","meta":[],"pwb-brand":[],"product_cat":[82,70],"product_tag":[],"class_list":{"0":"post-13356","1":"product","2":"type-product","3":"status-publish","4":"has-post-thumbnail","6":"product_cat-routers-y-modems","7":"product_cat-conectividad-y-redes","9":"first","10":"instock","11":"shipping-taxable","12":"purchasable","13":"product-type-simple"},"brands":[],"_links":{"self":[{"href":"https:\/\/aptecnologia.com.ar\/new\/wp-json\/wp\/v2\/product\/13356","targetHints":{"allow":["GET"]}}],"collection":[{"href":"https:\/\/aptecnologia.com.ar\/new\/wp-json\/wp\/v2\/product"}],"about":[{"href":"https:\/\/aptecnologia.com.ar\/new\/wp-json\/wp\/v2\/types\/product"}],"replies":[{"embeddable":true,"href":"https:\/\/aptecnologia.com.ar\/new\/wp-json\/wp\/v2\/comments?post=13356"}],"version-history":[{"count":0,"href":"https:\/\/aptecnologia.com.ar\/new\/wp-json\/wp\/v2\/product\/13356\/revisions"}],"wp:featuredmedia":[{"embeddable":true,"href":"https:\/\/aptecnologia.com.ar\/new\/wp-json\/wp\/v2\/media\/13357"}],"wp:attachment":[{"href":"https:\/\/aptecnologia.com.ar\/new\/wp-json\/wp\/v2\/media?parent=13356"}],"wp:term":[{"taxonomy":"pwb-brand","embeddable":true,"href":"https:\/\/aptecnologia.com.ar\/new\/wp-json\/wp\/v2\/pwb-brand?post=13356"},{"taxonomy":"product_cat","embeddable":true,"href":"https:\/\/aptecnologia.com.ar\/new\/wp-json\/wp\/v2\/product_cat?post=13356"},{"taxonomy":"product_tag","embeddable":true,"href":"https:\/\/aptecnologia.com.ar\/new\/wp-json\/wp\/v2\/product_tag?post=13356"}],"curies":[{"name":"wp","href":"https:\/\/api.w.org\/{rel}","templated":true}]}}