{"id":13349,"date":"2023-05-31T14:42:17","date_gmt":"2023-05-31T17:42:17","guid":{"rendered":"https:\/\/aptecnologia.com.ar\/new\/?post_type=product&#038;p=13349"},"modified":"2023-05-31T15:17:45","modified_gmt":"2023-05-31T18:17:45","slug":"placa-de-video-geforce-gt730-700m-2g-ddr3-128bit-dx-msi","status":"publish","type":"product","link":"https:\/\/aptecnologia.com.ar\/new\/productos\/placa-de-video-geforce-gt730-700m-2g-ddr3-128bit-dx-msi\/","title":{"rendered":"Placa de Video GeForce GT730 700M 2G DDR3 128bit DX &#8211; MSI"},"content":{"rendered":"<p>Este componente electr\u00f3nico procesa la informaci\u00f3n que llega al dispositivo y los transforma en im\u00e1genes o videos para mostrarla visualmente. Es ideal para trabajar con aplicaciones gr\u00e1ficas ya que permite obtener im\u00e1genes m\u00e1s n\u00edtidas.<\/p>\n<p>Nvidia es el fabricante l\u00edder de placas de video; su calidad asegura una experiencia positiva en el desarrollo del motor gr\u00e1fico de tu computadora. Adem\u00e1s, sus procesadores usan tecnolog\u00eda de punta para que puedas disfrutar de un producto veloz y duradero.<\/p>\n<p>En el menor tiempo posible<br \/>\nCon una velocidad de memoria de 5010 MHz los datos del procesador central se van a traducir en informaci\u00f3n comprensible en tan solo un abrir y cerrar de ojos; decodificar\u00e1 tantos ciclos por segundo que har\u00e1 m\u00e1s efectiva la transmisi\u00f3n de datos a otros componentes. Con esta cualidad, el equipo ganar\u00e1 agilidad y eficiencia.<\/p>\n<p>Velocidad en cada lectura<br \/>\nComo cuenta con 384 n\u00facleos, los c\u00e1lculos para el procesamiento de gr\u00e1ficos se realizar\u00e1n de forma simult\u00e1nea logrando un resultado \u00f3ptimo del trabajo de la placa. Esto le permitir\u00e1 ejecutar lecturas dispersas y r\u00e1pidas de y hacia la GPU.<\/p>\n<p>Calidad de imagen<br \/>\nCriterio fundamental a la hora de elegir una placa de video, su resoluci\u00f3n de 3840&#215;2160 no te defraudar\u00e1. La decodificaci\u00f3n de los p\u00edxeles en tu pantalla te har\u00e1n ver hasta los detalles m\u00e1s \u00ednfimos en cada ilustraci\u00f3n.<\/p>\n","protected":false},"excerpt":{"rendered":"<p>Tipo de memoria gr\u00e1fica GDDR3<br \/>\nInterfaz con la placa madre PCI-Express 2.0<br \/>\nBus de memoria 128 bit<br \/>\nConectividad VGA,DVI,HDMI<br \/>\nCantidad m\u00e1xima de monitores 2<br \/>\nResoluci\u00f3n m\u00e1xima 2560&#215;1600<br \/>\nRequerimiento energ\u00e9tico 300 W<br \/>\nVelocidad de la memoria 1600 MHz<br \/>\nCantidad de n\u00facleos 96<br \/>\nFrecuencia base del n\u00facleo 700 MHz<br \/>\nCompatible con directX S\u00ed<br \/>\nCompatible con openGL S\u00ed<\/p>\n","protected":false},"featured_media":13350,"comment_status":"open","ping_status":"closed","template":"","meta":[],"pwb-brand":[144],"product_cat":[91],"product_tag":[],"class_list":{"0":"post-13349","1":"product","2":"type-product","3":"status-publish","4":"has-post-thumbnail","6":"pwb-brand-msi","7":"product_cat-componentes","9":"first","10":"instock","11":"shipping-taxable","12":"purchasable","13":"product-type-simple"},"brands":[{"id":144,"name":"MSI","slug":"msi"}],"_links":{"self":[{"href":"https:\/\/aptecnologia.com.ar\/new\/wp-json\/wp\/v2\/product\/13349","targetHints":{"allow":["GET"]}}],"collection":[{"href":"https:\/\/aptecnologia.com.ar\/new\/wp-json\/wp\/v2\/product"}],"about":[{"href":"https:\/\/aptecnologia.com.ar\/new\/wp-json\/wp\/v2\/types\/product"}],"replies":[{"embeddable":true,"href":"https:\/\/aptecnologia.com.ar\/new\/wp-json\/wp\/v2\/comments?post=13349"}],"version-history":[{"count":0,"href":"https:\/\/aptecnologia.com.ar\/new\/wp-json\/wp\/v2\/product\/13349\/revisions"}],"wp:featuredmedia":[{"embeddable":true,"href":"https:\/\/aptecnologia.com.ar\/new\/wp-json\/wp\/v2\/media\/13350"}],"wp:attachment":[{"href":"https:\/\/aptecnologia.com.ar\/new\/wp-json\/wp\/v2\/media?parent=13349"}],"wp:term":[{"taxonomy":"pwb-brand","embeddable":true,"href":"https:\/\/aptecnologia.com.ar\/new\/wp-json\/wp\/v2\/pwb-brand?post=13349"},{"taxonomy":"product_cat","embeddable":true,"href":"https:\/\/aptecnologia.com.ar\/new\/wp-json\/wp\/v2\/product_cat?post=13349"},{"taxonomy":"product_tag","embeddable":true,"href":"https:\/\/aptecnologia.com.ar\/new\/wp-json\/wp\/v2\/product_tag?post=13349"}],"curies":[{"name":"wp","href":"https:\/\/api.w.org\/{rel}","templated":true}]}}