{"id":13322,"date":"2023-05-30T16:59:19","date_gmt":"2023-05-30T19:59:19","guid":{"rendered":"https:\/\/aptecnologia.com.ar\/new\/?post_type=product&#038;p=13322"},"modified":"2023-05-30T17:04:29","modified_gmt":"2023-05-30T20:04:29","slug":"micro-core-i5-10400-sixcore-1200-intel","status":"publish","type":"product","link":"https:\/\/aptecnologia.com.ar\/new\/productos\/micro-core-i5-10400-sixcore-1200-intel\/","title":{"rendered":"Micro Core I5 10400 Sixcore 1200 &#8211; INTEL"},"content":{"rendered":"<p>Productividad y entretenimiento, todo disponible en tu computadora de escritorio. La superioridad tecnol\u00f3gica de INTEL es un beneficio para todo tipo de profesionales. Asegura el mejor rendimiento de las aplicaciones, de la transferencia de datos y la conexi\u00f3n con otros elementos tecnol\u00f3gicos.<\/p>\n<p>N\u00facleos: el coraz\u00f3n del procesador<br \/>\nEn este producto, encontrar\u00e1s los n\u00facleos, que son los encargados de ejecutar las instrucciones y actividades que le asign\u00e1s a tu dispositivo. Estos tienen relaci\u00f3n directa con dos elementos: los hilos y el modelo. Por lo tanto, a la hora de elegir un procesador, es importante que valores los tres en su conjunto.<\/p>\n","protected":false},"excerpt":{"rendered":"<ul class=\"ui-vpp-highlighted-specs__features-list\">\n<li class=\"ui-vpp-highlighted-specs__features-list-item ui-pdp-color--BLACK ui-pdp-size--XSMALL ui-pdp-family--REGULAR\">Ejecuta programas de edici\u00f3n de videos, creaci\u00f3n de contenido, streaming y videojuegos sin afectar el rendimiento del dispositivo.<\/li>\n<li class=\"ui-vpp-highlighted-specs__features-list-item ui-pdp-color--BLACK ui-pdp-size--XSMALL ui-pdp-family--REGULAR\">Memoria cach\u00e9 de 12 MB, r\u00e1pida y vol\u00e1til.<\/li>\n<li class=\"ui-vpp-highlighted-specs__features-list-item ui-pdp-color--BLACK ui-pdp-size--XSMALL ui-pdp-family--REGULAR\">Procesador gr\u00e1fico Intel UHD Graphics 630.<\/li>\n<li class=\"ui-vpp-highlighted-specs__features-list-item ui-pdp-color--BLACK ui-pdp-size--XSMALL ui-pdp-family--REGULAR\">Soporta memoria RAM DDR4.<\/li>\n<li class=\"ui-vpp-highlighted-specs__features-list-item ui-pdp-color--BLACK ui-pdp-size--XSMALL ui-pdp-family--REGULAR\">Su potencia es de 65 W.<\/li>\n<li class=\"ui-vpp-highlighted-specs__features-list-item ui-pdp-color--BLACK ui-pdp-size--XSMALL ui-pdp-family--REGULAR\">Cuenta con Hyper-Threading que favorece la ejecuci\u00f3n de programas en simult\u00e1neo, al dividir el procesador f\u00edsico en dos procesadores l\u00f3gicos.<\/li>\n<li class=\"ui-vpp-highlighted-specs__features-list-item ui-pdp-color--BLACK ui-pdp-size--XSMALL ui-pdp-family--REGULAR\">Producto en empaque original.<\/li>\n<li class=\"ui-vpp-highlighted-specs__features-list-item ui-pdp-color--BLACK ui-pdp-size--XSMALL ui-pdp-family--REGULAR\">Z\u00f3calos compatibles: FCLGA120<\/li>\n<\/ul>\n","protected":false},"featured_media":13323,"comment_status":"open","ping_status":"closed","template":"","meta":[],"pwb-brand":[136],"product_cat":[91],"product_tag":[],"class_list":{"0":"post-13322","1":"product","2":"type-product","3":"status-publish","4":"has-post-thumbnail","6":"pwb-brand-intel","7":"product_cat-componentes","9":"first","10":"outofstock","11":"shipping-taxable","12":"purchasable","13":"product-type-simple"},"brands":[{"id":136,"name":"Intel","slug":"intel"}],"_links":{"self":[{"href":"https:\/\/aptecnologia.com.ar\/new\/wp-json\/wp\/v2\/product\/13322","targetHints":{"allow":["GET"]}}],"collection":[{"href":"https:\/\/aptecnologia.com.ar\/new\/wp-json\/wp\/v2\/product"}],"about":[{"href":"https:\/\/aptecnologia.com.ar\/new\/wp-json\/wp\/v2\/types\/product"}],"replies":[{"embeddable":true,"href":"https:\/\/aptecnologia.com.ar\/new\/wp-json\/wp\/v2\/comments?post=13322"}],"version-history":[{"count":0,"href":"https:\/\/aptecnologia.com.ar\/new\/wp-json\/wp\/v2\/product\/13322\/revisions"}],"wp:featuredmedia":[{"embeddable":true,"href":"https:\/\/aptecnologia.com.ar\/new\/wp-json\/wp\/v2\/media\/13323"}],"wp:attachment":[{"href":"https:\/\/aptecnologia.com.ar\/new\/wp-json\/wp\/v2\/media?parent=13322"}],"wp:term":[{"taxonomy":"pwb-brand","embeddable":true,"href":"https:\/\/aptecnologia.com.ar\/new\/wp-json\/wp\/v2\/pwb-brand?post=13322"},{"taxonomy":"product_cat","embeddable":true,"href":"https:\/\/aptecnologia.com.ar\/new\/wp-json\/wp\/v2\/product_cat?post=13322"},{"taxonomy":"product_tag","embeddable":true,"href":"https:\/\/aptecnologia.com.ar\/new\/wp-json\/wp\/v2\/product_tag?post=13322"}],"curies":[{"name":"wp","href":"https:\/\/api.w.org\/{rel}","templated":true}]}}