{"id":13319,"date":"2023-05-30T16:16:31","date_gmt":"2023-05-30T19:16:31","guid":{"rendered":"https:\/\/aptecnologia.com.ar\/new\/?post_type=product&#038;p=13319"},"modified":"2023-05-30T16:37:13","modified_gmt":"2023-05-30T19:37:13","slug":"memoria-ddr4-8gb-2666mhz-cl19-single-tray-adata","status":"publish","type":"product","link":"https:\/\/aptecnologia.com.ar\/new\/productos\/memoria-ddr4-8gb-2666mhz-cl19-single-tray-adata\/","title":{"rendered":"Memoria DDR4 8GB 2666MHZ CL19 SINGLE TRAY &#8211; ADATA"},"content":{"rendered":"<p>Adata, una de las empresas l\u00edder m\u00e1s j\u00f3venes en el mundo de las memorias ram, se destaca por ofrecer la mejor calidad y un completo abanico de soluciones de almacenamiento para acompa\u00f1ar el d\u00eda a d\u00eda de sus usuarios. Contar con una memoria Adata es contar con efectividad, estabilidad y velocidad en el almacenamiento de datos y en la ejecuci\u00f3n de sus aplicaciones, para conseguir as\u00ed un alto rendimiento.<\/p>\n<p>Potenci\u00e1 tu PC<br \/>\nCon su tecnolog\u00eda DDR4, mejorar\u00e1 el desempe\u00f1o de tu equipo, ya que opera en 3 y 4 canales, generando mayor fluidez y velocidad en la transferencia de datos. \u00a1Optimiz\u00e1 al m\u00e1ximo el rendimiento de tu ordenador!<\/p>\n<p>Tu equipo como nuevo<br \/>\nEsta memoria es ideal para tu Computadoras de escritorio. \u00a1Instalala y comenz\u00e1 a disfrutar de un \u00f3ptimo funcionamiento!<\/p>\n<p>Velocidad para exigentes<br \/>\nSi sos fan\u00e1tico de los juegos en l\u00ednea o la us\u00e1s para trabajar con programas o aplicaciones pesadas, esta memoria es para vos. Gracias a su velocidad de 2666 MHz, podr\u00e1s disfrutar de un alto rendimiento y hacer tus trabajos de manera r\u00e1pida y efectiva.<\/p>\n","protected":false},"excerpt":{"rendered":"<ul class=\"ui-vpp-highlighted-specs__features-list\">\n<li class=\"ui-vpp-highlighted-specs__features-list-item ui-pdp-color--BLACK ui-pdp-size--XSMALL ui-pdp-family--REGULAR\">Optimiz\u00e1 el rendimiento de tu m\u00e1quina con la tecnolog\u00eda DDR4 DRAM.<\/li>\n<li class=\"ui-vpp-highlighted-specs__features-list-item ui-pdp-color--BLACK ui-pdp-size--XSMALL ui-pdp-family--REGULAR\">Memoria con formato UDIMM.<\/li>\n<li class=\"ui-vpp-highlighted-specs__features-list-item ui-pdp-color--BLACK ui-pdp-size--XSMALL ui-pdp-family--REGULAR\">Alcanza una velocidad de 2666 MHz.<\/li>\n<li class=\"ui-vpp-highlighted-specs__features-list-item ui-pdp-color--BLACK ui-pdp-size--XSMALL ui-pdp-family--REGULAR\">Apta para computadoras de escritorio.<\/li>\n<li class=\"ui-vpp-highlighted-specs__features-list-item ui-pdp-color--BLACK ui-pdp-size--XSMALL ui-pdp-family--REGULAR\">L\u00ednea Premier.<\/li>\n<li class=\"ui-vpp-highlighted-specs__features-list-item ui-pdp-color--BLACK ui-pdp-size--XSMALL ui-pdp-family--REGULAR\">Cuenta con una tasa de transferencia de 21300 MB\/s.<\/li>\n<li class=\"ui-vpp-highlighted-specs__features-list-item ui-pdp-color--BLACK ui-pdp-size--XSMALL ui-pdp-family--REGULAR\">Compatible con Intel.<\/li>\n<\/ul>\n","protected":false},"featured_media":13320,"comment_status":"open","ping_status":"closed","template":"","meta":[],"pwb-brand":[185],"product_cat":[91],"product_tag":[],"class_list":{"0":"post-13319","1":"product","2":"type-product","3":"status-publish","4":"has-post-thumbnail","6":"pwb-brand-adata","7":"product_cat-componentes","9":"first","10":"outofstock","11":"shipping-taxable","12":"purchasable","13":"product-type-simple"},"brands":[{"id":185,"name":"Adata","slug":"adata"}],"_links":{"self":[{"href":"https:\/\/aptecnologia.com.ar\/new\/wp-json\/wp\/v2\/product\/13319","targetHints":{"allow":["GET"]}}],"collection":[{"href":"https:\/\/aptecnologia.com.ar\/new\/wp-json\/wp\/v2\/product"}],"about":[{"href":"https:\/\/aptecnologia.com.ar\/new\/wp-json\/wp\/v2\/types\/product"}],"replies":[{"embeddable":true,"href":"https:\/\/aptecnologia.com.ar\/new\/wp-json\/wp\/v2\/comments?post=13319"}],"version-history":[{"count":0,"href":"https:\/\/aptecnologia.com.ar\/new\/wp-json\/wp\/v2\/product\/13319\/revisions"}],"wp:featuredmedia":[{"embeddable":true,"href":"https:\/\/aptecnologia.com.ar\/new\/wp-json\/wp\/v2\/media\/13320"}],"wp:attachment":[{"href":"https:\/\/aptecnologia.com.ar\/new\/wp-json\/wp\/v2\/media?parent=13319"}],"wp:term":[{"taxonomy":"pwb-brand","embeddable":true,"href":"https:\/\/aptecnologia.com.ar\/new\/wp-json\/wp\/v2\/pwb-brand?post=13319"},{"taxonomy":"product_cat","embeddable":true,"href":"https:\/\/aptecnologia.com.ar\/new\/wp-json\/wp\/v2\/product_cat?post=13319"},{"taxonomy":"product_tag","embeddable":true,"href":"https:\/\/aptecnologia.com.ar\/new\/wp-json\/wp\/v2\/product_tag?post=13319"}],"curies":[{"name":"wp","href":"https:\/\/api.w.org\/{rel}","templated":true}]}}