{"id":13316,"date":"2023-05-30T16:12:54","date_gmt":"2023-05-30T19:12:54","guid":{"rendered":"https:\/\/aptecnologia.com.ar\/new\/?post_type=product&#038;p=13316"},"modified":"2023-05-30T16:16:22","modified_gmt":"2023-05-30T19:16:22","slug":"memoria-ddr4-4gb-2400-mhz-corsair","status":"publish","type":"product","link":"https:\/\/aptecnologia.com.ar\/new\/productos\/memoria-ddr4-4gb-2400-mhz-corsair\/","title":{"rendered":"Memoria DDR4 4Gb 2400 MHz &#8211; CORSAIR"},"content":{"rendered":"<p>MEMORIA ULTRAESTABLE DE CORSAIR, EL L\u00cdDER EN SOLUCIONES DE MEMORIA DE ALTO RENDIMIENTO<br \/>\nCORSAIR destaca por ofrecer memoria de altas prestaciones capaz de rendir en las situaciones m\u00e1s exigentes, como entornos extremos de juego y de procesamiento con una fuerte carga de transacciones. Pero no todos los equipos se someten a condiciones tan exigentes. Por eso hemos trasladado la fiabilidad, las pruebas y la calidad legendarios de CORSAIR a una gama de productos de memoria dise\u00f1ados para rendir en situaciones m\u00e1s cotidianas, como la utilizaci\u00f3n de las aplicaciones de oficina m\u00e1s populares. Esta es ahora una nuestras principales gamas. Memoria en la que se puede confiar, garantizada de por vida.<\/p>\n","protected":false},"excerpt":{"rendered":"<p>&#8211; Marca: CORSAIR<br \/>\n&#8211; Modelo: CMV4GX4M1A2400C16<br \/>\n&#8211; Ventilador incluido No<br \/>\n&#8211; Serie de memoria SELECCI\u00d3N DE VALOR<br \/>\n&#8211; Tipo de memoria DDR4<br \/>\n&#8211; Tama\u00f1o de la memoria 4 GB (1 de 4 GB)<br \/>\n&#8211; Latencia probada 16-16-16-39<br \/>\n&#8211; Voltaje probado 1,2 V<br \/>\n&#8211; Velocidad probada 2400<br \/>\n&#8211; Latencia SPD 15-15-15-36<br \/>\n&#8211; Velocidad SPD 2133MHz<br \/>\n&#8211; Voltaje SPD 1,2 V<br \/>\n&#8211; Clasificaci\u00f3n de velocidad PC4-19200 (2400 MHz)<br \/>\n&#8211; Compatibilidad Serie Intel 100, Serie Intel 200, Serie Intel 300, Serie Intel 400, Serie Intel 500, Serie Intel 600<br \/>\n&#8211; Formato de memoria del paquete DIMM<br \/>\n&#8211; Pasador de memoria del paquete 288<\/p>\n","protected":false},"featured_media":13317,"comment_status":"open","ping_status":"closed","template":"","meta":[],"pwb-brand":[111],"product_cat":[91],"product_tag":[],"class_list":{"0":"post-13316","1":"product","2":"type-product","3":"status-publish","4":"has-post-thumbnail","6":"pwb-brand-corsair","7":"product_cat-componentes","9":"first","10":"instock","11":"shipping-taxable","12":"purchasable","13":"product-type-simple"},"brands":[{"id":111,"name":"Corsair","slug":"corsair"}],"_links":{"self":[{"href":"https:\/\/aptecnologia.com.ar\/new\/wp-json\/wp\/v2\/product\/13316","targetHints":{"allow":["GET"]}}],"collection":[{"href":"https:\/\/aptecnologia.com.ar\/new\/wp-json\/wp\/v2\/product"}],"about":[{"href":"https:\/\/aptecnologia.com.ar\/new\/wp-json\/wp\/v2\/types\/product"}],"replies":[{"embeddable":true,"href":"https:\/\/aptecnologia.com.ar\/new\/wp-json\/wp\/v2\/comments?post=13316"}],"version-history":[{"count":0,"href":"https:\/\/aptecnologia.com.ar\/new\/wp-json\/wp\/v2\/product\/13316\/revisions"}],"wp:featuredmedia":[{"embeddable":true,"href":"https:\/\/aptecnologia.com.ar\/new\/wp-json\/wp\/v2\/media\/13317"}],"wp:attachment":[{"href":"https:\/\/aptecnologia.com.ar\/new\/wp-json\/wp\/v2\/media?parent=13316"}],"wp:term":[{"taxonomy":"pwb-brand","embeddable":true,"href":"https:\/\/aptecnologia.com.ar\/new\/wp-json\/wp\/v2\/pwb-brand?post=13316"},{"taxonomy":"product_cat","embeddable":true,"href":"https:\/\/aptecnologia.com.ar\/new\/wp-json\/wp\/v2\/product_cat?post=13316"},{"taxonomy":"product_tag","embeddable":true,"href":"https:\/\/aptecnologia.com.ar\/new\/wp-json\/wp\/v2\/product_tag?post=13316"}],"curies":[{"name":"wp","href":"https:\/\/api.w.org\/{rel}","templated":true}]}}