{"id":13299,"date":"2023-05-30T14:01:09","date_gmt":"2023-05-30T17:01:09","guid":{"rendered":"https:\/\/aptecnologia.com.ar\/new\/?post_type=product&#038;p=13299"},"modified":"2023-05-30T14:21:47","modified_gmt":"2023-05-30T17:21:47","slug":"gabinete-kit-ov-k910-overtech","status":"publish","type":"product","link":"https:\/\/aptecnologia.com.ar\/new\/productos\/gabinete-kit-ov-k910-overtech\/","title":{"rendered":"Gabinete Kit OV-K910 &#8211; OVERTECH"},"content":{"rendered":"<p>GABINETE:<br \/>\n\u00b7 Estructura 0.50mm SPCC + Recubrimiento, \u00b7 Color negro<br \/>\n\u00b7 Puerto USB, Audio y Jack<br \/>\n\u00b7 Panel de color negro brillante y plateado con luz LED<br \/>\n\u00b7 Versi\u00f3n de ampliaci\u00f3n magn\u00e9tica de PSU de 500W, con 24 pines, 3 * 4 pines + 2 sata,<\/p>\n<p>MOUSE:<br \/>\n&#8211; Mouse USB<br \/>\n&#8211; Dise\u00f1ado para notebook y PC<br \/>\n&#8211; Tecnolog\u00eda \u00f3ptica<br \/>\n&#8211; Sin esfera de arrastre para limpiar<br \/>\n&#8211; Mouse ergon\u00f3mico para mayor comodidad<br \/>\n&#8211; Laterales en goma para un mejor agarre<br \/>\n&#8211; Dise\u00f1o elegante<br \/>\n&#8211; Respuesta inmediata<br \/>\n&#8211; No requiere instalaci\u00f3n<br \/>\n&#8211; F\u00e1cil de transportar<br \/>\n&#8211; Color negro<br \/>\n&#8211; Funciona en casi todas las superficies<br \/>\n&#8211; Resoluci\u00f3n \u00f3ptica: hasta 800dpi<\/p>\n<p>TECLADO:<\/p>\n<p>&#8211; Teclado USB<br \/>\n&#8211; Multimedia<br \/>\n&#8211; Color negro<\/p>\n<p>FUENTE:<\/p>\n<p>&#8211; Fuente 500W<br \/>\n&#8211; Linea Entry.<br \/>\n&#8211; Formato ATX.<br \/>\n&#8211; Conexiones: 24 pins, 3&#215;4 pins, 2 SATA.<br \/>\n&#8211; Cooler 8 cm<\/p>\n<p>PARLANTES:<\/p>\n<p>&#8211; Proveedor energ\u00eda 5v<br \/>\n&#8211; Salida 2.5W*2<br \/>\n&#8211; Medidas: Alto: 6.0cm + ancho: 6.2cm+ largo: 7.3cm<br \/>\n&#8211; Color negro<\/p>\n","protected":false},"excerpt":{"rendered":"<p>&#8211; MARCA: OVERTECH<br \/>\n&#8211; MODELO: OK-910<br \/>\n&#8211; PRODUCTO NUEVO EN CAJA CERRADA<\/p>\n","protected":false},"featured_media":13301,"comment_status":"open","ping_status":"closed","template":"","meta":[],"pwb-brand":[226],"product_cat":[91],"product_tag":[],"class_list":{"0":"post-13299","1":"product","2":"type-product","3":"status-publish","4":"has-post-thumbnail","6":"pwb-brand-overtech","7":"product_cat-componentes","9":"first","10":"outofstock","11":"shipping-taxable","12":"purchasable","13":"product-type-simple"},"brands":[{"id":226,"name":"Overtech","slug":"overtech"}],"_links":{"self":[{"href":"https:\/\/aptecnologia.com.ar\/new\/wp-json\/wp\/v2\/product\/13299","targetHints":{"allow":["GET"]}}],"collection":[{"href":"https:\/\/aptecnologia.com.ar\/new\/wp-json\/wp\/v2\/product"}],"about":[{"href":"https:\/\/aptecnologia.com.ar\/new\/wp-json\/wp\/v2\/types\/product"}],"replies":[{"embeddable":true,"href":"https:\/\/aptecnologia.com.ar\/new\/wp-json\/wp\/v2\/comments?post=13299"}],"version-history":[{"count":0,"href":"https:\/\/aptecnologia.com.ar\/new\/wp-json\/wp\/v2\/product\/13299\/revisions"}],"wp:featuredmedia":[{"embeddable":true,"href":"https:\/\/aptecnologia.com.ar\/new\/wp-json\/wp\/v2\/media\/13301"}],"wp:attachment":[{"href":"https:\/\/aptecnologia.com.ar\/new\/wp-json\/wp\/v2\/media?parent=13299"}],"wp:term":[{"taxonomy":"pwb-brand","embeddable":true,"href":"https:\/\/aptecnologia.com.ar\/new\/wp-json\/wp\/v2\/pwb-brand?post=13299"},{"taxonomy":"product_cat","embeddable":true,"href":"https:\/\/aptecnologia.com.ar\/new\/wp-json\/wp\/v2\/product_cat?post=13299"},{"taxonomy":"product_tag","embeddable":true,"href":"https:\/\/aptecnologia.com.ar\/new\/wp-json\/wp\/v2\/product_tag?post=13299"}],"curies":[{"name":"wp","href":"https:\/\/api.w.org\/{rel}","templated":true}]}}