{"id":13289,"date":"2023-05-30T12:43:38","date_gmt":"2023-05-30T15:43:38","guid":{"rendered":"https:\/\/aptecnologia.com.ar\/new\/?post_type=product&#038;p=13289"},"modified":"2025-04-29T10:32:39","modified_gmt":"2025-04-29T13:32:39","slug":"celular-tcl-305-64gb-tcl","status":"publish","type":"product","link":"https:\/\/aptecnologia.com.ar\/new\/productos\/celular-tcl-305-64gb-tcl\/","title":{"rendered":"Celular TCL 305 64gb &#8211; TCL"},"content":{"rendered":"<p>Fotograf\u00eda profesional en tu bolsillo<br \/>\nDescubr\u00ed infinitas posibilidades para tus fotos con las 3 c\u00e1maras principales de tu equipo. Pon\u00e9 a prueba tu creatividad y jug\u00e1 con la iluminaci\u00f3n, diferentes planos y efectos para obtener grandes resultados.<\/p>\n<p>Adem\u00e1s, el dispositivo cuenta con c\u00e1mara frontal de 5 Mpx para que puedas sacarte divertidas selfies o hacer videollamadas.<\/p>\n<p>Todo lo que necesit\u00e1s<br \/>\nSu memoria RAM de 2 GB es justo lo que necesit\u00e1s para utilizar las funciones m\u00e1s importantes como llamar, enviar mensajes, navegar y ejecutar aplicaciones de uso frecuente como redes sociales o multimedia.<\/p>\n<p>Desbloqueo facial y dactilar<br \/>\nM\u00e1xima seguridad para que solo vos puedas acceder al equipo. Podr\u00e1s elegir entre el sensor de huella dactilar para habilitar el tel\u00e9fono en un toque, o el reconocimiento facial que permite un desbloqueo hasta un 30% m\u00e1s r\u00e1pido.<\/p>\n<p>Bater\u00eda de duraci\u00f3n superior<br \/>\n\u00a1Desenchufate! Con la s\u00faper bater\u00eda de 5000 mAh tendr\u00e1s energ\u00eda por mucho m\u00e1s tiempo para jugar, ver series o trabajar sin necesidad de realizar recargas.<\/p>\n","protected":false},"excerpt":{"rendered":"<ul class=\"ui-vpp-highlighted-specs__features-list\">\n<li class=\"ui-vpp-highlighted-specs__features-list-item ui-pdp-color--BLACK ui-pdp-size--XSMALL ui-pdp-family--REGULAR\">Dispositivo liberado para que elijas la compa\u00f1\u00eda telef\u00f3nica que prefieras.<\/li>\n<li class=\"ui-vpp-highlighted-specs__features-list-item ui-pdp-color--BLACK ui-pdp-size--XSMALL ui-pdp-family--REGULAR\">Pantalla IPS de 6.52&#8243;.<\/li>\n<li class=\"ui-vpp-highlighted-specs__features-list-item ui-pdp-color--BLACK ui-pdp-size--XSMALL ui-pdp-family--REGULAR\">Tiene 3 c\u00e1maras traseras de 13Mpx\/2Mpx\/2Mpx.<\/li>\n<li class=\"ui-vpp-highlighted-specs__features-list-item ui-pdp-color--BLACK ui-pdp-size--XSMALL ui-pdp-family--REGULAR\">C\u00e1mara delantera de 5Mpx.<\/li>\n<li class=\"ui-vpp-highlighted-specs__features-list-item ui-pdp-color--BLACK ui-pdp-size--XSMALL ui-pdp-family--REGULAR\">Procesador MediaTek MT6761 Helio A22 Quad-Core de 2GHz con 2GB de RAM.<\/li>\n<li class=\"ui-vpp-highlighted-specs__features-list-item ui-pdp-color--BLACK ui-pdp-size--XSMALL ui-pdp-family--REGULAR\">Bater\u00eda de 5000mAh.<\/li>\n<li class=\"ui-vpp-highlighted-specs__features-list-item ui-pdp-color--BLACK ui-pdp-size--XSMALL ui-pdp-family--REGULAR\">Memoria interna de 64GB.<\/li>\n<li class=\"ui-vpp-highlighted-specs__features-list-item ui-pdp-color--BLACK ui-pdp-size--XSMALL ui-pdp-family--REGULAR\">Con reconocimiento facial y sensor de huella dactilar.<\/li>\n<\/ul>\n","protected":false},"featured_media":13290,"comment_status":"open","ping_status":"closed","template":"","meta":[],"pwb-brand":[157],"product_cat":[196,220],"product_tag":[],"class_list":{"0":"post-13289","1":"product","2":"type-product","3":"status-publish","4":"has-post-thumbnail","6":"pwb-brand-tcl","7":"product_cat-celulares","8":"product_cat-equipos-celulares","10":"first","11":"outofstock","12":"shipping-taxable","13":"purchasable","14":"product-type-simple"},"brands":[{"id":157,"name":"TCL","slug":"tcl"}],"_links":{"self":[{"href":"https:\/\/aptecnologia.com.ar\/new\/wp-json\/wp\/v2\/product\/13289","targetHints":{"allow":["GET"]}}],"collection":[{"href":"https:\/\/aptecnologia.com.ar\/new\/wp-json\/wp\/v2\/product"}],"about":[{"href":"https:\/\/aptecnologia.com.ar\/new\/wp-json\/wp\/v2\/types\/product"}],"replies":[{"embeddable":true,"href":"https:\/\/aptecnologia.com.ar\/new\/wp-json\/wp\/v2\/comments?post=13289"}],"version-history":[{"count":1,"href":"https:\/\/aptecnologia.com.ar\/new\/wp-json\/wp\/v2\/product\/13289\/revisions"}],"predecessor-version":[{"id":15919,"href":"https:\/\/aptecnologia.com.ar\/new\/wp-json\/wp\/v2\/product\/13289\/revisions\/15919"}],"wp:featuredmedia":[{"embeddable":true,"href":"https:\/\/aptecnologia.com.ar\/new\/wp-json\/wp\/v2\/media\/13290"}],"wp:attachment":[{"href":"https:\/\/aptecnologia.com.ar\/new\/wp-json\/wp\/v2\/media?parent=13289"}],"wp:term":[{"taxonomy":"pwb-brand","embeddable":true,"href":"https:\/\/aptecnologia.com.ar\/new\/wp-json\/wp\/v2\/pwb-brand?post=13289"},{"taxonomy":"product_cat","embeddable":true,"href":"https:\/\/aptecnologia.com.ar\/new\/wp-json\/wp\/v2\/product_cat?post=13289"},{"taxonomy":"product_tag","embeddable":true,"href":"https:\/\/aptecnologia.com.ar\/new\/wp-json\/wp\/v2\/product_tag?post=13289"}],"curies":[{"name":"wp","href":"https:\/\/api.w.org\/{rel}","templated":true}]}}