{"id":13285,"date":"2023-05-30T10:43:14","date_gmt":"2023-05-30T13:43:14","guid":{"rendered":"https:\/\/aptecnologia.com.ar\/new\/?post_type=product&#038;p=13285"},"modified":"2023-05-30T11:59:26","modified_gmt":"2023-05-30T14:59:26","slug":"pila-a76-lr44-energizer","status":"publish","type":"product","link":"https:\/\/aptecnologia.com.ar\/new\/productos\/pila-a76-lr44-energizer\/","title":{"rendered":"Pila A76 LR44 &#8211; ENERGIZER"},"content":{"rendered":"<p>Para la electr\u00f3nica de la casa, como entradas sin llave, libros electr\u00f3nicos y monitores de glucosa, Energizer\u00ae va m\u00e1s all\u00e1 de los tama\u00f1os b\u00e1sicos de bater\u00edas para brindarte todo lo que necesitas<\/p>\n","protected":false},"excerpt":{"rendered":"<p><b>Especificaciones T\u00e9cnicas<\/b><br \/>\nCapacidad de clase mundial y resistencia a las fugas. Se utilizan en relojes, juguetes, monitores de glucosa y calculadoras.<br \/>\nTama\u00f1o de las celdas: A76<br \/>\nVolt: 1.5<br \/>\nReemplazo para: 157, 303, 357, AG13, EPX76, LR44, S76, SG13, SR44<br \/>\n<b>Uso Recomendado<\/b><br \/>\nPara la electr\u00f3nica de la casa, como entradas sin llave, libros electr\u00f3nicos y monitores de glucosa<\/p>\n","protected":false},"featured_media":13286,"comment_status":"open","ping_status":"closed","template":"","meta":[],"pwb-brand":[247],"product_cat":[245,71],"product_tag":[],"class_list":{"0":"post-13285","1":"product","2":"type-product","3":"status-publish","4":"has-post-thumbnail","6":"pwb-brand-energizer","7":"product_cat-pilas","8":"product_cat-hogar","10":"first","11":"outofstock","12":"shipping-taxable","13":"purchasable","14":"product-type-simple"},"brands":[{"id":247,"name":"ENERGIZER","slug":"energizer"}],"_links":{"self":[{"href":"https:\/\/aptecnologia.com.ar\/new\/wp-json\/wp\/v2\/product\/13285","targetHints":{"allow":["GET"]}}],"collection":[{"href":"https:\/\/aptecnologia.com.ar\/new\/wp-json\/wp\/v2\/product"}],"about":[{"href":"https:\/\/aptecnologia.com.ar\/new\/wp-json\/wp\/v2\/types\/product"}],"replies":[{"embeddable":true,"href":"https:\/\/aptecnologia.com.ar\/new\/wp-json\/wp\/v2\/comments?post=13285"}],"version-history":[{"count":0,"href":"https:\/\/aptecnologia.com.ar\/new\/wp-json\/wp\/v2\/product\/13285\/revisions"}],"wp:featuredmedia":[{"embeddable":true,"href":"https:\/\/aptecnologia.com.ar\/new\/wp-json\/wp\/v2\/media\/13286"}],"wp:attachment":[{"href":"https:\/\/aptecnologia.com.ar\/new\/wp-json\/wp\/v2\/media?parent=13285"}],"wp:term":[{"taxonomy":"pwb-brand","embeddable":true,"href":"https:\/\/aptecnologia.com.ar\/new\/wp-json\/wp\/v2\/pwb-brand?post=13285"},{"taxonomy":"product_cat","embeddable":true,"href":"https:\/\/aptecnologia.com.ar\/new\/wp-json\/wp\/v2\/product_cat?post=13285"},{"taxonomy":"product_tag","embeddable":true,"href":"https:\/\/aptecnologia.com.ar\/new\/wp-json\/wp\/v2\/product_tag?post=13285"}],"curies":[{"name":"wp","href":"https:\/\/api.w.org\/{rel}","templated":true}]}}