{"id":13281,"date":"2023-05-30T10:35:21","date_gmt":"2023-05-30T13:35:21","guid":{"rendered":"https:\/\/aptecnologia.com.ar\/new\/?post_type=product&#038;p=13281"},"modified":"2023-06-06T18:07:07","modified_gmt":"2023-06-06T21:07:07","slug":"pila-alcalina-aaaa-energizer","status":"publish","type":"product","link":"https:\/\/aptecnologia.com.ar\/new\/productos\/pila-alcalina-aaaa-energizer\/","title":{"rendered":"Pila AAAA Alcalina- ENERGIZER"},"content":{"rendered":"<p>Para la electr\u00f3nica de la casa, como entradas sin llave, libros electr\u00f3nicos y monitores de glucosa, Energizer\u00ae va m\u00e1s all\u00e1 de los tama\u00f1os b\u00e1sicos de bater\u00edas para brindarte todo lo que necesitas.<\/p>\n","protected":false},"excerpt":{"rendered":"<p><b>Especificaciones T\u00e9cnicas<\/b><br \/>\nLa bater\u00eda AAAA pesa 43% menos, y es 40% m\u00e1s peque\u00f1a y 20% m\u00e1s delgada que la bater\u00eda AAA est\u00e1ndar.<br \/>\n<b>Uso Recomendado<\/b><br \/>\nIdeal para auriculares Bluetooth, punteros l\u00e1ser y linternas de bolsillo de LED, controles remotos, y dispositivos m\u00e9dicos de uso dom\u00e9stico, como gluc\u00f3metros y tensi\u00f3metros.<\/p>\n","protected":false},"featured_media":13283,"comment_status":"open","ping_status":"closed","template":"","meta":[],"pwb-brand":[247],"product_cat":[245,71],"product_tag":[],"class_list":{"0":"post-13281","1":"product","2":"type-product","3":"status-publish","4":"has-post-thumbnail","6":"pwb-brand-energizer","7":"product_cat-pilas","8":"product_cat-hogar","10":"first","11":"instock","12":"shipping-taxable","13":"purchasable","14":"product-type-simple"},"brands":[{"id":247,"name":"ENERGIZER","slug":"energizer"}],"_links":{"self":[{"href":"https:\/\/aptecnologia.com.ar\/new\/wp-json\/wp\/v2\/product\/13281","targetHints":{"allow":["GET"]}}],"collection":[{"href":"https:\/\/aptecnologia.com.ar\/new\/wp-json\/wp\/v2\/product"}],"about":[{"href":"https:\/\/aptecnologia.com.ar\/new\/wp-json\/wp\/v2\/types\/product"}],"replies":[{"embeddable":true,"href":"https:\/\/aptecnologia.com.ar\/new\/wp-json\/wp\/v2\/comments?post=13281"}],"version-history":[{"count":0,"href":"https:\/\/aptecnologia.com.ar\/new\/wp-json\/wp\/v2\/product\/13281\/revisions"}],"wp:featuredmedia":[{"embeddable":true,"href":"https:\/\/aptecnologia.com.ar\/new\/wp-json\/wp\/v2\/media\/13283"}],"wp:attachment":[{"href":"https:\/\/aptecnologia.com.ar\/new\/wp-json\/wp\/v2\/media?parent=13281"}],"wp:term":[{"taxonomy":"pwb-brand","embeddable":true,"href":"https:\/\/aptecnologia.com.ar\/new\/wp-json\/wp\/v2\/pwb-brand?post=13281"},{"taxonomy":"product_cat","embeddable":true,"href":"https:\/\/aptecnologia.com.ar\/new\/wp-json\/wp\/v2\/product_cat?post=13281"},{"taxonomy":"product_tag","embeddable":true,"href":"https:\/\/aptecnologia.com.ar\/new\/wp-json\/wp\/v2\/product_tag?post=13281"}],"curies":[{"name":"wp","href":"https:\/\/api.w.org\/{rel}","templated":true}]}}