{"id":13278,"date":"2023-05-30T10:25:50","date_gmt":"2023-05-30T13:25:50","guid":{"rendered":"https:\/\/aptecnologia.com.ar\/new\/?post_type=product&#038;p=13278"},"modified":"2023-05-30T12:01:05","modified_gmt":"2023-05-30T15:01:05","slug":"pila-357-303-sr44-1-5v-energizer","status":"publish","type":"product","link":"https:\/\/aptecnologia.com.ar\/new\/productos\/pila-357-303-sr44-1-5v-energizer\/","title":{"rendered":"Pila 357\/303 Sr44 1.5v &#8211; ENERGIZER"},"content":{"rendered":"<p>La bater\u00eda tipo bot\u00f3n Energizer\u00ae 357\/303 de \u00f3xido de plata, ofrece energ\u00eda duradera y confiable a sus dispositivos que funcionan con bater\u00edas de bot\u00f3n, desde dispositivos electr\u00f3nicos dom\u00e9sticos como sistemas de entrada sin llave, juguetes, libros electr\u00f3nicos, calculadoras y relojes, hasta monitores de glucosa y frecuencia card\u00edaca.<br \/>\nEstas bater\u00edas sin mercurio pueden mantener la energ\u00eda durante hasta 5 a\u00f1os en almacenamiento.<br \/>\nElija pilas especiales Energizer\u00ae para obtener una potencia duradera con la que puede contar cuando la necesite.<\/p>\n","protected":false},"excerpt":{"rendered":"<p><b>Especificaciones T\u00e9cnicas<\/b><br \/>\nComposici\u00f3n: \u00d3xido de Plata<br \/>\nVoltaje: 1.55 Vcc<br \/>\nEquivalencias: S05, 1131SO, D303\/357, 357, 303, SP357, SP303, V357, V303, GS13, SR44W, 228, GS14, SBA9, SR44SW y WS14.<br \/>\n<b>Uso Recomendado<\/b><br \/>\nDispositivos m\u00e9dicos, calculadoras, juguetes y relojes.<\/p>\n","protected":false},"featured_media":13279,"comment_status":"open","ping_status":"closed","template":"","meta":[],"pwb-brand":[247],"product_cat":[245,71],"product_tag":[],"class_list":{"0":"post-13278","1":"product","2":"type-product","3":"status-publish","4":"has-post-thumbnail","6":"pwb-brand-energizer","7":"product_cat-pilas","8":"product_cat-hogar","10":"first","11":"instock","12":"shipping-taxable","13":"purchasable","14":"product-type-simple"},"brands":[{"id":247,"name":"ENERGIZER","slug":"energizer"}],"_links":{"self":[{"href":"https:\/\/aptecnologia.com.ar\/new\/wp-json\/wp\/v2\/product\/13278","targetHints":{"allow":["GET"]}}],"collection":[{"href":"https:\/\/aptecnologia.com.ar\/new\/wp-json\/wp\/v2\/product"}],"about":[{"href":"https:\/\/aptecnologia.com.ar\/new\/wp-json\/wp\/v2\/types\/product"}],"replies":[{"embeddable":true,"href":"https:\/\/aptecnologia.com.ar\/new\/wp-json\/wp\/v2\/comments?post=13278"}],"version-history":[{"count":0,"href":"https:\/\/aptecnologia.com.ar\/new\/wp-json\/wp\/v2\/product\/13278\/revisions"}],"wp:featuredmedia":[{"embeddable":true,"href":"https:\/\/aptecnologia.com.ar\/new\/wp-json\/wp\/v2\/media\/13279"}],"wp:attachment":[{"href":"https:\/\/aptecnologia.com.ar\/new\/wp-json\/wp\/v2\/media?parent=13278"}],"wp:term":[{"taxonomy":"pwb-brand","embeddable":true,"href":"https:\/\/aptecnologia.com.ar\/new\/wp-json\/wp\/v2\/pwb-brand?post=13278"},{"taxonomy":"product_cat","embeddable":true,"href":"https:\/\/aptecnologia.com.ar\/new\/wp-json\/wp\/v2\/product_cat?post=13278"},{"taxonomy":"product_tag","embeddable":true,"href":"https:\/\/aptecnologia.com.ar\/new\/wp-json\/wp\/v2\/product_tag?post=13278"}],"curies":[{"name":"wp","href":"https:\/\/api.w.org\/{rel}","templated":true}]}}