{"id":13274,"date":"2023-05-30T10:09:35","date_gmt":"2023-05-30T13:09:35","guid":{"rendered":"https:\/\/aptecnologia.com.ar\/new\/?post_type=product&#038;p=13274"},"modified":"2023-05-30T12:01:54","modified_gmt":"2023-05-30T15:01:54","slug":"pila-lr-41-ag3-generica","status":"publish","type":"product","link":"https:\/\/aptecnologia.com.ar\/new\/productos\/pila-lr-41-ag3-generica\/","title":{"rendered":"Pila LR 41  &#8211; GENERICA"},"content":{"rendered":"","protected":false},"excerpt":{"rendered":"<p>Esta pila Vinnic te garantiza que tendr\u00e1s energ\u00eda en la que pod\u00e9s confiar, tanto si te estas preparando para esa tormenta que se ve en el horizonte o simplemente deleitando a tus hijos con un juguete a control remoto \u00a1Tendr\u00e1s energ\u00eda en todo momento<\/p>\n","protected":false},"featured_media":13275,"comment_status":"open","ping_status":"closed","template":"","meta":[],"pwb-brand":[169],"product_cat":[245,71],"product_tag":[],"class_list":{"0":"post-13274","1":"product","2":"type-product","3":"status-publish","4":"has-post-thumbnail","6":"pwb-brand-generico","7":"product_cat-pilas","8":"product_cat-hogar","10":"first","11":"instock","12":"shipping-taxable","13":"purchasable","14":"product-type-simple"},"brands":[{"id":169,"name":"Generico","slug":"generico"}],"_links":{"self":[{"href":"https:\/\/aptecnologia.com.ar\/new\/wp-json\/wp\/v2\/product\/13274","targetHints":{"allow":["GET"]}}],"collection":[{"href":"https:\/\/aptecnologia.com.ar\/new\/wp-json\/wp\/v2\/product"}],"about":[{"href":"https:\/\/aptecnologia.com.ar\/new\/wp-json\/wp\/v2\/types\/product"}],"replies":[{"embeddable":true,"href":"https:\/\/aptecnologia.com.ar\/new\/wp-json\/wp\/v2\/comments?post=13274"}],"version-history":[{"count":0,"href":"https:\/\/aptecnologia.com.ar\/new\/wp-json\/wp\/v2\/product\/13274\/revisions"}],"wp:featuredmedia":[{"embeddable":true,"href":"https:\/\/aptecnologia.com.ar\/new\/wp-json\/wp\/v2\/media\/13275"}],"wp:attachment":[{"href":"https:\/\/aptecnologia.com.ar\/new\/wp-json\/wp\/v2\/media?parent=13274"}],"wp:term":[{"taxonomy":"pwb-brand","embeddable":true,"href":"https:\/\/aptecnologia.com.ar\/new\/wp-json\/wp\/v2\/pwb-brand?post=13274"},{"taxonomy":"product_cat","embeddable":true,"href":"https:\/\/aptecnologia.com.ar\/new\/wp-json\/wp\/v2\/product_cat?post=13274"},{"taxonomy":"product_tag","embeddable":true,"href":"https:\/\/aptecnologia.com.ar\/new\/wp-json\/wp\/v2\/product_tag?post=13274"}],"curies":[{"name":"wp","href":"https:\/\/api.w.org\/{rel}","templated":true}]}}