{"id":13267,"date":"2023-05-30T09:48:51","date_gmt":"2023-05-30T12:48:51","guid":{"rendered":"https:\/\/aptecnologia.com.ar\/new\/?post_type=product&#038;p=13267"},"modified":"2023-05-30T12:03:27","modified_gmt":"2023-05-30T15:03:27","slug":"pila-c2-alcalina-energizer","status":"publish","type":"product","link":"https:\/\/aptecnologia.com.ar\/new\/productos\/pila-c2-alcalina-energizer\/","title":{"rendered":"Pila C2 Alcalina &#8211; ENERGIZER"},"content":{"rendered":"<p>Energizer desarrolla soluciones simples para un mundo din\u00e1mico en el que abundan tanto la tecnolog\u00eda como la conectividad. Desde sus comienzos la misi\u00f3n ha sido innovar teniendo en cuenta el rendimiento y responsabilidad para poner a disposici\u00f3n la energ\u00eda necesaria y lograr un impacto positivo en las personas y en el planeta.<\/p>\n","protected":false},"excerpt":{"rendered":"<ul class=\"ui-pdp-features mt-24\">\n<li class=\"ui-pdp-features__item\">Compuesta por Alcalina.<\/li>\n<li class=\"ui-pdp-features__item\">1.5V.<\/li>\n<li class=\"ui-pdp-features__item\">El tiempo m\u00e1ximo de retenci\u00f3n de carga es de 5 a\u00f1os.<\/li>\n<li class=\"ui-pdp-features__item\">Sin mercurio.<\/li>\n<li class=\"ui-pdp-features__item\">Recomendada para Linterna.<\/li>\n<\/ul>\n","protected":false},"featured_media":13268,"comment_status":"open","ping_status":"closed","template":"","meta":[],"pwb-brand":[247],"product_cat":[245,71],"product_tag":[],"class_list":{"0":"post-13267","1":"product","2":"type-product","3":"status-publish","4":"has-post-thumbnail","6":"pwb-brand-energizer","7":"product_cat-pilas","8":"product_cat-hogar","10":"first","11":"instock","12":"shipping-taxable","13":"purchasable","14":"product-type-simple"},"brands":[{"id":247,"name":"ENERGIZER","slug":"energizer"}],"_links":{"self":[{"href":"https:\/\/aptecnologia.com.ar\/new\/wp-json\/wp\/v2\/product\/13267","targetHints":{"allow":["GET"]}}],"collection":[{"href":"https:\/\/aptecnologia.com.ar\/new\/wp-json\/wp\/v2\/product"}],"about":[{"href":"https:\/\/aptecnologia.com.ar\/new\/wp-json\/wp\/v2\/types\/product"}],"replies":[{"embeddable":true,"href":"https:\/\/aptecnologia.com.ar\/new\/wp-json\/wp\/v2\/comments?post=13267"}],"version-history":[{"count":0,"href":"https:\/\/aptecnologia.com.ar\/new\/wp-json\/wp\/v2\/product\/13267\/revisions"}],"wp:featuredmedia":[{"embeddable":true,"href":"https:\/\/aptecnologia.com.ar\/new\/wp-json\/wp\/v2\/media\/13268"}],"wp:attachment":[{"href":"https:\/\/aptecnologia.com.ar\/new\/wp-json\/wp\/v2\/media?parent=13267"}],"wp:term":[{"taxonomy":"pwb-brand","embeddable":true,"href":"https:\/\/aptecnologia.com.ar\/new\/wp-json\/wp\/v2\/pwb-brand?post=13267"},{"taxonomy":"product_cat","embeddable":true,"href":"https:\/\/aptecnologia.com.ar\/new\/wp-json\/wp\/v2\/product_cat?post=13267"},{"taxonomy":"product_tag","embeddable":true,"href":"https:\/\/aptecnologia.com.ar\/new\/wp-json\/wp\/v2\/product_tag?post=13267"}],"curies":[{"name":"wp","href":"https:\/\/api.w.org\/{rel}","templated":true}]}}