{"id":13233,"date":"2023-05-29T10:58:17","date_gmt":"2023-05-29T13:58:17","guid":{"rendered":"https:\/\/aptecnologia.com.ar\/new\/?post_type=product&#038;p=13233"},"modified":"2023-06-05T11:25:48","modified_gmt":"2023-06-05T14:25:48","slug":"disco-externo-usb-hv320-1-tb-3-1-black-adata","status":"publish","type":"product","link":"https:\/\/aptecnologia.com.ar\/new\/productos\/disco-externo-usb-hv320-1-tb-3-1-black-adata\/","title":{"rendered":"Disco USB HV320 1 TB 3.1 Black &#8211; ADATA"},"content":{"rendered":"<p>Adata, empresa taiwanesa de renombre internacional se encarga de producir dispositivos de almacenamiento con un alto est\u00e1ndar de calidad. Estos te permiten resguardar tus archivos de manera segura.<br \/>\nEl HV320 AHV320-1TU31 se caracteriza por su eficiencia y buen funcionamiento, que sumado a su reducido consumo energ\u00e9tico lo vuelven un disco indispensable para funciones est\u00e1ndar.<\/p>\n<p>M\u00e1s velocidad a tu alcance<br \/>\nEste disco transfiere datos a trav\u00e9s de una interfaz USB 3.2 Gen 1, lo que te brindar\u00e1 trasmitir una mayor cantidad de informaci\u00f3n.<\/p>\n","protected":false},"excerpt":{"rendered":"<p><strong>-Marca<\/strong>: Adata<br \/>\n<strong>-Modelo<\/strong>: AHV320-1T<br \/>\n<strong>-Capacidad:<\/strong>\u00a01 TB<br \/>\n<strong>-Tecnolog\u00eda de almacenamiento<\/strong>: HDD<br \/>\n<strong>-Interfaces:<\/strong>\u00a0USB 3.2 Gen 1<br \/>\n<strong>-Ubicaci\u00f3n del disco:<\/strong>\u00a0Externo<br \/>\n<strong>-Factor de forma:<\/strong>\u00a02.5 in<\/p>\n","protected":false},"featured_media":13234,"comment_status":"open","ping_status":"closed","template":"","meta":[],"pwb-brand":[185],"product_cat":[66,94,91],"product_tag":[],"class_list":{"0":"post-13233","1":"product","2":"type-product","3":"status-publish","4":"has-post-thumbnail","6":"pwb-brand-adata","7":"product_cat-computacion","8":"product_cat-discos","9":"product_cat-componentes","11":"first","12":"instock","13":"shipping-taxable","14":"purchasable","15":"product-type-simple"},"brands":[{"id":185,"name":"Adata","slug":"adata"}],"_links":{"self":[{"href":"https:\/\/aptecnologia.com.ar\/new\/wp-json\/wp\/v2\/product\/13233","targetHints":{"allow":["GET"]}}],"collection":[{"href":"https:\/\/aptecnologia.com.ar\/new\/wp-json\/wp\/v2\/product"}],"about":[{"href":"https:\/\/aptecnologia.com.ar\/new\/wp-json\/wp\/v2\/types\/product"}],"replies":[{"embeddable":true,"href":"https:\/\/aptecnologia.com.ar\/new\/wp-json\/wp\/v2\/comments?post=13233"}],"version-history":[{"count":0,"href":"https:\/\/aptecnologia.com.ar\/new\/wp-json\/wp\/v2\/product\/13233\/revisions"}],"wp:featuredmedia":[{"embeddable":true,"href":"https:\/\/aptecnologia.com.ar\/new\/wp-json\/wp\/v2\/media\/13234"}],"wp:attachment":[{"href":"https:\/\/aptecnologia.com.ar\/new\/wp-json\/wp\/v2\/media?parent=13233"}],"wp:term":[{"taxonomy":"pwb-brand","embeddable":true,"href":"https:\/\/aptecnologia.com.ar\/new\/wp-json\/wp\/v2\/pwb-brand?post=13233"},{"taxonomy":"product_cat","embeddable":true,"href":"https:\/\/aptecnologia.com.ar\/new\/wp-json\/wp\/v2\/product_cat?post=13233"},{"taxonomy":"product_tag","embeddable":true,"href":"https:\/\/aptecnologia.com.ar\/new\/wp-json\/wp\/v2\/product_tag?post=13233"}],"curies":[{"name":"wp","href":"https:\/\/api.w.org\/{rel}","templated":true}]}}