{"id":13229,"date":"2023-05-29T10:47:18","date_gmt":"2023-05-29T13:47:18","guid":{"rendered":"https:\/\/aptecnologia.com.ar\/new\/?post_type=product&#038;p=13229"},"modified":"2023-05-30T12:41:03","modified_gmt":"2023-05-30T15:41:03","slug":"disco-ssd-240gb-2-5-sata-3-netac","status":"publish","type":"product","link":"https:\/\/aptecnologia.com.ar\/new\/productos\/disco-ssd-240gb-2-5-sata-3-netac\/","title":{"rendered":"Disco SSD 240Gb 2.5 Sata 3 &#8211; NETAC"},"content":{"rendered":"<p><strong>Unidad de estado s\u00f3lido confiable<\/strong><br \/>\nNetac SATA interfaz SSD \u2013 Modelo N535S, est\u00e1 especialmente dise\u00f1ado para computadoras de escritorio y port\u00e1tiles personales comunes.\u00a0Adaptando el \u00faltimo proceso 3D NAND Flash y un controlador algor\u00edtmico m\u00e1s estable, tiene un rendimiento m\u00e1s r\u00e1pido y una compatibilidad confiable.<\/p>\n<p><strong>Excelente rendimiento<\/strong><br \/>\nEn el caso del trabajo multitarea, la velocidad de transmisi\u00f3n es m\u00e1s estable.\u00a0Usando el algoritmo de almacenamiento en cach\u00e9 SLC, la velocidad de lectura continua de N535S es de hasta 560 MB\/s, y la velocidad de escritura continua es de hasta 520 MB\/s, lo que hace que el trabajo sea m\u00e1s eficiente.<br \/>\n560 MB\/s Velocidad de lectura hasta<br \/>\n520 MB\/s Velocidad de escritura hasta<\/p>\n<p><strong>Estabilidad y confiabilidad extraordinarias<\/strong><br \/>\nN535S es confiable y duradero.\u00a0Utiliza memoria flash y no tiene partes m\u00f3viles, lo que reduce en gran medida la probabilidad de fallas mec\u00e1nicas.\u00a0El algoritmo inteligente de correcci\u00f3n de errores LDPC se adopta para reducir efectivamente la tasa de error de la transmisi\u00f3n de datos y hace que la transmisi\u00f3n de datos sea m\u00e1s segura.<\/p>\n","protected":false},"excerpt":{"rendered":"<p><strong>Modelo:\u00a0<\/strong>N535S<br \/>\n<strong>Protocolo de transmisi\u00f3n:\u00a0<\/strong>SATA 6Gb\/s<br \/>\n<strong>Capacidad:\u00a0<\/strong>240GB<br \/>\n<strong>Peso:\u00a0<\/strong>alrededor de 54 g<br \/>\n<strong>Dimensi\u00f3n:\u00a0<\/strong>100 mm x 70 mm x 7 mm<br \/>\n<strong>Destello:\u00a0<\/strong>Destello Nand<br \/>\n<strong>INTELIGENTE:\u00a0<\/strong>Soporte<br \/>\n<strong>RECORTE:\u00a0<\/strong>Soporte<br \/>\n<strong>Voltaje:\u00a0<\/strong>5V<br \/>\n<strong>Temperatura de almacenamiento:\u00a0<\/strong>-40C \u2013 85C<br \/>\n<strong>Temperatura de funcionamiento:\u00a0<\/strong>0-70C<br \/>\n<strong>Humedad ambiental (sin condensaci\u00f3n):\u00a0<\/strong>5%-95%<\/p>\n","protected":false},"featured_media":13230,"comment_status":"open","ping_status":"closed","template":"","meta":[],"pwb-brand":[243],"product_cat":[199,66],"product_tag":[],"class_list":{"0":"post-13229","1":"product","2":"type-product","3":"status-publish","4":"has-post-thumbnail","6":"pwb-brand-netac","7":"product_cat-almacenamiento","8":"product_cat-computacion","10":"first","11":"outofstock","12":"shipping-taxable","13":"purchasable","14":"product-type-simple"},"brands":[{"id":243,"name":"NETAC","slug":"netac"}],"_links":{"self":[{"href":"https:\/\/aptecnologia.com.ar\/new\/wp-json\/wp\/v2\/product\/13229","targetHints":{"allow":["GET"]}}],"collection":[{"href":"https:\/\/aptecnologia.com.ar\/new\/wp-json\/wp\/v2\/product"}],"about":[{"href":"https:\/\/aptecnologia.com.ar\/new\/wp-json\/wp\/v2\/types\/product"}],"replies":[{"embeddable":true,"href":"https:\/\/aptecnologia.com.ar\/new\/wp-json\/wp\/v2\/comments?post=13229"}],"version-history":[{"count":0,"href":"https:\/\/aptecnologia.com.ar\/new\/wp-json\/wp\/v2\/product\/13229\/revisions"}],"wp:featuredmedia":[{"embeddable":true,"href":"https:\/\/aptecnologia.com.ar\/new\/wp-json\/wp\/v2\/media\/13230"}],"wp:attachment":[{"href":"https:\/\/aptecnologia.com.ar\/new\/wp-json\/wp\/v2\/media?parent=13229"}],"wp:term":[{"taxonomy":"pwb-brand","embeddable":true,"href":"https:\/\/aptecnologia.com.ar\/new\/wp-json\/wp\/v2\/pwb-brand?post=13229"},{"taxonomy":"product_cat","embeddable":true,"href":"https:\/\/aptecnologia.com.ar\/new\/wp-json\/wp\/v2\/product_cat?post=13229"},{"taxonomy":"product_tag","embeddable":true,"href":"https:\/\/aptecnologia.com.ar\/new\/wp-json\/wp\/v2\/product_tag?post=13229"}],"curies":[{"name":"wp","href":"https:\/\/api.w.org\/{rel}","templated":true}]}}