{"id":13216,"date":"2023-05-24T17:05:17","date_gmt":"2023-05-24T20:05:17","guid":{"rendered":"https:\/\/aptecnologia.com.ar\/new\/?post_type=product&#038;p=13216"},"modified":"2023-05-24T17:15:35","modified_gmt":"2023-05-24T20:15:35","slug":"notebook-i5-1135g7-v15-8gb-256ssd-15-6-fdos-lenovo","status":"publish","type":"product","link":"https:\/\/aptecnologia.com.ar\/new\/productos\/notebook-i5-1135g7-v15-8gb-256ssd-15-6-fdos-lenovo\/","title":{"rendered":"Notebook I5-1135G7 V15 8gb 256ssd 15.6&#8243; FDos &#8211; LENOVO"},"content":{"rendered":"<p>La notebook Lenovo V-Series V15 fue pensada para hacer tu vida m\u00e1s sencilla. Su dise\u00f1o elegante e innovador y su comodidad para transportarla, la convertir\u00e1 en tu PC favorita. Cualquier tarea que te propongas, ya sea en casa o en la oficina, la har\u00e1s con facilidad gracias a su poderoso rendimiento.<\/p>\n<p>Pantalla con gran impacto visual<br \/>\nSu pantalla de 15.6&#8243; y 1920&#215;1080\u00a0px de resoluci\u00f3n te brindar\u00e1 colores m\u00e1s vivos y definidos. Tus pel\u00edculas y series preferidas cobrar\u00e1n vida, ya que ganar\u00e1n calidad y definici\u00f3n en cada detalle.<\/p>\n<p>Eficiencia a tu alcance<br \/>\nSu procesador Intel Core i5 de 4 n\u00facleos, est\u00e1 pensado para aquellas personas generadoras y consumidoras de contenidos. Con esta unidad central, la m\u00e1quina llevar\u00e1 a cabo varios procesos de forma simult\u00e1nea, desde edici\u00f3n de videos hasta retoques fotogr\u00e1ficos con programas profesionales.<\/p>\n<p>Potente disco s\u00f3lido<br \/>\nEl disco s\u00f3lido de 256 GB hace que el equipo funcione a gran velocidad y por lo tanto te brinda mayor agilidad para operar con diversos programas.<\/p>\n<p>Un procesador exclusivo para los gr\u00e1ficos<br \/>\nSu placa de video Intel Iris Xe Graphics G7 80EUs convierte a este dispositivo en una gran herramienta de trabajo para cualquier profesional del dise\u00f1o. Te permitir\u00e1 lograr una gran performance en todos tus juegos y en otras tareas cotidianas que impliquen procesamiento gr\u00e1fico.<\/p>\n","protected":false},"excerpt":{"rendered":"<div class=\"ui-pdp-container__top-wrapper mt-40\">\n<div class=\"ui-pdp-header\">\n<div class=\"ui-pdp-header__subtitle\"><\/div>\n<\/div>\n<\/div>\n<div id=\"highlighted_specs_features\" class=\"ui-pdp-container__row ui-pdp-container__row--highlighted-specs-features\">\n<section class=\"ui-vpp-highlighted-specs\">\n<div class=\"ui-pdp-container__row ui-pdp-container__row--highlighted-features\">\n<div class=\"ui-vpp-highlighted-specs__features\">\n<ul class=\"ui-vpp-highlighted-specs__features-list\">\n<li class=\"ui-vpp-highlighted-specs__features-list-item ui-pdp-color--BLACK ui-pdp-size--XSMALL ui-pdp-family--REGULAR\">Procesador Intel Core i5.<\/li>\n<li class=\"ui-vpp-highlighted-specs__features-list-item ui-pdp-color--BLACK ui-pdp-size--XSMALL ui-pdp-family--REGULAR\">Memoria RAM de 8GB.<\/li>\n<li class=\"ui-vpp-highlighted-specs__features-list-item ui-pdp-color--BLACK ui-pdp-size--XSMALL ui-pdp-family--REGULAR\">Resoluci\u00f3n de 1920&#215;1080\u00a0px.<\/li>\n<li class=\"ui-vpp-highlighted-specs__features-list-item ui-pdp-color--BLACK ui-pdp-size--XSMALL ui-pdp-family--REGULAR\">Es antirreflejo.<\/li>\n<li class=\"ui-vpp-highlighted-specs__features-list-item ui-pdp-color--BLACK ui-pdp-size--XSMALL ui-pdp-family--REGULAR\">Placa de video Intel Iris Xe Graphics G7 80EUs.<\/li>\n<li class=\"ui-vpp-highlighted-specs__features-list-item ui-pdp-color--BLACK ui-pdp-size--XSMALL ui-pdp-family--REGULAR\">Conexi\u00f3n wifi y bluetooth.<\/li>\n<li class=\"ui-vpp-highlighted-specs__features-list-item ui-pdp-color--BLACK ui-pdp-size--XSMALL ui-pdp-family--REGULAR\">Cuenta con 3 puertos USB y puerto HDMI.<\/li>\n<li class=\"ui-vpp-highlighted-specs__features-list-item ui-pdp-color--BLACK ui-pdp-size--XSMALL ui-pdp-family--REGULAR\">Posee pad num\u00e9rico.<\/li>\n<li class=\"ui-vpp-highlighted-specs__features-list-item ui-pdp-color--BLACK ui-pdp-size--XSMALL ui-pdp-family--REGULAR\">Modo de sonido Stereo.<\/li>\n<li class=\"ui-vpp-highlighted-specs__features-list-item ui-pdp-color--BLACK ui-pdp-size--XSMALL ui-pdp-family--REGULAR\">La duraci\u00f3n de la bater\u00eda depende del uso que se le d\u00e9 al producto.<\/li>\n<\/ul>\n<\/div>\n<\/div>\n<\/section>\n<\/div>\n","protected":false},"featured_media":13217,"comment_status":"open","ping_status":"closed","template":"","meta":[],"pwb-brand":[148],"product_cat":[66,72],"product_tag":[],"class_list":{"0":"post-13216","1":"product","2":"type-product","3":"status-publish","4":"has-post-thumbnail","6":"pwb-brand-lenovo","7":"product_cat-computacion","8":"product_cat-notebooks","10":"first","11":"outofstock","12":"shipping-taxable","13":"purchasable","14":"product-type-simple"},"brands":[{"id":148,"name":"Lenovo","slug":"lenovo"}],"_links":{"self":[{"href":"https:\/\/aptecnologia.com.ar\/new\/wp-json\/wp\/v2\/product\/13216","targetHints":{"allow":["GET"]}}],"collection":[{"href":"https:\/\/aptecnologia.com.ar\/new\/wp-json\/wp\/v2\/product"}],"about":[{"href":"https:\/\/aptecnologia.com.ar\/new\/wp-json\/wp\/v2\/types\/product"}],"replies":[{"embeddable":true,"href":"https:\/\/aptecnologia.com.ar\/new\/wp-json\/wp\/v2\/comments?post=13216"}],"version-history":[{"count":0,"href":"https:\/\/aptecnologia.com.ar\/new\/wp-json\/wp\/v2\/product\/13216\/revisions"}],"wp:featuredmedia":[{"embeddable":true,"href":"https:\/\/aptecnologia.com.ar\/new\/wp-json\/wp\/v2\/media\/13217"}],"wp:attachment":[{"href":"https:\/\/aptecnologia.com.ar\/new\/wp-json\/wp\/v2\/media?parent=13216"}],"wp:term":[{"taxonomy":"pwb-brand","embeddable":true,"href":"https:\/\/aptecnologia.com.ar\/new\/wp-json\/wp\/v2\/pwb-brand?post=13216"},{"taxonomy":"product_cat","embeddable":true,"href":"https:\/\/aptecnologia.com.ar\/new\/wp-json\/wp\/v2\/product_cat?post=13216"},{"taxonomy":"product_tag","embeddable":true,"href":"https:\/\/aptecnologia.com.ar\/new\/wp-json\/wp\/v2\/product_tag?post=13216"}],"curies":[{"name":"wp","href":"https:\/\/api.w.org\/{rel}","templated":true}]}}