{"id":13194,"date":"2023-05-23T10:28:24","date_gmt":"2023-05-23T13:28:24","guid":{"rendered":"https:\/\/aptecnologia.com.ar\/new\/?post_type=product&#038;p=13194"},"modified":"2023-05-23T10:35:46","modified_gmt":"2023-05-23T13:35:46","slug":"disco-ssd-120gb-burst-elite-solid-sata-3-patriot","status":"publish","type":"product","link":"https:\/\/aptecnologia.com.ar\/new\/productos\/disco-ssd-120gb-burst-elite-solid-sata-3-patriot\/","title":{"rendered":"Disco SSD 120Gb Burst elite solid sata 3 &#8211; PATRIOT"},"content":{"rendered":"<p>Patriot\u2019s Burst Elite es una extensi\u00f3n de Burst, la unidad de estado s\u00f3lido SATA III de 2.5 \u00ab, que es compatible con el \u00faltimo controlador SATA capaz de utilizar tanto TLC como QLCNAND. La \u00faltima incorporaci\u00f3n a la familia Burst es la manera perfecta de mejorar el rendimiento de la computadora Para eliminar cuellos de botella Una interfaz SATA III de 6 Gb \/ s compatible con versiones anteriores de SATA II de 3 GB \/ s, este SSD proporciona un mayor rendimiento que los discos duros tradicionales.<\/p>\n<p>NOMBRE DEL PRODUCTO: Burst Elite<br \/>\nN\u00daMERO DE PARTE PATRIOT: PBE120GS25SSDR<br \/>\nDESCRIPCI\u00d3N: Patriot Burst Elite SATA 3 SSD 2.5 pulgadas<br \/>\nCERTIFICACIONES \/ SEGURIDAD: CE \/ FCC \/ RoHS<br \/>\nUNIDAD UPC: 0814914027738<br \/>\nPESO DE LA UNIDAD: 0.10 lbs \/ 46 g<br \/>\nDIMENSIONES DE LA UNIDAD:<br \/>\n3.93 \u00ab(L) x 2.75\u00bb (W) x 0.15 \u00ab(H)<br \/>\n10,0 cm (largo) x 6,9 cm (ancho) x 0,7 cm (alto)<br \/>\nTIPO DE EMBALAJE: Tarjeta colgante<br \/>\nPESO DEL EMBALAJE: 0.11 lbs \/ 53g<br \/>\nDIMENSIONES DE EMBALAJE:<br \/>\n0,31 \u00ab(largo) x 7\u00bb (ancho) x 5,23 \u00ab(alto)<br \/>\n0,8 cm (largo) x 17,8 cm (ancho) x 13,3 cm (alto)<\/p>\n","protected":false},"excerpt":{"rendered":"<p>Controlador SATA III m\u00e1s reciente<br \/>\nVelocidades de lectura de hasta 450 MB \/ s<br \/>\nSoporte de recorte<br \/>\nGesti\u00f3n de bajo consumo<br \/>\nMTBF: 2,000,000 horas<br \/>\nNivelaci\u00f3n de desgaste est\u00e1tica y din\u00e1mica<br \/>\nTemperatura de funcionamiento: 0 ~ 70 \u00b0 C<br \/>\n\u2022 Lanzamiento: 2020<br \/>\n\u2022 Controlador SATA 3 m\u00e1s reciente<br \/>\n\u2022 Nivelaci\u00f3n de desgaste est\u00e1tica y din\u00e1mica<br \/>\n\u2022 Gesti\u00f3n de bloques defectuosos<br \/>\n\u2022 Gesti\u00f3n de bajo consumo<br \/>\n\u2022 Soporte TRIM<br \/>\n\u2022 ZIP inteligente<br \/>\n\u2022 MTBF:&gt; 2,000,000 horas<\/p>\n","protected":false},"featured_media":13195,"comment_status":"open","ping_status":"closed","template":"","meta":[],"pwb-brand":[224],"product_cat":[94,91],"product_tag":[],"class_list":{"0":"post-13194","1":"product","2":"type-product","3":"status-publish","4":"has-post-thumbnail","6":"pwb-brand-patriot","7":"product_cat-discos","8":"product_cat-componentes","10":"first","11":"outofstock","12":"shipping-taxable","13":"purchasable","14":"product-type-simple"},"brands":[{"id":224,"name":"Patriot","slug":"patriot"}],"_links":{"self":[{"href":"https:\/\/aptecnologia.com.ar\/new\/wp-json\/wp\/v2\/product\/13194","targetHints":{"allow":["GET"]}}],"collection":[{"href":"https:\/\/aptecnologia.com.ar\/new\/wp-json\/wp\/v2\/product"}],"about":[{"href":"https:\/\/aptecnologia.com.ar\/new\/wp-json\/wp\/v2\/types\/product"}],"replies":[{"embeddable":true,"href":"https:\/\/aptecnologia.com.ar\/new\/wp-json\/wp\/v2\/comments?post=13194"}],"version-history":[{"count":0,"href":"https:\/\/aptecnologia.com.ar\/new\/wp-json\/wp\/v2\/product\/13194\/revisions"}],"wp:featuredmedia":[{"embeddable":true,"href":"https:\/\/aptecnologia.com.ar\/new\/wp-json\/wp\/v2\/media\/13195"}],"wp:attachment":[{"href":"https:\/\/aptecnologia.com.ar\/new\/wp-json\/wp\/v2\/media?parent=13194"}],"wp:term":[{"taxonomy":"pwb-brand","embeddable":true,"href":"https:\/\/aptecnologia.com.ar\/new\/wp-json\/wp\/v2\/pwb-brand?post=13194"},{"taxonomy":"product_cat","embeddable":true,"href":"https:\/\/aptecnologia.com.ar\/new\/wp-json\/wp\/v2\/product_cat?post=13194"},{"taxonomy":"product_tag","embeddable":true,"href":"https:\/\/aptecnologia.com.ar\/new\/wp-json\/wp\/v2\/product_tag?post=13194"}],"curies":[{"name":"wp","href":"https:\/\/api.w.org\/{rel}","templated":true}]}}