{"id":13187,"date":"2023-05-22T17:17:15","date_gmt":"2023-05-22T20:17:15","guid":{"rendered":"https:\/\/aptecnologia.com.ar\/new\/?post_type=product&#038;p=13187"},"modified":"2023-05-22T17:35:27","modified_gmt":"2023-05-22T20:35:27","slug":"notebook-lenovo-v15-15-6-ryzen-5-8gb-256ssd-lenovo","status":"publish","type":"product","link":"https:\/\/aptecnologia.com.ar\/new\/productos\/notebook-lenovo-v15-15-6-ryzen-5-8gb-256ssd-lenovo\/","title":{"rendered":"Notebook  V15 15.6&#8243; Ryzen 5 8GB 256SSD &#8211; LENOVO"},"content":{"rendered":"<p>\u2022 Procesador AMD Ryzen 5 5500U (6C\/12T, 2,1\/4,0 GHz, 3 MB L2\/8 MB L3)<br \/>\n\u2022 Gr\u00e1ficos Gr\u00e1ficos AMD Radeon integrados<br \/>\n\u2022 conjunto de chips Plataforma AMD SoC<br \/>\n\u2022 Memoria DDR4-3200 soldado de 8GB<br \/>\n\u2022 Ranuras de memoria Una memoria soldada a la placa del sistema, una ranura DDR4 SO-<br \/>\nDIMM, compatible con dos canales<br \/>\n\u2022 Memoria m\u00e1xima Up to DDR4-3200 de hasta 40 GB (8 GB soldados + 32 GB SO-DIMM)<br \/>\n\u2022 Almacenamiento SSD de 256 GB M.2 2242 PCIe x4 NVMe<br \/>\n\u2022 Ranura de almacenamiento: una ranura para unidades de 2,5&#8243; + una ranura M.2 PCIe 3.0 x4<br \/>\n\u2022 Lector de tarjetas Ninguna<br \/>\n\u2022 \u00d3ptico Ninguna<br \/>\n\u2022 Microprocesador de audio Audio de alta definici\u00f3n (HD), c\u00f3dec Realtek ALC3287<br \/>\n\u2022 Altavoces Altavoces est\u00e9reo, 1,5 W x2, Dolby Audio<br \/>\n\u2022 C\u00e1mara 0.3MP con obturador de privacidad<br \/>\n\u2022 Micr\u00f3fono 2x, matriz<br \/>\n\u2022 Bater\u00eda Integrado 38Wh<br \/>\n\u2022 Duraci\u00f3n m\u00e1xima de la bater\u00eda MobileMark 2018: 7,5 h (38 Wh)<br \/>\n\u2022 Adaptador de corriente Punta redonda de 65 W (3 pines)<\/p>\n<p>DISE\u00d1O<br \/>\n\u2022 Monitor FHD de 15,6&#8243; (1920 x 1080) TN 250 nits Antirreflejo, 45 % NTSC<br \/>\n\u2022 Pantalla t\u00e1ctil Ninguna<br \/>\n\u2022 Teclado Sin retroiluminaci\u00f3n, espa\u00f1ol (LA)<br \/>\n\u2022 Color de la caja gris hierro<br \/>\n\u2022 Tratamiento de superficies IMR (Decoraci\u00f3n In-Mold por Rodillo)<br \/>\n\u2022 Material de la Caja PC + ABS (arriba), PC + ABS (abajo)<br \/>\n\u2022 Dimensiones (An. x Pr. x Al.) 359,2 x 235,8 x 19,9 mm (14,14 x 9,28 x 0,78 pulgadas)<br \/>\n\u2022 Peso 1,7 kg (3,75 libras)<\/p>\n<p>SOFTWARE<br \/>\n\u2022 Sistema operativo Ninguna<br \/>\n\u2022 Software incluido Ninguna<\/p>\n<p>CONECTIVIDAD<br \/>\n\u2022 ethernet 100\/1000M<br \/>\n\u2022 WiFi + Bluetooth 11ac, 2&#215;2 + BT5.0<br \/>\n\u2022 Puertos est\u00e1ndar 1x USB 2.0<br \/>\n&#8211; 1x USB 3.2 Gen 1<br \/>\n&#8211; 1x USB-C 3.2 Gen 1 (solo admite transferencia de datos)<br \/>\n&#8211; 1x HDMI 1.4b<br \/>\n&#8211; 1 Ethernet (RJ-45)<br \/>\n&#8211; 1 conector combinado de auriculares\/micr\u00f3fono (3,5 mm)<br \/>\n&#8211; 1 conector de alimentaci\u00f3n.<br \/>\n\u2022 Docking Varias soluciones de acoplamiento compatibles a trav\u00e9s de USB-C.<\/p>\n<p>SEGURIDAD Y PRIVACIDAD<br \/>\n\u2022 Chip de seguridad Firmware TPM 2.0<br \/>\n\u2022 Lector de huellas dactilares Ninguna<br \/>\n\u2022 Cerraduras f\u00edsicas Ranura de seguridad Kensington Nano<br \/>\n\u2022 Otra seguridad Obturador de privacidad de la c\u00e1mara<\/p>\n<p>CERTIFICACIONES<br \/>\n\u2022 Certificaciones Verdes<br \/>\n&#8211; ENERGY STAR 8.0<br \/>\n&#8211; ErP Lote 3<br \/>\n&#8211; RoHS<br \/>\n\u2022 Otras Certificaciones Luz azul baja TUV Rheinland<\/p>\n","protected":false},"excerpt":{"rendered":"<div class=\"ui-pdp-container__col col-2 ui-pdp--relative\">\n<div class=\"ui-pdp--sticky-wrapper ui-pdp--sticky-wrapper-gallery\">\n<div class=\"ui-pdp-gallery\" role=\"group\" aria-label=\"Galer\u00eda de fotos, Imagen 1 de 10 de Notebook Lenovo V15 G2 Ryzen 5 5500u 8gb De Ram 256gb Ssd Amd Radeon Fhd 1920x1080px 15.6 Freedos\">\n<div class=\"ui-pdp-gallery__column\">\n<div class=\"ui-pdp-thumbnail ui-pdp-gallery__thumbnail\" role=\"presentation\">\n<div class=\"ui-pdp-thumbnail__picture\"><\/div>\n<\/div>\n<figure class=\"ui-pdp-gallery__figure\"><\/figure>\n<\/div>\n<\/div>\n<\/div>\n<\/div>\n<div class=\"ui-pdp-container__col col-2 mr-32\">\n<div id=\"highlighted_specs_features\" class=\"ui-pdp-container__row ui-pdp-container__row--highlighted-specs-features\">\n<section class=\"ui-vpp-highlighted-specs\">\n<div class=\"ui-pdp-container__row ui-pdp-container__row--highlighted-features\">\n<div class=\"ui-vpp-highlighted-specs__features\">\n<ul class=\"ui-vpp-highlighted-specs__features-list\">\n<li class=\"ui-vpp-highlighted-specs__features-list-item ui-pdp-color--BLACK ui-pdp-size--XSMALL ui-pdp-family--REGULAR\">Memoria RAM de 8GB.<\/li>\n<li class=\"ui-vpp-highlighted-specs__features-list-item ui-pdp-color--BLACK ui-pdp-size--XSMALL ui-pdp-family--REGULAR\">Pantalla LED de 15.6&#8243;.<\/li>\n<li class=\"ui-vpp-highlighted-specs__features-list-item ui-pdp-color--BLACK ui-pdp-size--XSMALL ui-pdp-family--REGULAR\">Resoluci\u00f3n de 1920&#215;1080\u00a0px.<\/li>\n<li class=\"ui-vpp-highlighted-specs__features-list-item ui-pdp-color--BLACK ui-pdp-size--XSMALL ui-pdp-family--REGULAR\">Placa de video Gr\u00e1ficos AMD Radeon integrados.<\/li>\n<li class=\"ui-vpp-highlighted-specs__features-list-item ui-pdp-color--BLACK ui-pdp-size--XSMALL ui-pdp-family--REGULAR\">Modo de sonido Dolby Audio.<\/li>\n<li class=\"ui-vpp-highlighted-specs__features-list-item ui-pdp-color--BLACK ui-pdp-size--XSMALL ui-pdp-family--REGULAR\">La duraci\u00f3n de la bater\u00eda depende del uso que se le d\u00e9 al producto.<\/li>\n<\/ul>\n<\/div>\n<\/div>\n<\/section>\n<\/div>\n<\/div>\n","protected":false},"featured_media":13188,"comment_status":"open","ping_status":"closed","template":"","meta":[],"pwb-brand":[148],"product_cat":[66,72],"product_tag":[],"class_list":{"0":"post-13187","1":"product","2":"type-product","3":"status-publish","4":"has-post-thumbnail","6":"pwb-brand-lenovo","7":"product_cat-computacion","8":"product_cat-notebooks","10":"first","11":"outofstock","12":"shipping-taxable","13":"purchasable","14":"product-type-simple"},"brands":[{"id":148,"name":"Lenovo","slug":"lenovo"}],"_links":{"self":[{"href":"https:\/\/aptecnologia.com.ar\/new\/wp-json\/wp\/v2\/product\/13187","targetHints":{"allow":["GET"]}}],"collection":[{"href":"https:\/\/aptecnologia.com.ar\/new\/wp-json\/wp\/v2\/product"}],"about":[{"href":"https:\/\/aptecnologia.com.ar\/new\/wp-json\/wp\/v2\/types\/product"}],"replies":[{"embeddable":true,"href":"https:\/\/aptecnologia.com.ar\/new\/wp-json\/wp\/v2\/comments?post=13187"}],"version-history":[{"count":0,"href":"https:\/\/aptecnologia.com.ar\/new\/wp-json\/wp\/v2\/product\/13187\/revisions"}],"wp:featuredmedia":[{"embeddable":true,"href":"https:\/\/aptecnologia.com.ar\/new\/wp-json\/wp\/v2\/media\/13188"}],"wp:attachment":[{"href":"https:\/\/aptecnologia.com.ar\/new\/wp-json\/wp\/v2\/media?parent=13187"}],"wp:term":[{"taxonomy":"pwb-brand","embeddable":true,"href":"https:\/\/aptecnologia.com.ar\/new\/wp-json\/wp\/v2\/pwb-brand?post=13187"},{"taxonomy":"product_cat","embeddable":true,"href":"https:\/\/aptecnologia.com.ar\/new\/wp-json\/wp\/v2\/product_cat?post=13187"},{"taxonomy":"product_tag","embeddable":true,"href":"https:\/\/aptecnologia.com.ar\/new\/wp-json\/wp\/v2\/product_tag?post=13187"}],"curies":[{"name":"wp","href":"https:\/\/api.w.org\/{rel}","templated":true}]}}