{"id":13179,"date":"2023-05-22T10:13:05","date_gmt":"2023-05-22T13:13:05","guid":{"rendered":"https:\/\/aptecnologia.com.ar\/new\/?post_type=product&#038;p=13179"},"modified":"2023-05-22T10:21:08","modified_gmt":"2023-05-22T13:21:08","slug":"adaptador-de-red-usb-3-0-a-gigabit-eth-ue306-tp-link","status":"publish","type":"product","link":"https:\/\/aptecnologia.com.ar\/new\/productos\/adaptador-de-red-usb-3-0-a-gigabit-eth-ue306-tp-link\/","title":{"rendered":"Adaptador de red USB 3.0 a gigabit eth UE306 &#8211; TP-LINK"},"content":{"rendered":"<p>Adaptador de red USB 3.0 a Gigabit Ethernet<\/p>\n<p>\u2022 Descripci\u00f3n del producto:<br \/>\nLa soluci\u00f3n USB 3.0 y Gigabit m\u00e1s r\u00e1pida garantiza una tasa de transferencia de alta velocidad<br \/>\nPlug and Play en Nintendo Switch, Windows 10\/8.1 y SO Linux<br \/>\nEl dise\u00f1o plegable y port\u00e1til se adapta perfectamente a su Ultrabook<br \/>\nCompatible con Nintendo Switch: disfruta de los juegos con tus amigos y descargas r\u00e1pidas al conectarlo a tu base de Nintendo Switch y agregar una conexi\u00f3n Gigabit Ethernet<\/p>\n<p>\u2022 Caracter\u00edsticas T\u00e9cnicas:<br \/>\n&#8211; Dimensiones: 2.8 x 1.0 x 0.6 in. (71 x 26 x 16.2mm)<br \/>\n&#8211; Interfaz de Entrada: 1 puerto Ethernet RJ45 de 10\/100\/1000 Mbps<br \/>\n&#8211; Interfaz de Salida: 1 puerto USB 3.0<br \/>\n&#8211; Chipset: AX88179<\/p>\n<p>&#8211; Sistemas Soportados:<br \/>\nNintendo Switch<br \/>\nWindows 10\/8.1\/8\/7<br \/>\nLinux OS<\/p>\n<p>&#8211; Contenido de Paquete:<br \/>\nAdaptador de red USB 3.0 a Gigabit Ethernet,<br \/>\nGu\u00eda de Instalaci\u00f3n R\u00e1pida<\/p>\n","protected":false},"excerpt":{"rendered":"<p>La soluci\u00f3n USB 3.0 y Gigabit m\u00e1s r\u00e1pida garantiza una tasa de transferencia de alta velocidad<br \/>\n\u2022 Plug and Play en Nintendo Switch, Windows 10\/8.1 y SO Linux<br \/>\n\u2022 El dise\u00f1o plegable y port\u00e1til se adapta perfectamente a su Ultrabook<br \/>\n\u2022 Compatible con Nintendo Switch: disfruta de los juegos con tus amigos y descargas r\u00e1pidas al conectarlo a tu base de Nintendo Switch y agregar una conexi\u00f3n Gigabit Ethernet.<\/p>\n","protected":false},"featured_media":13180,"comment_status":"open","ping_status":"closed","template":"","meta":[],"pwb-brand":[102],"product_cat":[193,70],"product_tag":[],"class_list":{"0":"post-13179","1":"product","2":"type-product","3":"status-publish","4":"has-post-thumbnail","6":"pwb-brand-tplink","7":"product_cat-accesorios-conectividad-y-redes","8":"product_cat-conectividad-y-redes","10":"first","11":"outofstock","12":"shipping-taxable","13":"purchasable","14":"product-type-simple"},"brands":[{"id":102,"name":"Tp-Link","slug":"tplink"}],"_links":{"self":[{"href":"https:\/\/aptecnologia.com.ar\/new\/wp-json\/wp\/v2\/product\/13179","targetHints":{"allow":["GET"]}}],"collection":[{"href":"https:\/\/aptecnologia.com.ar\/new\/wp-json\/wp\/v2\/product"}],"about":[{"href":"https:\/\/aptecnologia.com.ar\/new\/wp-json\/wp\/v2\/types\/product"}],"replies":[{"embeddable":true,"href":"https:\/\/aptecnologia.com.ar\/new\/wp-json\/wp\/v2\/comments?post=13179"}],"version-history":[{"count":0,"href":"https:\/\/aptecnologia.com.ar\/new\/wp-json\/wp\/v2\/product\/13179\/revisions"}],"wp:featuredmedia":[{"embeddable":true,"href":"https:\/\/aptecnologia.com.ar\/new\/wp-json\/wp\/v2\/media\/13180"}],"wp:attachment":[{"href":"https:\/\/aptecnologia.com.ar\/new\/wp-json\/wp\/v2\/media?parent=13179"}],"wp:term":[{"taxonomy":"pwb-brand","embeddable":true,"href":"https:\/\/aptecnologia.com.ar\/new\/wp-json\/wp\/v2\/pwb-brand?post=13179"},{"taxonomy":"product_cat","embeddable":true,"href":"https:\/\/aptecnologia.com.ar\/new\/wp-json\/wp\/v2\/product_cat?post=13179"},{"taxonomy":"product_tag","embeddable":true,"href":"https:\/\/aptecnologia.com.ar\/new\/wp-json\/wp\/v2\/product_tag?post=13179"}],"curies":[{"name":"wp","href":"https:\/\/api.w.org\/{rel}","templated":true}]}}