{"id":13152,"date":"2023-05-18T13:25:42","date_gmt":"2023-05-18T16:25:42","guid":{"rendered":"https:\/\/aptecnologia.com.ar\/new\/?post_type=product&#038;p=13152"},"modified":"2023-05-18T14:20:16","modified_gmt":"2023-05-18T17:20:16","slug":"pilas-aa-recargable-energizer","status":"publish","type":"product","link":"https:\/\/aptecnologia.com.ar\/new\/productos\/pilas-aa-recargable-energizer\/","title":{"rendered":"Pilas AA Recargable &#8211; ENERGIZER"},"content":{"rendered":"<p>Tus dispositivos favoritos nunca se toman un descanso. Por eso, las pilas AA Energizer Recharge\u00ae Universal son la manera perfecta de dar energ\u00eda a esos dispositivos que necesitan cargas frecuentes. Desde juguetes y c\u00e1maras digitales, hasta dispositivos GPS port\u00e1tiles, consolas de juego inal\u00e1mbricas y reproductores MP3, las pilas AA Energizer Recharge\u00ae Universal mantienen tus dispositivos en funcionamiento. Las pilas AA Energizer Recharge\u00ae Universal te brindan m\u00e1s energ\u00eda ahora con un 15% de materiales reciclados y mantienen su carga durante un m\u00e1ximo de 1 a\u00f1o.<br \/>\n** Disfruta de m\u00e1s ciclos y cargas m\u00e1s r\u00e1pidas con energ\u00eda reutilizable que tambi\u00e9n es m\u00e1s ecol\u00f3gica para el planeta. Es la bater\u00eda recargable que est\u00e1 ah\u00ed para ti, donde quiera que te lleve tu d\u00eda.<\/p>\n","protected":false},"excerpt":{"rendered":"<p>Capacidad: 2000 mAh.<br \/>\nLarga duraci\u00f3n: Puede ser cargada cientos de<br \/>\nveces y as\u00ed genera menos residuos.<br \/>\nCalidad: Se mantiene cargada hasta 1 a\u00f1o en almacenamiento.<br \/>\nConfiable: Tiene una vida \u00fatil hasta 5 a\u00f1os.<br \/>\nResponsable: Primera bater\u00eda recargable en el mundo fabricada con materiales reciclados (15% materiales reciclados).<br \/>\n<b>Uso Recomendado<\/b><br \/>\nIdeal para juegos y juguetes, c\u00e1maras digitales, aparatos de audio, GPS, dispositivos infantiles y todos tus aparatos de alta tecnolog\u00eda del hogar.<\/p>\n","protected":false},"featured_media":13153,"comment_status":"open","ping_status":"closed","template":"","meta":[],"pwb-brand":[247],"product_cat":[245,71],"product_tag":[],"class_list":{"0":"post-13152","1":"product","2":"type-product","3":"status-publish","4":"has-post-thumbnail","6":"pwb-brand-energizer","7":"product_cat-pilas","8":"product_cat-hogar","10":"first","11":"instock","12":"shipping-taxable","13":"purchasable","14":"product-type-simple"},"brands":[{"id":247,"name":"ENERGIZER","slug":"energizer"}],"_links":{"self":[{"href":"https:\/\/aptecnologia.com.ar\/new\/wp-json\/wp\/v2\/product\/13152","targetHints":{"allow":["GET"]}}],"collection":[{"href":"https:\/\/aptecnologia.com.ar\/new\/wp-json\/wp\/v2\/product"}],"about":[{"href":"https:\/\/aptecnologia.com.ar\/new\/wp-json\/wp\/v2\/types\/product"}],"replies":[{"embeddable":true,"href":"https:\/\/aptecnologia.com.ar\/new\/wp-json\/wp\/v2\/comments?post=13152"}],"version-history":[{"count":0,"href":"https:\/\/aptecnologia.com.ar\/new\/wp-json\/wp\/v2\/product\/13152\/revisions"}],"wp:featuredmedia":[{"embeddable":true,"href":"https:\/\/aptecnologia.com.ar\/new\/wp-json\/wp\/v2\/media\/13153"}],"wp:attachment":[{"href":"https:\/\/aptecnologia.com.ar\/new\/wp-json\/wp\/v2\/media?parent=13152"}],"wp:term":[{"taxonomy":"pwb-brand","embeddable":true,"href":"https:\/\/aptecnologia.com.ar\/new\/wp-json\/wp\/v2\/pwb-brand?post=13152"},{"taxonomy":"product_cat","embeddable":true,"href":"https:\/\/aptecnologia.com.ar\/new\/wp-json\/wp\/v2\/product_cat?post=13152"},{"taxonomy":"product_tag","embeddable":true,"href":"https:\/\/aptecnologia.com.ar\/new\/wp-json\/wp\/v2\/product_tag?post=13152"}],"curies":[{"name":"wp","href":"https:\/\/api.w.org\/{rel}","templated":true}]}}