{"id":13149,"date":"2023-05-18T13:19:28","date_gmt":"2023-05-18T16:19:28","guid":{"rendered":"https:\/\/aptecnologia.com.ar\/new\/?post_type=product&#038;p=13149"},"modified":"2023-05-18T13:24:48","modified_gmt":"2023-05-18T16:24:48","slug":"pila-aa-recargable-duracell","status":"publish","type":"product","link":"https:\/\/aptecnologia.com.ar\/new\/productos\/pila-aa-recargable-duracell\/","title":{"rendered":"PILA AA RECARGABLE &#8211; DURACELL"},"content":{"rendered":"<p>Duracell desde su lanzamiento en 1965, ha crecido hasta convertirse en un \u00edcono de consumo mundial, conocido por su compromiso con la calidad, confianza e innovaci\u00f3n. Proporciona una amplia gama de pilas concebidas para su uso en dispositivos electr\u00f3nicos que requieran una alimentaci\u00f3n el\u00e9ctrica fiable.<\/p>\n<p>Una soluci\u00f3n para cada dispositivo<br \/>\nLas pilas alcalinas duran entre 4 y 9 veces m\u00e1s que las pilas con otras composiciones. Son las m\u00e1s comunes por su gran versatilidad, adapt\u00e1ndose a todo tipo de tama\u00f1os. Y aunque debemos desecharlas con cuidado, sus componentes son menos perjudiciales para el medio ambiente.<\/p>\n<p>Recargable<br \/>\nAl ser recargables tienen una mayor duraci\u00f3n y generan menos residuos. As\u00ed, tus dispositivos tendr\u00e1n siempre energ\u00eda para funcionar sin que tengas que preocuparte por ello, \u00a1olvidate de comprar pilas a menudo!.<\/p>\n","protected":false},"excerpt":{"rendered":"<ul class=\"ui-pdp-features mt-24\">\n<li class=\"ui-pdp-features__item\">1.2V.<\/li>\n<li class=\"ui-pdp-features__item\">Es recargable.<\/li>\n<li class=\"ui-pdp-features__item\">Tiene una capacidad de 2500 mAh.<\/li>\n<li class=\"ui-pdp-features__item\">El tiempo m\u00e1ximo de retenci\u00f3n de carga es de 10 a\u00f1os.<\/li>\n<li class=\"ui-pdp-features__item\">Sin mercurio.<\/li>\n<\/ul>\n","protected":false},"featured_media":13150,"comment_status":"open","ping_status":"closed","template":"","meta":[],"pwb-brand":[246],"product_cat":[245,71],"product_tag":[],"class_list":{"0":"post-13149","1":"product","2":"type-product","3":"status-publish","4":"has-post-thumbnail","6":"pwb-brand-duracell","7":"product_cat-pilas","8":"product_cat-hogar","10":"first","11":"instock","12":"shipping-taxable","13":"purchasable","14":"product-type-simple"},"brands":[{"id":246,"name":"DURACELL","slug":"duracell"}],"_links":{"self":[{"href":"https:\/\/aptecnologia.com.ar\/new\/wp-json\/wp\/v2\/product\/13149","targetHints":{"allow":["GET"]}}],"collection":[{"href":"https:\/\/aptecnologia.com.ar\/new\/wp-json\/wp\/v2\/product"}],"about":[{"href":"https:\/\/aptecnologia.com.ar\/new\/wp-json\/wp\/v2\/types\/product"}],"replies":[{"embeddable":true,"href":"https:\/\/aptecnologia.com.ar\/new\/wp-json\/wp\/v2\/comments?post=13149"}],"version-history":[{"count":0,"href":"https:\/\/aptecnologia.com.ar\/new\/wp-json\/wp\/v2\/product\/13149\/revisions"}],"wp:featuredmedia":[{"embeddable":true,"href":"https:\/\/aptecnologia.com.ar\/new\/wp-json\/wp\/v2\/media\/13150"}],"wp:attachment":[{"href":"https:\/\/aptecnologia.com.ar\/new\/wp-json\/wp\/v2\/media?parent=13149"}],"wp:term":[{"taxonomy":"pwb-brand","embeddable":true,"href":"https:\/\/aptecnologia.com.ar\/new\/wp-json\/wp\/v2\/pwb-brand?post=13149"},{"taxonomy":"product_cat","embeddable":true,"href":"https:\/\/aptecnologia.com.ar\/new\/wp-json\/wp\/v2\/product_cat?post=13149"},{"taxonomy":"product_tag","embeddable":true,"href":"https:\/\/aptecnologia.com.ar\/new\/wp-json\/wp\/v2\/product_tag?post=13149"}],"curies":[{"name":"wp","href":"https:\/\/api.w.org\/{rel}","templated":true}]}}