{"id":13125,"date":"2023-05-15T15:15:43","date_gmt":"2023-05-15T18:15:43","guid":{"rendered":"https:\/\/aptecnologia.com.ar\/new\/?post_type=product&#038;p=13125"},"modified":"2023-05-15T15:45:13","modified_gmt":"2023-05-15T18:45:13","slug":"cargador-para-celular-usb-a-micro-usb-2a-noganet","status":"publish","type":"product","link":"https:\/\/aptecnologia.com.ar\/new\/productos\/cargador-para-celular-usb-a-micro-usb-2a-noganet\/","title":{"rendered":"Cargador para celular USB a Micro Usb 2A &#8211; NOGANET"},"content":{"rendered":"<p>Este cargador USB a la corriente posee una salida de 5 Voltios y 2 amperios y trae su propio cable USB a Micro USB<\/p>\n<p>El ng-520 de la marca Noga es un cargador convencional, el cual va conectado a la corriente directamente. Cuenta adem\u00e1s con el puerto USB de 2.4A de salida para carga r\u00e1pida y un cable que viene incluido. Posee un dise\u00f1o compacto y de alta resistencia.<\/p>\n","protected":false},"excerpt":{"rendered":"<p>Marca: Noganet<br \/>\n-Modelo: ng-520<br \/>\n-Entrada: 220V &#8211; 100mA<br \/>\n-Salida: 5V &#8211; 2A<br \/>\n-Frecuencia: 50\/60Hz<\/p>\n","protected":false},"featured_media":13126,"comment_status":"open","ping_status":"closed","template":"","meta":[],"pwb-brand":[130],"product_cat":[197,196],"product_tag":[],"class_list":{"0":"post-13125","1":"product","2":"type-product","3":"status-publish","4":"has-post-thumbnail","6":"pwb-brand-noganet","7":"product_cat-accesorios-celulares","8":"product_cat-celulares","10":"first","11":"outofstock","12":"shipping-taxable","13":"purchasable","14":"product-type-simple"},"brands":[{"id":130,"name":"Noganet","slug":"noganet"}],"_links":{"self":[{"href":"https:\/\/aptecnologia.com.ar\/new\/wp-json\/wp\/v2\/product\/13125","targetHints":{"allow":["GET"]}}],"collection":[{"href":"https:\/\/aptecnologia.com.ar\/new\/wp-json\/wp\/v2\/product"}],"about":[{"href":"https:\/\/aptecnologia.com.ar\/new\/wp-json\/wp\/v2\/types\/product"}],"replies":[{"embeddable":true,"href":"https:\/\/aptecnologia.com.ar\/new\/wp-json\/wp\/v2\/comments?post=13125"}],"version-history":[{"count":0,"href":"https:\/\/aptecnologia.com.ar\/new\/wp-json\/wp\/v2\/product\/13125\/revisions"}],"wp:featuredmedia":[{"embeddable":true,"href":"https:\/\/aptecnologia.com.ar\/new\/wp-json\/wp\/v2\/media\/13126"}],"wp:attachment":[{"href":"https:\/\/aptecnologia.com.ar\/new\/wp-json\/wp\/v2\/media?parent=13125"}],"wp:term":[{"taxonomy":"pwb-brand","embeddable":true,"href":"https:\/\/aptecnologia.com.ar\/new\/wp-json\/wp\/v2\/pwb-brand?post=13125"},{"taxonomy":"product_cat","embeddable":true,"href":"https:\/\/aptecnologia.com.ar\/new\/wp-json\/wp\/v2\/product_cat?post=13125"},{"taxonomy":"product_tag","embeddable":true,"href":"https:\/\/aptecnologia.com.ar\/new\/wp-json\/wp\/v2\/product_tag?post=13125"}],"curies":[{"name":"wp","href":"https:\/\/api.w.org\/{rel}","templated":true}]}}