{"id":13079,"date":"2023-05-12T13:48:59","date_gmt":"2023-05-12T16:48:59","guid":{"rendered":"https:\/\/aptecnologia.com.ar\/new\/?post_type=product&#038;p=13079"},"modified":"2023-05-15T12:12:55","modified_gmt":"2023-05-15T15:12:55","slug":"resma-a4-75grs-boreal","status":"publish","type":"product","link":"https:\/\/aptecnologia.com.ar\/new\/productos\/resma-a4-75grs-boreal\/","title":{"rendered":"Resma A4 75grs. &#8211; BOREAL"},"content":{"rendered":"<p>El mejor papel por naturaleza, elaborado a partir de un recurso renovable, biodegradable y reciclable, comprometido con el medio ambiente.<\/p>\n","protected":false},"excerpt":{"rendered":"<p>Resma Boreal A4 75g 500 Hojas. Fotocopias, Impresi\u00f3n L\u00e1ser, Impresi\u00f3n Ink Jet. Extra Blanco. Mayor Cuerpo, \u00d3ptima Lisura.<\/p>\n","protected":false},"featured_media":13080,"comment_status":"open","ping_status":"closed","template":"","meta":[],"pwb-brand":[251],"product_cat":[89],"product_tag":[],"class_list":{"0":"post-13079","1":"product","2":"type-product","3":"status-publish","4":"has-post-thumbnail","6":"pwb-brand-boreal","7":"product_cat-impresion","9":"first","10":"instock","11":"shipping-taxable","12":"purchasable","13":"product-type-simple"},"brands":[{"id":251,"name":"Boreal","slug":"boreal"}],"_links":{"self":[{"href":"https:\/\/aptecnologia.com.ar\/new\/wp-json\/wp\/v2\/product\/13079","targetHints":{"allow":["GET"]}}],"collection":[{"href":"https:\/\/aptecnologia.com.ar\/new\/wp-json\/wp\/v2\/product"}],"about":[{"href":"https:\/\/aptecnologia.com.ar\/new\/wp-json\/wp\/v2\/types\/product"}],"replies":[{"embeddable":true,"href":"https:\/\/aptecnologia.com.ar\/new\/wp-json\/wp\/v2\/comments?post=13079"}],"version-history":[{"count":0,"href":"https:\/\/aptecnologia.com.ar\/new\/wp-json\/wp\/v2\/product\/13079\/revisions"}],"wp:featuredmedia":[{"embeddable":true,"href":"https:\/\/aptecnologia.com.ar\/new\/wp-json\/wp\/v2\/media\/13080"}],"wp:attachment":[{"href":"https:\/\/aptecnologia.com.ar\/new\/wp-json\/wp\/v2\/media?parent=13079"}],"wp:term":[{"taxonomy":"pwb-brand","embeddable":true,"href":"https:\/\/aptecnologia.com.ar\/new\/wp-json\/wp\/v2\/pwb-brand?post=13079"},{"taxonomy":"product_cat","embeddable":true,"href":"https:\/\/aptecnologia.com.ar\/new\/wp-json\/wp\/v2\/product_cat?post=13079"},{"taxonomy":"product_tag","embeddable":true,"href":"https:\/\/aptecnologia.com.ar\/new\/wp-json\/wp\/v2\/product_tag?post=13079"}],"curies":[{"name":"wp","href":"https:\/\/api.w.org\/{rel}","templated":true}]}}