{"id":13069,"date":"2023-05-12T10:42:49","date_gmt":"2023-05-12T13:42:49","guid":{"rendered":"https:\/\/aptecnologia.com.ar\/new\/?post_type=product&#038;p=13069"},"modified":"2023-06-06T18:05:21","modified_gmt":"2023-06-06T21:05:21","slug":"pila-alcalina-d-maxell","status":"publish","type":"product","link":"https:\/\/aptecnologia.com.ar\/new\/productos\/pila-alcalina-d-maxell\/","title":{"rendered":"Pila D Alcalina &#8211; MAXELL"},"content":{"rendered":"<p>La Bater\u00eda Alcalina D MAXELL proporciona energ\u00eda duradera y fiable. Es compatible con gran variedad de productos incluyendo linternas, juguetes, mandos a distancia, detectores de humo y otros dispositivos electr\u00f3nicos peque\u00f1os. Disponible en presentaci\u00f3n de 2 Pack.<\/p>\n","protected":false},"excerpt":{"rendered":"<p>M\u00e1ximo Poder. M\u00e1xima Duraci\u00f3n.<br \/>\nBater\u00edas alcalinas de alta calidad y duraci\u00f3n para uso general.<br \/>\nDuran 10 veces m\u00e1s que las bater\u00edas comunes.<br \/>\nDe tecnolog\u00eda y calidad japonesa 100% garantizada.<br \/>\nSe recomiendan bater\u00edas alcalinas para dispositivos de baja \/ alta potencia, incluidos detectores de incendios, relojes, controles remotos y otras aplicaciones de uso constante.<br \/>\nLibres de elementos contaminantes como mercurio, cadmio, plomo.<br \/>\nNo-recargable.<br \/>\nDisponibles en AA, AAA, C, D y 9 voltios.<br \/>\nGama completa de opciones de bl\u00edster de en todos los tama\u00f1os con l\u00edneas promocionales en productos de venta clave.<\/p>\n<p>&nbsp;<\/p>\n","protected":false},"featured_media":13070,"comment_status":"open","ping_status":"closed","template":"","meta":[],"pwb-brand":[248],"product_cat":[245,71],"product_tag":[],"class_list":{"0":"post-13069","1":"product","2":"type-product","3":"status-publish","4":"has-post-thumbnail","6":"pwb-brand-maxell","7":"product_cat-pilas","8":"product_cat-hogar","10":"first","11":"outofstock","12":"shipping-taxable","13":"purchasable","14":"product-type-simple"},"brands":[{"id":248,"name":"MAXELL","slug":"maxell"}],"_links":{"self":[{"href":"https:\/\/aptecnologia.com.ar\/new\/wp-json\/wp\/v2\/product\/13069","targetHints":{"allow":["GET"]}}],"collection":[{"href":"https:\/\/aptecnologia.com.ar\/new\/wp-json\/wp\/v2\/product"}],"about":[{"href":"https:\/\/aptecnologia.com.ar\/new\/wp-json\/wp\/v2\/types\/product"}],"replies":[{"embeddable":true,"href":"https:\/\/aptecnologia.com.ar\/new\/wp-json\/wp\/v2\/comments?post=13069"}],"version-history":[{"count":0,"href":"https:\/\/aptecnologia.com.ar\/new\/wp-json\/wp\/v2\/product\/13069\/revisions"}],"wp:featuredmedia":[{"embeddable":true,"href":"https:\/\/aptecnologia.com.ar\/new\/wp-json\/wp\/v2\/media\/13070"}],"wp:attachment":[{"href":"https:\/\/aptecnologia.com.ar\/new\/wp-json\/wp\/v2\/media?parent=13069"}],"wp:term":[{"taxonomy":"pwb-brand","embeddable":true,"href":"https:\/\/aptecnologia.com.ar\/new\/wp-json\/wp\/v2\/pwb-brand?post=13069"},{"taxonomy":"product_cat","embeddable":true,"href":"https:\/\/aptecnologia.com.ar\/new\/wp-json\/wp\/v2\/product_cat?post=13069"},{"taxonomy":"product_tag","embeddable":true,"href":"https:\/\/aptecnologia.com.ar\/new\/wp-json\/wp\/v2\/product_tag?post=13069"}],"curies":[{"name":"wp","href":"https:\/\/api.w.org\/{rel}","templated":true}]}}