{"id":13066,"date":"2023-05-12T10:08:48","date_gmt":"2023-05-12T13:08:48","guid":{"rendered":"https:\/\/aptecnologia.com.ar\/new\/?post_type=product&#038;p=13066"},"modified":"2023-06-06T18:06:10","modified_gmt":"2023-06-06T21:06:10","slug":"pila-alcalina-c-maxell","status":"publish","type":"product","link":"https:\/\/aptecnologia.com.ar\/new\/productos\/pila-alcalina-c-maxell\/","title":{"rendered":"Pila C Alcalina &#8211; MAXELL"},"content":{"rendered":"<p>Las pilas C son utilizadas com\u00fanmente en juguetes, juegos para ni\u00f1os, estroboscopios fotogr\u00e1ficos, antorchas, reproductores de audio port\u00e1til, etc. Las pilas alcalinas tienen una vida de almacenamiento de alrededor de 6 a\u00f1os, Una pila C mide 50 mm de longitud y 26 mm de di\u00e1metro y un peso de 69 gramos Tambi\u00e9n est\u00e1n disponibles en recargable modelo HR14, con el mismo di\u00e1metro y grosor su peso es variable dependiendo de la capacidad del modelo. Como toda la gama de pilas recargables su voltaje es 1,2 voltios y su capacidad en mAh puede varias dependiendo de la marca y del modelo.<\/p>\n","protected":false},"excerpt":{"rendered":"<p>FABRICANTE: Maxell<br \/>\nTAMA\u00d1O DE LA PILA: C<br \/>\nVOLTAJE: 1.5<br \/>\nTECNOLOGIA: Alcalina<br \/>\nRECARGABLE: No<\/p>\n","protected":false},"featured_media":13067,"comment_status":"open","ping_status":"closed","template":"","meta":[],"pwb-brand":[248],"product_cat":[245,71],"product_tag":[],"class_list":{"0":"post-13066","1":"product","2":"type-product","3":"status-publish","4":"has-post-thumbnail","6":"pwb-brand-maxell","7":"product_cat-pilas","8":"product_cat-hogar","10":"first","11":"instock","12":"shipping-taxable","13":"purchasable","14":"product-type-simple"},"brands":[{"id":248,"name":"MAXELL","slug":"maxell"}],"_links":{"self":[{"href":"https:\/\/aptecnologia.com.ar\/new\/wp-json\/wp\/v2\/product\/13066","targetHints":{"allow":["GET"]}}],"collection":[{"href":"https:\/\/aptecnologia.com.ar\/new\/wp-json\/wp\/v2\/product"}],"about":[{"href":"https:\/\/aptecnologia.com.ar\/new\/wp-json\/wp\/v2\/types\/product"}],"replies":[{"embeddable":true,"href":"https:\/\/aptecnologia.com.ar\/new\/wp-json\/wp\/v2\/comments?post=13066"}],"version-history":[{"count":0,"href":"https:\/\/aptecnologia.com.ar\/new\/wp-json\/wp\/v2\/product\/13066\/revisions"}],"wp:featuredmedia":[{"embeddable":true,"href":"https:\/\/aptecnologia.com.ar\/new\/wp-json\/wp\/v2\/media\/13067"}],"wp:attachment":[{"href":"https:\/\/aptecnologia.com.ar\/new\/wp-json\/wp\/v2\/media?parent=13066"}],"wp:term":[{"taxonomy":"pwb-brand","embeddable":true,"href":"https:\/\/aptecnologia.com.ar\/new\/wp-json\/wp\/v2\/pwb-brand?post=13066"},{"taxonomy":"product_cat","embeddable":true,"href":"https:\/\/aptecnologia.com.ar\/new\/wp-json\/wp\/v2\/product_cat?post=13066"},{"taxonomy":"product_tag","embeddable":true,"href":"https:\/\/aptecnologia.com.ar\/new\/wp-json\/wp\/v2\/product_tag?post=13066"}],"curies":[{"name":"wp","href":"https:\/\/api.w.org\/{rel}","templated":true}]}}