{"id":13062,"date":"2023-05-11T17:42:06","date_gmt":"2023-05-11T20:42:06","guid":{"rendered":"https:\/\/aptecnologia.com.ar\/new\/?post_type=product&#038;p=13062"},"modified":"2023-05-11T17:47:49","modified_gmt":"2023-05-11T20:47:49","slug":"pila-cr-2032-3v-energizer","status":"publish","type":"product","link":"https:\/\/aptecnologia.com.ar\/new\/productos\/pila-cr-2032-3v-energizer\/","title":{"rendered":"Pila CR 2032 3V &#8211; ENERGIZER"},"content":{"rendered":"<p>Para la electr\u00f3nica de la casa, como entradas sin llave, libros electr\u00f3nicos y monitores de glucosa, Energizer\u00ae va m\u00e1s all\u00e1 de los tama\u00f1os b\u00e1sicos de bater\u00edas para brindarte todo lo que necesitas.<\/p>\n<p>Especificaciones T\u00e9cnicas<br \/>\nEnerg\u00eda confiable y responsable. Se utilizan en monitores de frecuencia card\u00edaca, entradas sin llave, monitores de glucosa, juguetes y juegos. Funcionan en temperaturas extremas de -30 a 60 \u00baC. Mantienen la carga durante 8 a\u00f1os cuando no est\u00e1n en uso.<br \/>\nTama\u00f1o de las celdas: 2032<br \/>\nIEC: CR2032<br \/>\nVolt: 3<br \/>\nReemplazo para: 5004LC, BR2032, DL2032, ECR2032, ST-T15<\/p>\n<p>Uso Recomendado<br \/>\nIdeal para monitores de frecuencia card\u00edaca, entradas sin llave, monitores de glucosa, juguetes y juegos<\/p>\n","protected":false},"excerpt":{"rendered":"<p>-Marca: ENERGIZER.<br \/>\n-Modelo: CR2032.<br \/>\n-Pila de alto rendimiento<br \/>\n-Pila de 3 Voltios<br \/>\n-F\u00f3rmula sin Mercurio y Cadmio<\/p>\n","protected":false},"featured_media":13063,"comment_status":"open","ping_status":"closed","template":"","meta":[],"pwb-brand":[247],"product_cat":[245,71],"product_tag":[],"class_list":{"0":"post-13062","1":"product","2":"type-product","3":"status-publish","4":"has-post-thumbnail","6":"pwb-brand-energizer","7":"product_cat-pilas","8":"product_cat-hogar","10":"first","11":"instock","12":"shipping-taxable","13":"purchasable","14":"product-type-simple"},"brands":[{"id":247,"name":"ENERGIZER","slug":"energizer"}],"_links":{"self":[{"href":"https:\/\/aptecnologia.com.ar\/new\/wp-json\/wp\/v2\/product\/13062","targetHints":{"allow":["GET"]}}],"collection":[{"href":"https:\/\/aptecnologia.com.ar\/new\/wp-json\/wp\/v2\/product"}],"about":[{"href":"https:\/\/aptecnologia.com.ar\/new\/wp-json\/wp\/v2\/types\/product"}],"replies":[{"embeddable":true,"href":"https:\/\/aptecnologia.com.ar\/new\/wp-json\/wp\/v2\/comments?post=13062"}],"version-history":[{"count":0,"href":"https:\/\/aptecnologia.com.ar\/new\/wp-json\/wp\/v2\/product\/13062\/revisions"}],"wp:featuredmedia":[{"embeddable":true,"href":"https:\/\/aptecnologia.com.ar\/new\/wp-json\/wp\/v2\/media\/13063"}],"wp:attachment":[{"href":"https:\/\/aptecnologia.com.ar\/new\/wp-json\/wp\/v2\/media?parent=13062"}],"wp:term":[{"taxonomy":"pwb-brand","embeddable":true,"href":"https:\/\/aptecnologia.com.ar\/new\/wp-json\/wp\/v2\/pwb-brand?post=13062"},{"taxonomy":"product_cat","embeddable":true,"href":"https:\/\/aptecnologia.com.ar\/new\/wp-json\/wp\/v2\/product_cat?post=13062"},{"taxonomy":"product_tag","embeddable":true,"href":"https:\/\/aptecnologia.com.ar\/new\/wp-json\/wp\/v2\/product_tag?post=13062"}],"curies":[{"name":"wp","href":"https:\/\/api.w.org\/{rel}","templated":true}]}}