{"id":13059,"date":"2023-05-11T17:26:57","date_gmt":"2023-05-11T20:26:57","guid":{"rendered":"https:\/\/aptecnologia.com.ar\/new\/?post_type=product&#038;p=13059"},"modified":"2023-05-11T17:33:21","modified_gmt":"2023-05-11T20:33:21","slug":"pila-aaa-alcalina-duracell","status":"publish","type":"product","link":"https:\/\/aptecnologia.com.ar\/new\/productos\/pila-aaa-alcalina-duracell\/","title":{"rendered":"Pila AAA Alcalina &#8211; DURACELL"},"content":{"rendered":"<p>Duracell desde su lanzamiento en 1965, ha crecido hasta convertirse en un \u00edcono de consumo mundial, conocido por su compromiso con la calidad, confianza e innovaci\u00f3n. Proporciona una amplia gama de pilas concebidas para su uso en dispositivos electr\u00f3nicos que requieran una alimentaci\u00f3n el\u00e9ctrica fiable.<\/p>\n","protected":false},"excerpt":{"rendered":"<ul class=\"ui-pdp-features mt-24\">\n<li class=\"ui-pdp-features__item\">Composici\u00f3n Alcalino.<\/li>\n<li class=\"ui-pdp-features__item\">1.5V.<\/li>\n<\/ul>\n","protected":false},"featured_media":13060,"comment_status":"open","ping_status":"closed","template":"","meta":[],"pwb-brand":[246],"product_cat":[245,71],"product_tag":[],"class_list":{"0":"post-13059","1":"product","2":"type-product","3":"status-publish","4":"has-post-thumbnail","6":"pwb-brand-duracell","7":"product_cat-pilas","8":"product_cat-hogar","10":"first","11":"instock","12":"shipping-taxable","13":"purchasable","14":"product-type-simple"},"brands":[{"id":246,"name":"DURACELL","slug":"duracell"}],"_links":{"self":[{"href":"https:\/\/aptecnologia.com.ar\/new\/wp-json\/wp\/v2\/product\/13059","targetHints":{"allow":["GET"]}}],"collection":[{"href":"https:\/\/aptecnologia.com.ar\/new\/wp-json\/wp\/v2\/product"}],"about":[{"href":"https:\/\/aptecnologia.com.ar\/new\/wp-json\/wp\/v2\/types\/product"}],"replies":[{"embeddable":true,"href":"https:\/\/aptecnologia.com.ar\/new\/wp-json\/wp\/v2\/comments?post=13059"}],"version-history":[{"count":0,"href":"https:\/\/aptecnologia.com.ar\/new\/wp-json\/wp\/v2\/product\/13059\/revisions"}],"wp:featuredmedia":[{"embeddable":true,"href":"https:\/\/aptecnologia.com.ar\/new\/wp-json\/wp\/v2\/media\/13060"}],"wp:attachment":[{"href":"https:\/\/aptecnologia.com.ar\/new\/wp-json\/wp\/v2\/media?parent=13059"}],"wp:term":[{"taxonomy":"pwb-brand","embeddable":true,"href":"https:\/\/aptecnologia.com.ar\/new\/wp-json\/wp\/v2\/pwb-brand?post=13059"},{"taxonomy":"product_cat","embeddable":true,"href":"https:\/\/aptecnologia.com.ar\/new\/wp-json\/wp\/v2\/product_cat?post=13059"},{"taxonomy":"product_tag","embeddable":true,"href":"https:\/\/aptecnologia.com.ar\/new\/wp-json\/wp\/v2\/product_tag?post=13059"}],"curies":[{"name":"wp","href":"https:\/\/api.w.org\/{rel}","templated":true}]}}