{"id":13056,"date":"2023-05-11T17:08:03","date_gmt":"2023-05-11T20:08:03","guid":{"rendered":"https:\/\/aptecnologia.com.ar\/new\/?post_type=product&#038;p=13056"},"modified":"2023-05-11T17:23:41","modified_gmt":"2023-05-11T20:23:41","slug":"pila-aa-alcalina-duracell","status":"publish","type":"product","link":"https:\/\/aptecnologia.com.ar\/new\/productos\/pila-aa-alcalina-duracell\/","title":{"rendered":"Pila AA Alcalina &#8211; DURACELL"},"content":{"rendered":"<p>Duracell desde su lanzamiento en 1965, ha crecido hasta convertirse en un \u00edcono de consumo mundial, conocido por su compromiso con la calidad, confianza e innovaci\u00f3n. Proporciona una amplia gama de pilas concebidas para su uso en dispositivos electr\u00f3nicos que requieran una alimentaci\u00f3n el\u00e9ctrica fiable.<\/p>\n<p>Una soluci\u00f3n para cada dispositivo<br \/>\nLas pilas alcalinas duran entre 4 y 9 veces m\u00e1s que las pilas con otras composiciones. Son las m\u00e1s comunes por su gran versatilidad, adapt\u00e1ndose a todo tipo de tama\u00f1os. Y aunque debemos desecharlas con cuidado, sus componentes son menos perjudiciales para el medio ambiente.<\/p>\n","protected":false},"excerpt":{"rendered":"<p>Las pilas Duracell AA duran hasta 10 veces m\u00e1s (pilas comunes de zinc-carb\u00f3n. Los resultados pueden variar por dispositivo)<\/p>\n","protected":false},"featured_media":13057,"comment_status":"open","ping_status":"closed","template":"","meta":[],"pwb-brand":[246],"product_cat":[245,71],"product_tag":[],"class_list":{"0":"post-13056","1":"product","2":"type-product","3":"status-publish","4":"has-post-thumbnail","6":"pwb-brand-duracell","7":"product_cat-pilas","8":"product_cat-hogar","10":"first","11":"outofstock","12":"shipping-taxable","13":"purchasable","14":"product-type-simple"},"brands":[{"id":246,"name":"DURACELL","slug":"duracell"}],"_links":{"self":[{"href":"https:\/\/aptecnologia.com.ar\/new\/wp-json\/wp\/v2\/product\/13056","targetHints":{"allow":["GET"]}}],"collection":[{"href":"https:\/\/aptecnologia.com.ar\/new\/wp-json\/wp\/v2\/product"}],"about":[{"href":"https:\/\/aptecnologia.com.ar\/new\/wp-json\/wp\/v2\/types\/product"}],"replies":[{"embeddable":true,"href":"https:\/\/aptecnologia.com.ar\/new\/wp-json\/wp\/v2\/comments?post=13056"}],"version-history":[{"count":0,"href":"https:\/\/aptecnologia.com.ar\/new\/wp-json\/wp\/v2\/product\/13056\/revisions"}],"wp:featuredmedia":[{"embeddable":true,"href":"https:\/\/aptecnologia.com.ar\/new\/wp-json\/wp\/v2\/media\/13057"}],"wp:attachment":[{"href":"https:\/\/aptecnologia.com.ar\/new\/wp-json\/wp\/v2\/media?parent=13056"}],"wp:term":[{"taxonomy":"pwb-brand","embeddable":true,"href":"https:\/\/aptecnologia.com.ar\/new\/wp-json\/wp\/v2\/pwb-brand?post=13056"},{"taxonomy":"product_cat","embeddable":true,"href":"https:\/\/aptecnologia.com.ar\/new\/wp-json\/wp\/v2\/product_cat?post=13056"},{"taxonomy":"product_tag","embeddable":true,"href":"https:\/\/aptecnologia.com.ar\/new\/wp-json\/wp\/v2\/product_tag?post=13056"}],"curies":[{"name":"wp","href":"https:\/\/api.w.org\/{rel}","templated":true}]}}