{"id":13053,"date":"2023-05-11T17:01:09","date_gmt":"2023-05-11T20:01:09","guid":{"rendered":"https:\/\/aptecnologia.com.ar\/new\/?post_type=product&#038;p=13053"},"modified":"2023-05-11T17:05:01","modified_gmt":"2023-05-11T20:05:01","slug":"pila-aaa-alcalina-energizer","status":"publish","type":"product","link":"https:\/\/aptecnologia.com.ar\/new\/productos\/pila-aaa-alcalina-energizer\/","title":{"rendered":"Pila AAA Alcalina &#8211; ENERGIZER"},"content":{"rendered":"<p>Energizer desarrolla soluciones simples para un mundo din\u00e1mico en el que abundan tanto la tecnolog\u00eda como la conectividad. Desde sus comienzos la misi\u00f3n ha sido innovar teniendo en cuenta el rendimiento y responsabilidad para poner a disposici\u00f3n la energ\u00eda necesaria y lograr un impacto positivo en las personas y en el planeta.<\/p>\n<p>Una soluci\u00f3n para cada dispositivo<br \/>\nLas pilas alcalinas duran entre 4 y 9 veces m\u00e1s que las pilas con otras composiciones. Son las m\u00e1s comunes por su gran versatilidad, adapt\u00e1ndose a todo tipo de tama\u00f1os. Y aunque debemos desecharlas con cuidado, sus componentes son menos perjudiciales para el medio ambiente.<\/p>\n","protected":false},"excerpt":{"rendered":"<ul class=\"ui-pdp-features mt-24\">\n<li class=\"ui-pdp-features__item\">Composici\u00f3n Alcalino.<\/li>\n<li class=\"ui-pdp-features__item\">1.5V.<\/li>\n<li class=\"ui-pdp-features__item\">El tiempo m\u00e1ximo de retenci\u00f3n de carga es de 10 a\u00f1os.<\/li>\n<li class=\"ui-pdp-features__item\">Sin mercurio.<\/li>\n<\/ul>\n","protected":false},"featured_media":13054,"comment_status":"open","ping_status":"closed","template":"","meta":[],"pwb-brand":[247],"product_cat":[245,71],"product_tag":[],"class_list":{"0":"post-13053","1":"product","2":"type-product","3":"status-publish","4":"has-post-thumbnail","6":"pwb-brand-energizer","7":"product_cat-pilas","8":"product_cat-hogar","10":"first","11":"instock","12":"shipping-taxable","13":"purchasable","14":"product-type-simple"},"brands":[{"id":247,"name":"ENERGIZER","slug":"energizer"}],"_links":{"self":[{"href":"https:\/\/aptecnologia.com.ar\/new\/wp-json\/wp\/v2\/product\/13053","targetHints":{"allow":["GET"]}}],"collection":[{"href":"https:\/\/aptecnologia.com.ar\/new\/wp-json\/wp\/v2\/product"}],"about":[{"href":"https:\/\/aptecnologia.com.ar\/new\/wp-json\/wp\/v2\/types\/product"}],"replies":[{"embeddable":true,"href":"https:\/\/aptecnologia.com.ar\/new\/wp-json\/wp\/v2\/comments?post=13053"}],"version-history":[{"count":0,"href":"https:\/\/aptecnologia.com.ar\/new\/wp-json\/wp\/v2\/product\/13053\/revisions"}],"wp:featuredmedia":[{"embeddable":true,"href":"https:\/\/aptecnologia.com.ar\/new\/wp-json\/wp\/v2\/media\/13054"}],"wp:attachment":[{"href":"https:\/\/aptecnologia.com.ar\/new\/wp-json\/wp\/v2\/media?parent=13053"}],"wp:term":[{"taxonomy":"pwb-brand","embeddable":true,"href":"https:\/\/aptecnologia.com.ar\/new\/wp-json\/wp\/v2\/pwb-brand?post=13053"},{"taxonomy":"product_cat","embeddable":true,"href":"https:\/\/aptecnologia.com.ar\/new\/wp-json\/wp\/v2\/product_cat?post=13053"},{"taxonomy":"product_tag","embeddable":true,"href":"https:\/\/aptecnologia.com.ar\/new\/wp-json\/wp\/v2\/product_tag?post=13053"}],"curies":[{"name":"wp","href":"https:\/\/api.w.org\/{rel}","templated":true}]}}