{"id":13045,"date":"2023-05-10T14:53:10","date_gmt":"2023-05-10T17:53:10","guid":{"rendered":"https:\/\/aptecnologia.com.ar\/new\/?post_type=product&#038;p=13045"},"modified":"2023-05-10T16:53:07","modified_gmt":"2023-05-10T19:53:07","slug":"micro-celeron-g6900-alderlake-s1700-box-intel","status":"publish","type":"product","link":"https:\/\/aptecnologia.com.ar\/new\/productos\/micro-celeron-g6900-alderlake-s1700-box-intel\/","title":{"rendered":"Micro Celeron G6900 Alderlake S1700 BOX &#8211; INTEL"},"content":{"rendered":"<p>Aumente su productividad instalando el\u00a0<b>procesador Intel Celeron G6900 de 3,4 GHz de doble n\u00facleo LGA 1700<\/b>\u00a0en su sistema inform\u00e1tico de escritorio o servidor de datos.\u00a0Este procesador de 3,4 GHz de 12.\u00aa generaci\u00f3n cuenta con dos n\u00facleos de rendimiento con 4 MB de cach\u00e9 y admite hasta 2 subprocesos, lo que proporciona la potencia para ejecutar y realizar m\u00faltiples tareas en una variedad de aplicaciones.\u00a0El Celeron G6900 tambi\u00e9n incluye soporte para PCI Express 5.0 y memoria DDR5 de dos canales, adem\u00e1s de tener gr\u00e1ficos Intel UHD 710 integrados.\u00a0Se incluye una soluci\u00f3n t\u00e9rmica Intel Laminar RS1.\u00a0El procesador es compatible con las placas base con z\u00f3calo Intel LGA 1700 y est\u00e1 respaldado por una garant\u00eda de 3 a\u00f1os.<\/p>\n","protected":false},"excerpt":{"rendered":"<ul class=\"list_dkf_HqcGmV\">\n<li class=\"listItem_dkf_HqcGmV\" data-selenium=\"sellingPointsListItem\">2 n\u00facleos y 2 hilos<\/li>\n<li class=\"listItem_dkf_HqcGmV\" data-selenium=\"sellingPointsListItem\">Velocidad de reloj de 3,4 GHz<\/li>\n<li class=\"listItem_dkf_HqcGmV\" data-selenium=\"sellingPointsListItem\">Z\u00f3calo LGA 1700<\/li>\n<li class=\"listItem_dkf_HqcGmV\" data-selenium=\"sellingPointsListItem\">Memoria cach\u00e9 de 4 MB<\/li>\n<li class=\"listItem_dkf_HqcGmV\" data-selenium=\"sellingPointsListItem\">Memoria DDR5 de doble canal<\/li>\n<li class=\"listItem_dkf_HqcGmV\" data-selenium=\"sellingPointsListItem\">Gr\u00e1ficos integrados Intel UHD 710<\/li>\n<li class=\"listItem_dkf_HqcGmV\" data-selenium=\"sellingPointsListItem\">Incluye Soluci\u00f3n T\u00e9rmica<\/li>\n<li class=\"listItem_dkf_HqcGmV\" data-selenium=\"sellingPointsListItem\">12.\u00aa generaci\u00f3n (lago Alder)<\/li>\n<\/ul>\n","protected":false},"featured_media":13046,"comment_status":"open","ping_status":"closed","template":"","meta":[],"pwb-brand":[136],"product_cat":[66,97,91],"product_tag":[],"class_list":{"0":"post-13045","1":"product","2":"type-product","3":"status-publish","4":"has-post-thumbnail","6":"pwb-brand-intel","7":"product_cat-computacion","8":"product_cat-micros","9":"product_cat-componentes","11":"first","12":"instock","13":"shipping-taxable","14":"purchasable","15":"product-type-simple"},"brands":[{"id":136,"name":"Intel","slug":"intel"}],"_links":{"self":[{"href":"https:\/\/aptecnologia.com.ar\/new\/wp-json\/wp\/v2\/product\/13045","targetHints":{"allow":["GET"]}}],"collection":[{"href":"https:\/\/aptecnologia.com.ar\/new\/wp-json\/wp\/v2\/product"}],"about":[{"href":"https:\/\/aptecnologia.com.ar\/new\/wp-json\/wp\/v2\/types\/product"}],"replies":[{"embeddable":true,"href":"https:\/\/aptecnologia.com.ar\/new\/wp-json\/wp\/v2\/comments?post=13045"}],"version-history":[{"count":0,"href":"https:\/\/aptecnologia.com.ar\/new\/wp-json\/wp\/v2\/product\/13045\/revisions"}],"wp:featuredmedia":[{"embeddable":true,"href":"https:\/\/aptecnologia.com.ar\/new\/wp-json\/wp\/v2\/media\/13046"}],"wp:attachment":[{"href":"https:\/\/aptecnologia.com.ar\/new\/wp-json\/wp\/v2\/media?parent=13045"}],"wp:term":[{"taxonomy":"pwb-brand","embeddable":true,"href":"https:\/\/aptecnologia.com.ar\/new\/wp-json\/wp\/v2\/pwb-brand?post=13045"},{"taxonomy":"product_cat","embeddable":true,"href":"https:\/\/aptecnologia.com.ar\/new\/wp-json\/wp\/v2\/product_cat?post=13045"},{"taxonomy":"product_tag","embeddable":true,"href":"https:\/\/aptecnologia.com.ar\/new\/wp-json\/wp\/v2\/product_tag?post=13045"}],"curies":[{"name":"wp","href":"https:\/\/api.w.org\/{rel}","templated":true}]}}