{"id":13023,"date":"2023-05-05T17:00:02","date_gmt":"2023-05-05T20:00:02","guid":{"rendered":"https:\/\/aptecnologia.com.ar\/new\/?post_type=product&#038;p=13023"},"modified":"2023-05-05T17:07:37","modified_gmt":"2023-05-05T20:07:37","slug":"memoria-ram-sodimm-ddr4-16gb-2666mhz-netac","status":"publish","type":"product","link":"https:\/\/aptecnologia.com.ar\/new\/productos\/memoria-ram-sodimm-ddr4-16gb-2666mhz-netac\/","title":{"rendered":"Memoria Ram Sodimm DDR4 16Gb 2666Mhz &#8211; NETAC"},"content":{"rendered":"<p>Una actualizaci\u00f3n de memoria es una de las formas m\u00e1s r\u00e1pidas, f\u00e1ciles y econ\u00f3micas de mejorar de manera inmediata el rendimiento de tu computadora. Ya sea para un ordenador port\u00e1til, de escritorio o una estaci\u00f3n de trabajo que funciona lento y relentiza tus actividades, instalar m\u00e1s memoria tomar\u00e1 solo unos minutos y te brindar\u00e1 soluciones inmediatas y duraderas a corto, mediano y largo plazo. Aceler\u00e1 y extend\u00e9 la vida \u00fatil del sistema y aprovech\u00e1 la capacidad de respuesta que te da para trabajar de manera simple y confortable. No lo dudes m\u00e1s, la memoria Crucial es una de las formas m\u00e1s accesibles para aumentar de manera f\u00e1cil la capacidad multitarea de tu computadora.<\/p>\n<p>Potenci\u00e1 tu PC<br \/>\nCon su tecnolog\u00eda DDR4, mejorar\u00e1 el desempe\u00f1o de tu equipo, ya que opera en 3 y 4 canales, generando mayor fluidez y velocidad en la transferencia de datos. \u00a1Optimiz\u00e1 al m\u00e1ximo el rendimiento de tu computadora!<\/p>\n<p>Tu equipo como nuevo<br \/>\nEsta memoria de formato SODIMM es ideal para tu Notebooks. \u00a1Instalala y comenz\u00e1 a disfrutar de un \u00f3ptimo funcionamiento!<\/p>\n<p>Velocidad para exigentes<br \/>\nSi sos fan\u00e1tico de los juegos en l\u00ednea o la us\u00e1s para trabajar con programas o aplicaciones pesadas, esta memoria es para vos. Gracias a su velocidad de 2666 MHz, podr\u00e1s disfrutar de un alto rendimiento y hacer tus trabajos de manera r\u00e1pida y efectiva.<\/p>\n","protected":false},"excerpt":{"rendered":"<ul class=\"ui-vpp-highlighted-specs__features-list\">\n<li class=\"ui-vpp-highlighted-specs__features-list-item ui-pdp-color--BLACK ui-pdp-size--XSMALL ui-pdp-family--REGULAR\">Optimiz\u00e1 el rendimiento de tu m\u00e1quina con la tecnolog\u00eda DDR4.<\/li>\n<li class=\"ui-vpp-highlighted-specs__features-list-item ui-pdp-color--BLACK ui-pdp-size--XSMALL ui-pdp-family--REGULAR\">Memoria con formato SODIMM.<\/li>\n<li class=\"ui-vpp-highlighted-specs__features-list-item ui-pdp-color--BLACK ui-pdp-size--XSMALL ui-pdp-family--REGULAR\">Alcanza una velocidad de 2666 MHz.<\/li>\n<li class=\"ui-vpp-highlighted-specs__features-list-item ui-pdp-color--BLACK ui-pdp-size--XSMALL ui-pdp-family--REGULAR\">Apta para notebooks.<\/li>\n<li class=\"ui-vpp-highlighted-specs__features-list-item ui-pdp-color--BLACK ui-pdp-size--XSMALL ui-pdp-family--REGULAR\">Cuenta con una tasa de transferencia de 21300 MB\/s.<\/li>\n<\/ul>\n","protected":false},"featured_media":13024,"comment_status":"open","ping_status":"closed","template":"","meta":[],"pwb-brand":[243],"product_cat":[66,91],"product_tag":[],"class_list":{"0":"post-13023","1":"product","2":"type-product","3":"status-publish","4":"has-post-thumbnail","6":"pwb-brand-netac","7":"product_cat-computacion","8":"product_cat-componentes","10":"first","11":"outofstock","12":"shipping-taxable","13":"purchasable","14":"product-type-simple"},"brands":[{"id":243,"name":"NETAC","slug":"netac"}],"_links":{"self":[{"href":"https:\/\/aptecnologia.com.ar\/new\/wp-json\/wp\/v2\/product\/13023","targetHints":{"allow":["GET"]}}],"collection":[{"href":"https:\/\/aptecnologia.com.ar\/new\/wp-json\/wp\/v2\/product"}],"about":[{"href":"https:\/\/aptecnologia.com.ar\/new\/wp-json\/wp\/v2\/types\/product"}],"replies":[{"embeddable":true,"href":"https:\/\/aptecnologia.com.ar\/new\/wp-json\/wp\/v2\/comments?post=13023"}],"version-history":[{"count":0,"href":"https:\/\/aptecnologia.com.ar\/new\/wp-json\/wp\/v2\/product\/13023\/revisions"}],"wp:featuredmedia":[{"embeddable":true,"href":"https:\/\/aptecnologia.com.ar\/new\/wp-json\/wp\/v2\/media\/13024"}],"wp:attachment":[{"href":"https:\/\/aptecnologia.com.ar\/new\/wp-json\/wp\/v2\/media?parent=13023"}],"wp:term":[{"taxonomy":"pwb-brand","embeddable":true,"href":"https:\/\/aptecnologia.com.ar\/new\/wp-json\/wp\/v2\/pwb-brand?post=13023"},{"taxonomy":"product_cat","embeddable":true,"href":"https:\/\/aptecnologia.com.ar\/new\/wp-json\/wp\/v2\/product_cat?post=13023"},{"taxonomy":"product_tag","embeddable":true,"href":"https:\/\/aptecnologia.com.ar\/new\/wp-json\/wp\/v2\/product_tag?post=13023"}],"curies":[{"name":"wp","href":"https:\/\/api.w.org\/{rel}","templated":true}]}}