{"id":13018,"date":"2023-05-05T15:35:32","date_gmt":"2023-05-05T18:35:32","guid":{"rendered":"https:\/\/aptecnologia.com.ar\/new\/?post_type=product&#038;p=13018"},"modified":"2023-06-28T09:13:08","modified_gmt":"2023-06-28T12:13:08","slug":"soporte-p-tv-de-17-a-42-hasta-25kg-c-brazo-mov-netmak","status":"publish","type":"product","link":"https:\/\/aptecnologia.com.ar\/new\/productos\/soporte-p-tv-de-17-a-42-hasta-25kg-c-brazo-mov-netmak\/","title":{"rendered":"Soporte p\/ TV De 17&#8243; a 42&#8243; Hasta 25kg c\/ Brazo Mov &#8211; NETMAK"},"content":{"rendered":"<p>La ubicaci\u00f3n de tu TV o monitor es de suma importancia ya que, frente a \u00e9l, compartir\u00e1s muchas horas de entretenimiento o trabajo. En tu casa o negocio, aprovech\u00e1 al m\u00e1ximo el espacio con un soporte que te brinde comodidad. \u00a1Nada mejor que tenerlo a tu alcance!<\/p>\n<p>Adaptable a tus espacios<br \/>\nObten\u00e9 el \u00e1ngulo perfecto con este soporte inclinable y articulado. Vas a poder ajustarlo a la posici\u00f3n m\u00e1s confortable para ver tus contenidos preferidos y ganar espacio.<\/p>\n<p>F\u00e1cil de instalar<br \/>\nLa norma estandarizada VESA permite conocer la distancia que existe entre los orificios de la parte trasera de la pantalla, y as\u00ed poder elegir el soporte que mejor se adapte a esa medida. Este producto cuenta con un montaje de 200&#215;200 para que puedas ubicado de manera segura.<\/p>\n","protected":false},"excerpt":{"rendered":"<p>Para pantallas de: 17\u201d &#8211; 42\u201d.<br \/>\nSoporta hasta 25kg.<br \/>\nDistancia a la pared: 6 a 20,5cm. Giro: 180\u00ba.<br \/>\nInclinaci\u00f3n: +5\u00ba a -15\u00ba.<br \/>\nVESA: M\u00e1ximo 200&#215;200.<br \/>\nSoporte fuerte y resistente.<br \/>\nF\u00e1cil instalaci\u00f3n.<br \/>\nHecho en acero de alta calidad.<\/p>\n","protected":false},"featured_media":13019,"comment_status":"open","ping_status":"closed","template":"","meta":[],"pwb-brand":[208],"product_cat":[73,67],"product_tag":[],"class_list":{"0":"post-13018","1":"product","2":"type-product","3":"status-publish","4":"has-post-thumbnail","6":"pwb-brand-netmak","7":"product_cat-tvs","8":"product_cat-audio-y-video","10":"first","11":"instock","12":"shipping-taxable","13":"purchasable","14":"product-type-simple"},"brands":[{"id":208,"name":"Netmak","slug":"netmak"}],"_links":{"self":[{"href":"https:\/\/aptecnologia.com.ar\/new\/wp-json\/wp\/v2\/product\/13018","targetHints":{"allow":["GET"]}}],"collection":[{"href":"https:\/\/aptecnologia.com.ar\/new\/wp-json\/wp\/v2\/product"}],"about":[{"href":"https:\/\/aptecnologia.com.ar\/new\/wp-json\/wp\/v2\/types\/product"}],"replies":[{"embeddable":true,"href":"https:\/\/aptecnologia.com.ar\/new\/wp-json\/wp\/v2\/comments?post=13018"}],"version-history":[{"count":0,"href":"https:\/\/aptecnologia.com.ar\/new\/wp-json\/wp\/v2\/product\/13018\/revisions"}],"wp:featuredmedia":[{"embeddable":true,"href":"https:\/\/aptecnologia.com.ar\/new\/wp-json\/wp\/v2\/media\/13019"}],"wp:attachment":[{"href":"https:\/\/aptecnologia.com.ar\/new\/wp-json\/wp\/v2\/media?parent=13018"}],"wp:term":[{"taxonomy":"pwb-brand","embeddable":true,"href":"https:\/\/aptecnologia.com.ar\/new\/wp-json\/wp\/v2\/pwb-brand?post=13018"},{"taxonomy":"product_cat","embeddable":true,"href":"https:\/\/aptecnologia.com.ar\/new\/wp-json\/wp\/v2\/product_cat?post=13018"},{"taxonomy":"product_tag","embeddable":true,"href":"https:\/\/aptecnologia.com.ar\/new\/wp-json\/wp\/v2\/product_tag?post=13018"}],"curies":[{"name":"wp","href":"https:\/\/api.w.org\/{rel}","templated":true}]}}