{"id":13014,"date":"2023-05-05T15:12:11","date_gmt":"2023-05-05T18:12:11","guid":{"rendered":"https:\/\/aptecnologia.com.ar\/new\/?post_type=product&#038;p=13014"},"modified":"2023-05-05T15:22:19","modified_gmt":"2023-05-05T18:22:19","slug":"camara-bullet-ds-2ce10df0t-pf-ir-20-mts-2mpx-2-8mm-apta-hikvision","status":"publish","type":"product","link":"https:\/\/aptecnologia.com.ar\/new\/productos\/camara-bullet-ds-2ce10df0t-pf-ir-20-mts-2mpx-2-8mm-apta-hikvision\/","title":{"rendered":"C\u00e1mara Bullet DS-2CE10DF0T-PF IR 20 MTS 2Mpx 2.8MM. Apta &#8211; HIKVISION"},"content":{"rendered":"<p>Ya no tendr\u00e1s que preocuparte por la vigilancia de tu casa o negocio. Con la c\u00e1mara Hikvision vas a tener un mayor control sobre los espacios y seguridad las 24 horas.<\/p>\n<p>Un modelo de acuerdo a tus necesidades<br \/>\nEsta c\u00e1mara tipo bala te resultar\u00e1 muy pr\u00e1ctica, ya que incluye una manija de montaje para su f\u00e1cil instalaci\u00f3n. Cuando hayas terminado de montarla, pod\u00e9s mover la c\u00e1mara para cubrir cualquier \u00e1rea espec\u00edfica que desees supervisar. Cuenta con resoluci\u00f3n de 2MP, que ofrece una vigilancia clara y precisa sobre los espacios.Adem\u00e1s, estos videos se registran a una velocidad m\u00e1xima de 30 fotogramas por segundo, por lo que obtendr\u00e1s una mayor fluidez en la imagen.<\/p>\n<p>Gracias a su funci\u00f3n de visi\u00f3n nocturna incluida, \u00a1ya no tendr\u00e1s que preocuparte porque tus espacios est\u00e9n iluminados!<\/p>\n","protected":false},"excerpt":{"rendered":"<ul class=\"ui-vpp-highlighted-specs__features-list\">\n<li class=\"ui-vpp-highlighted-specs__features-list-item ui-pdp-color--BLACK ui-pdp-size--XSMALL ui-pdp-family--REGULAR\">Definici\u00f3n de la c\u00e1mara: 2MP.<\/li>\n<li class=\"ui-vpp-highlighted-specs__features-list-item ui-pdp-color--BLACK ui-pdp-size--XSMALL ui-pdp-family--REGULAR\">Incluye visi\u00f3n nocturna.<\/li>\n<li class=\"ui-vpp-highlighted-specs__features-list-item ui-pdp-color--BLACK ui-pdp-size--XSMALL ui-pdp-family--REGULAR\">Peso: 229g.<\/li>\n<li class=\"ui-vpp-highlighted-specs__features-list-item ui-pdp-color--BLACK ui-pdp-size--XSMALL ui-pdp-family--REGULAR\">Con sensor de movimiento.<\/li>\n<li class=\"ui-vpp-highlighted-specs__features-list-item ui-pdp-color--BLACK ui-pdp-size--XSMALL ui-pdp-family--REGULAR\">Ideal para control y seguridad de hogares, oficinas y edificios.<\/li>\n<\/ul>\n","protected":false},"featured_media":13015,"comment_status":"open","ping_status":"closed","template":"","meta":[],"pwb-brand":[114],"product_cat":[112,68],"product_tag":[],"class_list":{"0":"post-13014","1":"product","2":"type-product","3":"status-publish","4":"has-post-thumbnail","6":"pwb-brand-hikvision","7":"product_cat-camaras","8":"product_cat-seguridad-y-vigilancia","10":"first","11":"instock","12":"shipping-taxable","13":"purchasable","14":"product-type-simple"},"brands":[{"id":114,"name":"Hikvision","slug":"hikvision"}],"_links":{"self":[{"href":"https:\/\/aptecnologia.com.ar\/new\/wp-json\/wp\/v2\/product\/13014","targetHints":{"allow":["GET"]}}],"collection":[{"href":"https:\/\/aptecnologia.com.ar\/new\/wp-json\/wp\/v2\/product"}],"about":[{"href":"https:\/\/aptecnologia.com.ar\/new\/wp-json\/wp\/v2\/types\/product"}],"replies":[{"embeddable":true,"href":"https:\/\/aptecnologia.com.ar\/new\/wp-json\/wp\/v2\/comments?post=13014"}],"version-history":[{"count":0,"href":"https:\/\/aptecnologia.com.ar\/new\/wp-json\/wp\/v2\/product\/13014\/revisions"}],"wp:featuredmedia":[{"embeddable":true,"href":"https:\/\/aptecnologia.com.ar\/new\/wp-json\/wp\/v2\/media\/13015"}],"wp:attachment":[{"href":"https:\/\/aptecnologia.com.ar\/new\/wp-json\/wp\/v2\/media?parent=13014"}],"wp:term":[{"taxonomy":"pwb-brand","embeddable":true,"href":"https:\/\/aptecnologia.com.ar\/new\/wp-json\/wp\/v2\/pwb-brand?post=13014"},{"taxonomy":"product_cat","embeddable":true,"href":"https:\/\/aptecnologia.com.ar\/new\/wp-json\/wp\/v2\/product_cat?post=13014"},{"taxonomy":"product_tag","embeddable":true,"href":"https:\/\/aptecnologia.com.ar\/new\/wp-json\/wp\/v2\/product_tag?post=13014"}],"curies":[{"name":"wp","href":"https:\/\/api.w.org\/{rel}","templated":true}]}}