{"id":12986,"date":"2023-05-03T13:58:46","date_gmt":"2023-05-03T16:58:46","guid":{"rendered":"https:\/\/aptecnologia.com.ar\/new\/?post_type=product&#038;p=12986"},"modified":"2024-07-30T15:25:49","modified_gmt":"2024-07-30T18:25:49","slug":"monitor-21-5-led-hdmi-philips","status":"publish","type":"product","link":"https:\/\/aptecnologia.com.ar\/new\/productos\/monitor-21-5-led-hdmi-philips\/","title":{"rendered":"Monitor 21.5&#8243; Led HDMI &#8211; PHILIPS"},"content":{"rendered":"<p>El compromiso que define a Philips es brindar a sus usuarios nuevas y evolucionadas tecnolog\u00edas. Es por ello que cuida los detalles de cada uno de sus productos para hacer la diferencia. Goz\u00e1 de una experiencia \u00fanica con este monitor que te ofrece gran calidad e innovaci\u00f3n en uno solo.<\/p>\n<p>Un monitor a tu medida<br \/>\nGracias a su pantalla LCD vas a obtener gr\u00e1ficas con gran nitidez, colores vivos y atractivos.<\/p>\n<p>Una experiencia visual de calidad<br \/>\nEste monitor de 21.5&#8243; te va a resultar c\u00f3modo para estudiar, trabajar o ver una pel\u00edcula en tus tiempos de ocio. Asimismo, su resoluci\u00f3n de 1920 x 1080 te permite disfrutar de momentos \u00fanicos gracias a una imagen de alta fidelidad. Una de sus virtudes es que posee pantalla antirreflejo, de esta manera no ver\u00e1s reflejado lo que est\u00e1 detr\u00e1s de vos y vas a evitar forzar tu vista para enfocar el contenido. Su tiempo de respuesta de 4 ms lo hace ideal para gamers y cin\u00e9filos porque es capaz de mostrar im\u00e1genes en movimiento sin halos o bordes borrosos.<\/p>\n","protected":false},"excerpt":{"rendered":"<p>-Tecnolog\u00eda de pantalla LED Full HD<br \/>\n-Resoluci\u00f3n 1920&#215;1080<br \/>\n-TV No<br \/>\n-Brillo 200cd\/m2<br \/>\n-Contraste 600:1<br \/>\n-Tiempo de respuesta 5ms<br \/>\n-\u00c1ngulo de visi\u00f3n 90\/65<br \/>\n-Entrada HDMI 1<br \/>\n-D-sub Si<\/p>\n","protected":false},"featured_media":12987,"comment_status":"open","ping_status":"closed","template":"","meta":[],"pwb-brand":[117],"product_cat":[81],"product_tag":[],"class_list":{"0":"post-12986","1":"product","2":"type-product","3":"status-publish","4":"has-post-thumbnail","6":"pwb-brand-philips","7":"product_cat-monitores","9":"first","10":"instock","11":"shipping-taxable","12":"purchasable","13":"product-type-simple"},"brands":[{"id":117,"name":"Philips","slug":"philips"}],"_links":{"self":[{"href":"https:\/\/aptecnologia.com.ar\/new\/wp-json\/wp\/v2\/product\/12986","targetHints":{"allow":["GET"]}}],"collection":[{"href":"https:\/\/aptecnologia.com.ar\/new\/wp-json\/wp\/v2\/product"}],"about":[{"href":"https:\/\/aptecnologia.com.ar\/new\/wp-json\/wp\/v2\/types\/product"}],"replies":[{"embeddable":true,"href":"https:\/\/aptecnologia.com.ar\/new\/wp-json\/wp\/v2\/comments?post=12986"}],"version-history":[{"count":1,"href":"https:\/\/aptecnologia.com.ar\/new\/wp-json\/wp\/v2\/product\/12986\/revisions"}],"predecessor-version":[{"id":15333,"href":"https:\/\/aptecnologia.com.ar\/new\/wp-json\/wp\/v2\/product\/12986\/revisions\/15333"}],"wp:featuredmedia":[{"embeddable":true,"href":"https:\/\/aptecnologia.com.ar\/new\/wp-json\/wp\/v2\/media\/12987"}],"wp:attachment":[{"href":"https:\/\/aptecnologia.com.ar\/new\/wp-json\/wp\/v2\/media?parent=12986"}],"wp:term":[{"taxonomy":"pwb-brand","embeddable":true,"href":"https:\/\/aptecnologia.com.ar\/new\/wp-json\/wp\/v2\/pwb-brand?post=12986"},{"taxonomy":"product_cat","embeddable":true,"href":"https:\/\/aptecnologia.com.ar\/new\/wp-json\/wp\/v2\/product_cat?post=12986"},{"taxonomy":"product_tag","embeddable":true,"href":"https:\/\/aptecnologia.com.ar\/new\/wp-json\/wp\/v2\/product_tag?post=12986"}],"curies":[{"name":"wp","href":"https:\/\/api.w.org\/{rel}","templated":true}]}}