{"id":12963,"date":"2023-05-02T15:33:09","date_gmt":"2023-05-02T18:33:09","guid":{"rendered":"https:\/\/aptecnologia.com.ar\/new\/?post_type=product&#038;p=12963"},"modified":"2023-05-04T15:49:56","modified_gmt":"2023-05-04T18:49:56","slug":"monitor-18-5-hd-vga-hdmi-philips","status":"publish","type":"product","link":"https:\/\/aptecnologia.com.ar\/new\/productos\/monitor-18-5-hd-vga-hdmi-philips\/","title":{"rendered":"Monitor 18.5&#8243; HD VGA\/HDMI &#8211; PHILIPS"},"content":{"rendered":"<p>TECNOLOG\u00cdA LED PARA COLORES M\u00c1S N\u00cdTIDOS La tecnolog\u00eda LED permite un mayor control de la retroiluminaci\u00f3n que el LCD, lo que da como resultado una alta relaci\u00f3n de contraste y color superior. \u2022 F\u00c1CIL AJUSTE DE RENDIMIENTO CON SMARTCONTROL LITE SmartControl Lite es un software de \u00faltima generaci\u00f3n que permite controlar el color, brillo, calibraci\u00f3n, multimedia, administraci\u00f3n de ID y m\u00e1s. \u2022 PANTALLA ECOL\u00d3GICA SIN MERCURIO No contienen mercurio, reduciendo el impacto medioambiental de la pantalla durante su vida \u00fatil, desde la fabricaci\u00f3n hasta el desecho. &#8211; Pantalla: WLED TN de 18,5&#8243; (47 cm) HD (1366 x 768 px) &#8211; \u00c1rea de visualizaci\u00f3n efectiva: 409,8 x 230,4 mm &#8211; Tama\u00f1o de p\u00edxeles: 0,30 x 0,30 mm &#8211; Relaci\u00f3n de aspecto: 16:9 &#8211; Brillo: 200 cd\/m\u00b2 &#8211; Relaci\u00f3n de contraste (est\u00e1ndar): 700:1 &#8211; Colores de pantalla: 16,7 M &#8211; Frecuencia de refresco: 60 Hz &#8211; Tiempo de respuesta (est\u00e1ndar): 5 ms &#8211; \u00c1ngulo de visualizaci\u00f3n: 90\u00ba (alto) \/ 65\u00ba (ancho) a C\/R &gt; 10 &#8211; Puertos: &#8212; 1 x VGA D-Sub (anal\u00f3gica) &#8212; 1 x HDMI (digital, HDCP) &#8211; Caracter\u00edsticas: &#8212; Sincronizaci\u00f3n separada &#8212; Sync on Green &#8211; Alimentaci\u00f3n: 100 &#8211; 240 V \/ 50\/60Hz (fuente integrada) &#8211; Consumo de energ\u00eda: &#8212; Encendido: 15,24 W (t\u00edpico) \/ 17,65 W (m\u00e1ximo) &#8212; En espera: 0,5 W &#8212; Apagado: 0,5 W &#8211; Seguridad: Ranura para candado Kensington<\/p>\n","protected":false},"excerpt":{"rendered":"<ul>\n<li>Marca:\u00a0<strong>Philips<\/strong><\/li>\n<li>\n<div class=\"short_desc\">Tiene todo el hardware necesario para admitir una entrada de interfaz multimedia de alta definici\u00f3n HDMI y permitir la transmisi\u00f3n de audio y video digital.<\/div>\n<\/li>\n<\/ul>\n","protected":false},"featured_media":12964,"comment_status":"open","ping_status":"closed","template":"","meta":[],"pwb-brand":[117],"product_cat":[81],"product_tag":[],"class_list":{"0":"post-12963","1":"product","2":"type-product","3":"status-publish","4":"has-post-thumbnail","6":"pwb-brand-philips","7":"product_cat-monitores","9":"first","10":"instock","11":"shipping-taxable","12":"purchasable","13":"product-type-simple"},"brands":[{"id":117,"name":"Philips","slug":"philips"}],"_links":{"self":[{"href":"https:\/\/aptecnologia.com.ar\/new\/wp-json\/wp\/v2\/product\/12963","targetHints":{"allow":["GET"]}}],"collection":[{"href":"https:\/\/aptecnologia.com.ar\/new\/wp-json\/wp\/v2\/product"}],"about":[{"href":"https:\/\/aptecnologia.com.ar\/new\/wp-json\/wp\/v2\/types\/product"}],"replies":[{"embeddable":true,"href":"https:\/\/aptecnologia.com.ar\/new\/wp-json\/wp\/v2\/comments?post=12963"}],"version-history":[{"count":0,"href":"https:\/\/aptecnologia.com.ar\/new\/wp-json\/wp\/v2\/product\/12963\/revisions"}],"wp:featuredmedia":[{"embeddable":true,"href":"https:\/\/aptecnologia.com.ar\/new\/wp-json\/wp\/v2\/media\/12964"}],"wp:attachment":[{"href":"https:\/\/aptecnologia.com.ar\/new\/wp-json\/wp\/v2\/media?parent=12963"}],"wp:term":[{"taxonomy":"pwb-brand","embeddable":true,"href":"https:\/\/aptecnologia.com.ar\/new\/wp-json\/wp\/v2\/pwb-brand?post=12963"},{"taxonomy":"product_cat","embeddable":true,"href":"https:\/\/aptecnologia.com.ar\/new\/wp-json\/wp\/v2\/product_cat?post=12963"},{"taxonomy":"product_tag","embeddable":true,"href":"https:\/\/aptecnologia.com.ar\/new\/wp-json\/wp\/v2\/product_tag?post=12963"}],"curies":[{"name":"wp","href":"https:\/\/api.w.org\/{rel}","templated":true}]}}