{"id":12960,"date":"2023-05-02T15:05:16","date_gmt":"2023-05-02T18:05:16","guid":{"rendered":"https:\/\/aptecnologia.com.ar\/new\/?post_type=product&#038;p=12960"},"modified":"2023-05-03T15:47:22","modified_gmt":"2023-05-03T18:47:22","slug":"cable-monitor-vga-c18-5m-netmak","status":"publish","type":"product","link":"https:\/\/aptecnologia.com.ar\/new\/productos\/cable-monitor-vga-c18-5m-netmak\/","title":{"rendered":"Cable Monitor VGA C18 5m &#8211; NETMAK"},"content":{"rendered":"<p>\u2022 Cable Vga A Vga Macho Macho 5mt.<\/p>\n<p>\u2022 Cable VGA de alta calidad para monitor, proyector y PC.<\/p>\n<p>\u2022 Conector tipo D-sub HDB15 macho en ambos extremos<\/p>\n<p>\u2022 3 hilos coaxiales (doble apantallado) para se\u00f1ales de color de alta frecuencia m\u00e1s 4 hilos adicionales para la sincronizaci\u00f3n.<\/p>\n<p>\u2022 Doble apantallado para todos los hilos para evitar p\u00e9rdida de datos e interferencias electromagn\u00e9ticas (EMI).<\/p>\n<p>\u2022 Incluye ferrita en ambos extremos para evitar interferencias de alta frecuencia.<\/p>\n<p>\u2022 Resoluci\u00f3n m\u00e1xima 2048 X 1536.<\/p>\n<p>\u2022 Ideal para una imagen perfecta.<\/p>\n","protected":false},"excerpt":{"rendered":"<p>Longitud: 5mt<\/p>\n<p>Color: negro<\/p>\n","protected":false},"featured_media":12961,"comment_status":"open","ping_status":"closed","template":"","meta":[],"pwb-brand":[208],"product_cat":[174],"product_tag":[],"class_list":{"0":"post-12960","1":"product","2":"type-product","3":"status-publish","4":"has-post-thumbnail","6":"pwb-brand-netmak","7":"product_cat-cables-y-adaptadores","9":"first","10":"instock","11":"shipping-taxable","12":"purchasable","13":"product-type-simple"},"brands":[{"id":208,"name":"Netmak","slug":"netmak"}],"_links":{"self":[{"href":"https:\/\/aptecnologia.com.ar\/new\/wp-json\/wp\/v2\/product\/12960","targetHints":{"allow":["GET"]}}],"collection":[{"href":"https:\/\/aptecnologia.com.ar\/new\/wp-json\/wp\/v2\/product"}],"about":[{"href":"https:\/\/aptecnologia.com.ar\/new\/wp-json\/wp\/v2\/types\/product"}],"replies":[{"embeddable":true,"href":"https:\/\/aptecnologia.com.ar\/new\/wp-json\/wp\/v2\/comments?post=12960"}],"version-history":[{"count":0,"href":"https:\/\/aptecnologia.com.ar\/new\/wp-json\/wp\/v2\/product\/12960\/revisions"}],"wp:featuredmedia":[{"embeddable":true,"href":"https:\/\/aptecnologia.com.ar\/new\/wp-json\/wp\/v2\/media\/12961"}],"wp:attachment":[{"href":"https:\/\/aptecnologia.com.ar\/new\/wp-json\/wp\/v2\/media?parent=12960"}],"wp:term":[{"taxonomy":"pwb-brand","embeddable":true,"href":"https:\/\/aptecnologia.com.ar\/new\/wp-json\/wp\/v2\/pwb-brand?post=12960"},{"taxonomy":"product_cat","embeddable":true,"href":"https:\/\/aptecnologia.com.ar\/new\/wp-json\/wp\/v2\/product_cat?post=12960"},{"taxonomy":"product_tag","embeddable":true,"href":"https:\/\/aptecnologia.com.ar\/new\/wp-json\/wp\/v2\/product_tag?post=12960"}],"curies":[{"name":"wp","href":"https:\/\/api.w.org\/{rel}","templated":true}]}}