{"id":12951,"date":"2023-04-28T15:36:30","date_gmt":"2023-04-28T18:36:30","guid":{"rendered":"https:\/\/aptecnologia.com.ar\/new\/?post_type=product&#038;p=12951"},"modified":"2023-05-03T16:03:11","modified_gmt":"2023-05-03T19:03:11","slug":"mousepad-gel-mediano-23-5x21cm-negro-liso-c-apoyo-netmak","status":"publish","type":"product","link":"https:\/\/aptecnologia.com.ar\/new\/productos\/mousepad-gel-mediano-23-5x21cm-negro-liso-c-apoyo-netmak\/","title":{"rendered":"Mousepad Gel Mediano 23.5x21cm Negro Liso c\/ Apoyo &#8211; NETMAK"},"content":{"rendered":"<p>Es tan f\u00e1cil deslizar el mouse. Con tu Netmak NM-PGEL podr\u00e1s llenar la pantalla de tu ordenador de clicks. Su elaborada superficie le dar\u00e1 precisi\u00f3n y comodidad a tus movimientos.<\/p>\n","protected":false},"excerpt":{"rendered":"<ul class=\"ui-pdp-features mt-24\">\n<li class=\"ui-pdp-features__item\">Color: Negro.<\/li>\n<li class=\"ui-pdp-features__item\">Incluye apoya mu\u00f1eca.<\/li>\n<li class=\"ui-pdp-features__item\">Precisi\u00f3n y comodidad en cada movimiento.<\/li>\n<li class=\"ui-pdp-features__item\">Textura uniforme para m\u00e1ximo confort.<\/li>\n<\/ul>\n","protected":false},"featured_media":12952,"comment_status":"open","ping_status":"closed","template":"","meta":[],"pwb-brand":[208],"product_cat":[116,90],"product_tag":[],"class_list":{"0":"post-12951","1":"product","2":"type-product","3":"status-publish","4":"has-post-thumbnail","6":"pwb-brand-netmak","7":"product_cat-mouses","8":"product_cat-perifericos","10":"first","11":"instock","12":"shipping-taxable","13":"purchasable","14":"product-type-simple"},"brands":[{"id":208,"name":"Netmak","slug":"netmak"}],"_links":{"self":[{"href":"https:\/\/aptecnologia.com.ar\/new\/wp-json\/wp\/v2\/product\/12951","targetHints":{"allow":["GET"]}}],"collection":[{"href":"https:\/\/aptecnologia.com.ar\/new\/wp-json\/wp\/v2\/product"}],"about":[{"href":"https:\/\/aptecnologia.com.ar\/new\/wp-json\/wp\/v2\/types\/product"}],"replies":[{"embeddable":true,"href":"https:\/\/aptecnologia.com.ar\/new\/wp-json\/wp\/v2\/comments?post=12951"}],"version-history":[{"count":0,"href":"https:\/\/aptecnologia.com.ar\/new\/wp-json\/wp\/v2\/product\/12951\/revisions"}],"wp:featuredmedia":[{"embeddable":true,"href":"https:\/\/aptecnologia.com.ar\/new\/wp-json\/wp\/v2\/media\/12952"}],"wp:attachment":[{"href":"https:\/\/aptecnologia.com.ar\/new\/wp-json\/wp\/v2\/media?parent=12951"}],"wp:term":[{"taxonomy":"pwb-brand","embeddable":true,"href":"https:\/\/aptecnologia.com.ar\/new\/wp-json\/wp\/v2\/pwb-brand?post=12951"},{"taxonomy":"product_cat","embeddable":true,"href":"https:\/\/aptecnologia.com.ar\/new\/wp-json\/wp\/v2\/product_cat?post=12951"},{"taxonomy":"product_tag","embeddable":true,"href":"https:\/\/aptecnologia.com.ar\/new\/wp-json\/wp\/v2\/product_tag?post=12951"}],"curies":[{"name":"wp","href":"https:\/\/api.w.org\/{rel}","templated":true}]}}